{"id":1220,"date":"2025-07-07T16:43:07","date_gmt":"2025-07-07T14:43:07","guid":{"rendered":"https:\/\/pogrebno.rs\/?page_id=1220"},"modified":"2025-10-09T19:15:37","modified_gmt":"2025-10-09T17:15:37","slug":"vesti","status":"publish","type":"page","link":"https:\/\/pogrebno.rs\/hr\/vesti\/","title":{"rendered":"Vijesti"},"content":{"rendered":"<div data-elementor-type=\"wp-page\" data-elementor-id=\"1220\" class=\"elementor elementor-1220\" data-elementor-post-type=\"page\">\n\t\t\t\t<div class=\"elementor-element elementor-element-3aed5ec e-con-full e-flex e-con e-parent\" data-id=\"3aed5ec\" data-element_type=\"container\" data-e-type=\"container\" data-settings=\"{&quot;background_background&quot;:&quot;classic&quot;}\">\n\t\t<div class=\"elementor-element elementor-element-eec8486 e-flex e-con-boxed e-con e-child\" data-id=\"eec8486\" data-element_type=\"container\" data-e-type=\"container\">\n\t\t\t\t\t<div class=\"e-con-inner\">\n\t\t<div class=\"elementor-element elementor-element-9748eaa e-grid e-con-full e-con e-child\" data-id=\"9748eaa\" data-element_type=\"container\" data-e-type=\"container\">\n\t\t\t\t<div class=\"elementor-element elementor-element-d145855 elementor-widget elementor-widget-image\" data-id=\"d145855\" data-element_type=\"widget\" data-e-type=\"widget\" data-widget_type=\"image.default\">\n\t\t\t\t<div class=\"elementor-widget-container\">\n\t\t\t\t\t\t\t\t\t\t\t\t\t\t\t<img fetchpriority=\"high\" decoding=\"async\" width=\"630\" height=\"275\" src=\"https:\/\/pogrebno.rs\/wp-content\/uploads\/2025\/05\/Ljiljan-levi.webp\" class=\"attachment-large size-large wp-image-97\" alt=\"\" srcset=\"https:\/\/pogrebno.rs\/wp-content\/uploads\/2025\/05\/Ljiljan-levi.webp 630w, https:\/\/pogrebno.rs\/wp-content\/uploads\/2025\/05\/Ljiljan-levi-300x131.webp 300w\" sizes=\"(max-width: 630px) 100vw, 630px\" \/>\t\t\t\t\t\t\t\t\t\t\t\t\t\t\t<\/div>\n\t\t\t\t<\/div>\n\t\t\t\t<div class=\"elementor-element elementor-element-186727f elementor-widget elementor-widget-heading\" data-id=\"186727f\" data-element_type=\"widget\" data-e-type=\"widget\" data-widget_type=\"heading.default\">\n\t\t\t\t<div class=\"elementor-widget-container\">\n\t\t\t\t\t<h2 class=\"elementor-heading-title elementor-size-default\">VIJESTI<\/h2>\t\t\t\t<\/div>\n\t\t\t\t<\/div>\n\t\t\t\t<div class=\"elementor-element elementor-element-75412c6 elementor-widget elementor-widget-image\" data-id=\"75412c6\" data-element_type=\"widget\" data-e-type=\"widget\" data-widget_type=\"image.default\">\n\t\t\t\t<div class=\"elementor-widget-container\">\n\t\t\t\t\t\t\t\t\t\t\t\t\t\t\t<img decoding=\"async\" width=\"631\" height=\"275\" src=\"https:\/\/pogrebno.rs\/wp-content\/uploads\/2025\/05\/Ljiljan-desni.webp\" class=\"attachment-large size-large wp-image-98\" alt=\"\" srcset=\"https:\/\/pogrebno.rs\/wp-content\/uploads\/2025\/05\/Ljiljan-desni.webp 631w, https:\/\/pogrebno.rs\/wp-content\/uploads\/2025\/05\/Ljiljan-desni-300x131.webp 300w\" sizes=\"(max-width: 631px) 100vw, 631px\" \/>\t\t\t\t\t\t\t\t\t\t\t\t\t\t\t<\/div>\n\t\t\t\t<\/div>\n\t\t\t\t<\/div>\n\t\t<div class=\"elementor-element elementor-element-9f3cf5f e-con-full e-flex e-con e-child\" data-id=\"9f3cf5f\" data-element_type=\"container\" data-e-type=\"container\">\n\t\t<div class=\"elementor-element elementor-element-6d1a3b2 e-con-full e-flex e-con e-child\" data-id=\"6d1a3b2\" data-element_type=\"container\" data-e-type=\"container\">\n\t\t\t\t<div class=\"elementor-element elementor-element-90c310c elementor-view-default elementor-widget elementor-widget-icon\" data-id=\"90c310c\" data-element_type=\"widget\" data-e-type=\"widget\" data-widget_type=\"icon.default\">\n\t\t\t\t<div class=\"elementor-widget-container\">\n\t\t\t\t\t\t\t<div class=\"elementor-icon-wrapper\">\n\t\t\t<div class=\"elementor-icon\">\n\t\t\t<svg aria-hidden=\"true\" class=\"e-font-icon-svg e-fas-bell\" viewbox=\"0 0 448 512\" xmlns=\"http:\/\/www.w3.org\/2000\/svg\"><path d=\"M224 512c35.32 0 63.97-28.65 63.97-64H160.03c0 35.35 28.65 64 63.97 64zm215.39-149.71c-19.32-20.76-55.47-51.99-55.47-154.29 0-77.7-54.48-139.9-127.94-155.16V32c0-17.67-14.32-32-31.98-32s-31.98 14.33-31.98 32v20.84C118.56 68.1 64.08 130.3 64.08 208c0 102.3-36.15 133.53-55.47 154.29-6 6.45-8.66 14.16-8.61 21.71.11 16.4 12.98 32 32.1 32h383.8c19.12 0 32-15.6 32.1-32 .05-7.55-2.61-15.27-8.61-21.71z\"><\/path><\/svg>\t\t\t<\/div>\n\t\t<\/div>\n\t\t\t\t\t\t<\/div>\n\t\t\t\t<\/div>\n\t\t\t\t<div class=\"elementor-element elementor-element-6f5ad0e elementor-widget elementor-widget-heading\" data-id=\"6f5ad0e\" data-element_type=\"widget\" data-e-type=\"widget\" data-widget_type=\"heading.default\">\n\t\t\t\t<div class=\"elementor-widget-container\">\n\t\t\t\t\t<h2 class=\"elementor-heading-title elementor-size-default\">Aktualne vijesti<\/h2>\t\t\t\t<\/div>\n\t\t\t\t<\/div>\n\t\t\t\t<\/div>\n\t\t\t\t<div class=\"elementor-element elementor-element-b094f8e elementor-widget-divider--view-line elementor-widget elementor-widget-divider\" data-id=\"b094f8e\" data-element_type=\"widget\" data-e-type=\"widget\" data-widget_type=\"divider.default\">\n\t\t\t\t<div class=\"elementor-widget-container\">\n\t\t\t\t\t\t\t<div class=\"elementor-divider\">\n\t\t\t<span class=\"elementor-divider-separator\">\n\t\t\t\t\t\t<\/span>\n\t\t<\/div>\n\t\t\t\t\t\t<\/div>\n\t\t\t\t<\/div>\n\t\t<div class=\"elementor-element elementor-element-7511768 e-con-full e-flex e-con e-child\" data-id=\"7511768\" data-element_type=\"container\" data-e-type=\"container\">\n\t\t\t\t<div class=\"elementor-element elementor-element-d6f7ecc elementor-widget elementor-widget-tp-blog-listout\" data-id=\"d6f7ecc\" data-element_type=\"widget\" data-e-type=\"widget\" data-widget_type=\"tp-blog-listout.default\">\n\t\t\t\t<div class=\"elementor-widget-container\">\n\t\t\t\t\t<div id=\"pt-plus-blog-post-list\" class=\"blog-list post69d11d740ea7a  list-isotope-metro  blog-style-1 hover-image-style-1\"  data-layout-type=\"metro\"  data-metro-columns=\"3\"  data-metro-style=\"style-1\"   data-id=\"post69d11d740ea7a\" data-style=\"style-1\"  data-enable-isotope=\"1\"><div id=\"post69d11d740ea7a\" class=\"tp-row post-inner-loop post69d11d740ea7a\"><div class=\"grid-item metro-item1\"><article id=\"post-9002\" class=\"post-9002 post type-post status-publish format-standard has-post-thumbnail hentry category-vesti\">\n\t<div class=\"blog-list-content\">\n\t\t\t\t<div class=\"post-content-bottom\">\n\t\t\t\t\t\t\t<div class=\"post-meta-info style-1\">\n\t\t\t\t\t<span class=\"meta-date\"><a href=\"https:\/\/pogrebno.rs\/hr\/radno-vreme-za-uskrs-vaskrs-2026-god\/\"><span class=\"entry-date\">30.03.2026<\/span><\/a><\/span>\n<\/a><\/span>\n\t\t\t\t\t<span>|<\/span> <span class=\"post-author\">\n\t\t\t\t\t\tBy  \n\t\t\t\t\t\t<a href=\"https:\/\/pogrebno.rs\/hr\/author\/jkp-pogrebno\/\" rel=\"author\" class=\"fn\">\n\t\t\t\t\t\tJKP Pogrebno\t\t\t<\/a><\/span>\n\t\t\t\t<\/div>\n\t\t\t\t<h3 class=\"post-title\">\n\t<a href=\"https:\/\/pogrebno.rs\/hr\/radno-vreme-za-uskrs-vaskrs-2026-god\/\">RADNO VREME ZA USKRS\/VASKRS 2026. god.<\/a>\n<\/h3>\n\t\t\t<div class=\"post-hover-content\">\n\t\t\t\t\n<div class=\"entry-content\">\n\t<p>VIJESTI - RADNO VRIJEME ZA NADOLAZE\u0106E USKR\u0160NJE BLAGDANI 2026. god. 30.03.2026. - Od 31.03.2026.g. po\u010dinju me\u0111utermini pokopa, a od 15.04.2026. ljetni datumi sprovoda....<\/p>\n<\/div>\n\t\t\t<\/div>\n\t\t<\/div>\n\t\t\t\t<a href=\"https:\/\/pogrebno.rs\/hr\/radno-vreme-za-uskrs-vaskrs-2026-god\/\"><div class=\"blog-bg-image-metro  lazy-background\" style=\"background-image:url(https:\/\/pogrebno.rs\/wp-content\/uploads\/2026\/03\/Uskrsnja-vest.webp);\"><\/div><\/a>\n\t\t\t<\/div>\n<\/article>\n<\/div><div class=\"grid-item metro-item2\"><article id=\"post-8737\" class=\"post-8737 post type-post status-publish format-standard has-post-thumbnail hentry category-vesti\">\n\t<div class=\"blog-list-content\">\n\t\t\t\t<div class=\"post-content-bottom\">\n\t\t\t\t\t\t\t<div class=\"post-meta-info style-1\">\n\t\t\t\t\t<span class=\"meta-date\"><a href=\"https:\/\/pogrebno.rs\/hr\/obavestenje-o-otvaranju-cesmi-na-grobljima\/\"><span class=\"entry-date\">12.03.2026<\/span><\/a><\/span>\n<\/a><\/span>\n\t\t\t\t\t<span>|<\/span> <span class=\"post-author\">\n\t\t\t\t\t\tBy  \n\t\t\t\t\t\t<a href=\"https:\/\/pogrebno.rs\/hr\/author\/jkp-pogrebno\/\" rel=\"author\" class=\"fn\">\n\t\t\t\t\t\tJKP Pogrebno\t\t\t<\/a><\/span>\n\t\t\t\t<\/div>\n\t\t\t\t<h3 class=\"post-title\">\n\t<a href=\"https:\/\/pogrebno.rs\/hr\/obavestenje-o-otvaranju-cesmi-na-grobljima\/\">OBAVE\u0160TENJE O OTVARANJU \u010cESMI NA GROBLJIMA<\/a>\n<\/h3>\n\t\t\t<div class=\"post-hover-content\">\n\t\t\t\t\n<div class=\"entry-content\">\n\t<p>VESTI OBAVE\u0160TENJE O OTVARANJU \u010cESMI NA GROBLJIMA 12.03.2026ByMladen Krstin Od 11. Marta 2026. godine, \u010desme na grobljima kojima upravlja JKP Pogrebno Subotica \u0107e se sukcesivno otvarati, usled nastupanja toplijeg...<\/p>\n<\/div>\n\t\t\t<\/div>\n\t\t<\/div>\n\t\t\t\t<a href=\"https:\/\/pogrebno.rs\/hr\/obavestenje-o-otvaranju-cesmi-na-grobljima\/\"><div class=\"blog-bg-image-metro  lazy-background\" style=\"background-image:url(https:\/\/pogrebno.rs\/wp-content\/uploads\/2025\/11\/Cesma.png);\"><\/div><\/a>\n\t\t\t<\/div>\n<\/article>\n<\/div><div class=\"grid-item metro-item3\"><article id=\"post-8225\" class=\"post-8225 post type-post status-publish format-standard has-post-thumbnail hentry category-vesti\">\n\t<div class=\"blog-list-content\">\n\t\t\t\t<div class=\"post-content-bottom\">\n\t\t\t\t\t\t\t<div class=\"post-meta-info style-1\">\n\t\t\t\t\t<span class=\"meta-date\"><a href=\"https:\/\/pogrebno.rs\/hr\/radno-vreme-prodavnica-za-sretenje-2026\/\"><span class=\"entry-date\">05.02.2026<\/span><\/a><\/span>\n<\/a><\/span>\n\t\t\t\t\t<span>|<\/span> <span class=\"post-author\">\n\t\t\t\t\t\tBy  \n\t\t\t\t\t\t<a href=\"https:\/\/pogrebno.rs\/hr\/author\/jkp-pogrebno\/\" rel=\"author\" class=\"fn\">\n\t\t\t\t\t\tJKP Pogrebno\t\t\t<\/a><\/span>\n\t\t\t\t<\/div>\n\t\t\t\t<h3 class=\"post-title\">\n\t<a href=\"https:\/\/pogrebno.rs\/hr\/radno-vreme-prodavnica-za-sretenje-2026\/\">RADNO VREME PRODAVNICA ZA SRETENJE 2026.<\/a>\n<\/h3>\n\t\t\t<div class=\"post-hover-content\">\n\t\t\t\t\n<div class=\"entry-content\">\n\t<p>VESTI RADNO VREME ZA DR\u017dAVNI PRAZNIK SRETENJE Dan dr\u017eavnosti Republike Srbije 05.02.2026ByJKP Pogrebno Tokom predstoje\u0107ih praznika, JKP \u201ePogrebno\u201c Subotica \u0107e raditi po slede\u0107em radnom vremenu: DATUM KOMUNALNE USLUGE POGREBNE...<\/p>\n<\/div>\n\t\t\t<\/div>\n\t\t<\/div>\n\t\t\t\t<a href=\"https:\/\/pogrebno.rs\/hr\/radno-vreme-prodavnica-za-sretenje-2026\/\"><div class=\"blog-bg-image-metro  lazy-background\" style=\"background-image:url(https:\/\/pogrebno.rs\/wp-content\/uploads\/2026\/02\/Sretenje.webp);\"><\/div><\/a>\n\t\t\t<\/div>\n<\/article>\n<\/div><div class=\"grid-item metro-item4\"><article id=\"post-7380\" class=\"post-7380 post type-post status-publish format-standard has-post-thumbnail hentry category-vesti\">\n\t<div class=\"blog-list-content\">\n\t\t\t\t<div class=\"post-content-bottom\">\n\t\t\t\t\t\t\t<div class=\"post-meta-info style-1\">\n\t\t\t\t\t<span class=\"meta-date\"><a href=\"https:\/\/pogrebno.rs\/hr\/radno-vreme-prodavnica-za-bozicne-i-novogodisnje-praznike\/\"><span class=\"entry-date\">19.12.2025<\/span><\/a><\/span>\n<\/a><\/span>\n\t\t\t\t\t<span>|<\/span> <span class=\"post-author\">\n\t\t\t\t\t\tBy  \n\t\t\t\t\t\t<a href=\"https:\/\/pogrebno.rs\/hr\/author\/jkp-pogrebno\/\" rel=\"author\" class=\"fn\">\n\t\t\t\t\t\tJKP Pogrebno\t\t\t<\/a><\/span>\n\t\t\t\t<\/div>\n\t\t\t\t<h3 class=\"post-title\">\n\t<a href=\"https:\/\/pogrebno.rs\/hr\/radno-vreme-prodavnica-za-bozicne-i-novogodisnje-praznike\/\">RADNO VREME PRODAVNICA ZA BO\u017dI\u0106NE I NOVOGODI\u0160NJE PRAZNIKE<\/a>\n<\/h3>\n\t\t\t<div class=\"post-hover-content\">\n\t\t\t\t\n<div class=\"entry-content\">\n\t<p>VESTI RADNO VREME ZA PREDSTOJE\u0106E VERSKE I DR\u017dAVNE PRAZNIKE 19.12.2025ByJKP Pogrebno Tokom predstoje\u0107ih praznika, JKP \u201ePogrebno\u201c Subotica \u0107e raditi po slede\u0107em radnom vremenu: DATUM KOMUNALNE USLUGE POGREBNE USLUGE KANCELARIJA...<\/p>\n<\/div>\n\t\t\t<\/div>\n\t\t<\/div>\n\t\t\t\t<a href=\"https:\/\/pogrebno.rs\/hr\/radno-vreme-prodavnica-za-bozicne-i-novogodisnje-praznike\/\"><div class=\"blog-bg-image-metro  lazy-background\" style=\"background-image:url(https:\/\/pogrebno.rs\/wp-content\/uploads\/2025\/10\/cvece-jkp-pogrebno-subotic.jpg);\"><\/div><\/a>\n\t\t\t<\/div>\n<\/article>\n<\/div><div class=\"grid-item metro-item5\"><article id=\"post-6951\" class=\"post-6951 post type-post status-publish format-standard has-post-thumbnail hentry category-vesti\">\n\t<div class=\"blog-list-content\">\n\t\t\t\t<div class=\"post-content-bottom\">\n\t\t\t\t\t\t\t<div class=\"post-meta-info style-1\">\n\t\t\t\t\t<span class=\"meta-date\"><a href=\"https:\/\/pogrebno.rs\/hr\/obavestenje-o-zatvaranju-cesmi-na-grobljima\/\"><span class=\"entry-date\">25.11.2025<\/span><\/a><\/span>\n<\/a><\/span>\n\t\t\t\t\t<span>|<\/span> <span class=\"post-author\">\n\t\t\t\t\t\tBy  \n\t\t\t\t\t\t<a href=\"https:\/\/pogrebno.rs\/hr\/author\/jkp-pogrebno\/\" rel=\"author\" class=\"fn\">\n\t\t\t\t\t\tJKP Pogrebno\t\t\t<\/a><\/span>\n\t\t\t\t<\/div>\n\t\t\t\t<h3 class=\"post-title\">\n\t<a href=\"https:\/\/pogrebno.rs\/hr\/obavestenje-o-zatvaranju-cesmi-na-grobljima\/\">OBAVE\u0160TENJE O ZATVARANJU \u010cESMI NA GROBLJIMA<\/a>\n<\/h3>\n\t\t\t<div class=\"post-hover-content\">\n\t\t\t\t\n<div class=\"entry-content\">\n\t<p>VESTI OBAVE\u0160TENJE O ZATVARANJU \u010cESMI NA GROBLJIMA 25.11.2025ByJKP Pogrebno Dana 25. novembra 2025. godine, \u010desme na grobljima kojima upravlja JKP Pogrebno Subotica se zatvaraju, usled nastupanja zimskog perioda i...<\/p>\n<\/div>\n\t\t\t<\/div>\n\t\t<\/div>\n\t\t\t\t<a href=\"https:\/\/pogrebno.rs\/hr\/obavestenje-o-zatvaranju-cesmi-na-grobljima\/\"><div class=\"blog-bg-image-metro  lazy-background\" style=\"background-image:url(https:\/\/pogrebno.rs\/wp-content\/uploads\/2025\/11\/Cesma.png);\"><\/div><\/a>\n\t\t\t<\/div>\n<\/article>\n<\/div><div class=\"grid-item metro-item6\"><article id=\"post-4961\" class=\"post-4961 post type-post status-publish format-standard has-post-thumbnail hentry category-vesti\">\n\t<div class=\"blog-list-content\">\n\t\t\t\t<div class=\"post-content-bottom\">\n\t\t\t\t\t\t\t<div class=\"post-meta-info style-1\">\n\t\t\t\t\t<span class=\"meta-date\"><a href=\"https:\/\/pogrebno.rs\/hr\/akcija-obnavljanja-drvenih-nadgrobnih-obelezja\/\"><span class=\"entry-date\">12.10.2025<\/span><\/a><\/span>\n<\/a><\/span>\n\t\t\t\t\t<span>|<\/span> <span class=\"post-author\">\n\t\t\t\t\t\tBy  \n\t\t\t\t\t\t<a href=\"https:\/\/pogrebno.rs\/hr\/author\/jkp-pogrebno\/\" rel=\"author\" class=\"fn\">\n\t\t\t\t\t\tJKP Pogrebno\t\t\t<\/a><\/span>\n\t\t\t\t<\/div>\n\t\t\t\t<h3 class=\"post-title\">\n\t<a href=\"https:\/\/pogrebno.rs\/hr\/akcija-obnavljanja-drvenih-nadgrobnih-obelezja\/\">AKCIJA OBNAVLJANJA DRVENIH NADGROBNIH OBELE\u017dJA<\/a>\n<\/h3>\n\t\t\t<div class=\"post-hover-content\">\n\t\t\t\t\n<div class=\"entry-content\">\n\t<p>VESTI AKCIJA OBNAVLJANJA DRVENIH NADGROBNIH OBELE\u017dJA 12.10.2025BySava Duvnjak JKP \u201cPogrebno\u201d Subotica podse\u0107a sve gra\u0111ane i posetioce groblja da je u ovom periodu godine u toku akcija obnove drvenih nadgrobnih...<\/p>\n<\/div>\n\t\t\t<\/div>\n\t\t<\/div>\n\t\t\t\t<a href=\"https:\/\/pogrebno.rs\/hr\/akcija-obnavljanja-drvenih-nadgrobnih-obelezja\/\"><div class=\"blog-bg-image-metro  lazy-background\" style=\"background-image:url(https:\/\/pogrebno.rs\/wp-content\/uploads\/2025\/10\/JKP-Pogrebno-Subotica-direkcija.jpg);\"><\/div><\/a>\n\t\t\t<\/div>\n<\/article>\n<\/div><div class=\"grid-item metro-item7\"><article id=\"post-4952\" class=\"post-4952 post type-post status-publish format-standard has-post-thumbnail hentry category-vesti\">\n\t<div class=\"blog-list-content\">\n\t\t\t\t<div class=\"post-content-bottom\">\n\t\t\t\t\t\t\t<div class=\"post-meta-info style-1\">\n\t\t\t\t\t<span class=\"meta-date\"><a href=\"https:\/\/pogrebno.rs\/hr\/obavestenje-o-isticanju-naknada\/\"><span class=\"entry-date\">12.10.2025<\/span><\/a><\/span>\n<\/a><\/span>\n\t\t\t\t\t<span>|<\/span> <span class=\"post-author\">\n\t\t\t\t\t\tBy  \n\t\t\t\t\t\t<a href=\"https:\/\/pogrebno.rs\/hr\/author\/jkp-pogrebno\/\" rel=\"author\" class=\"fn\">\n\t\t\t\t\t\tJKP Pogrebno\t\t\t<\/a><\/span>\n\t\t\t\t<\/div>\n\t\t\t\t<h3 class=\"post-title\">\n\t<a href=\"https:\/\/pogrebno.rs\/hr\/obavestenje-o-isticanju-naknada\/\">OBAVE\u0160TENJE O ISTICANJU NAKNADA\u00a0<\/a>\n<\/h3>\n\t\t\t<div class=\"post-hover-content\">\n\t\t\t\t\n<div class=\"entry-content\">\n\t<p>VESTI OBAVE\u0160TENJE O ISTICANJU NAKNADA 12.10.2025ByJKP Pogrebno Javno komunalno preduze\u0107e \u201cPogrebno\u201d Subotica je po\u010delo da obave\u0161tava korisnike kojima isti\u010de naknada do kraja 2025. godine. Re\u010d je o tradicionalnoj godi\u0161njoj...<\/p>\n<\/div>\n\t\t\t<\/div>\n\t\t<\/div>\n\t\t\t\t<a href=\"https:\/\/pogrebno.rs\/hr\/obavestenje-o-isticanju-naknada\/\"><div class=\"blog-bg-image-metro  lazy-background\" style=\"background-image:url(https:\/\/pogrebno.rs\/wp-content\/uploads\/2025\/10\/25.jpg);\"><\/div><\/a>\n\t\t\t<\/div>\n<\/article>\n<\/div><div class=\"grid-item metro-item8\"><article id=\"post-4917\" class=\"post-4917 post type-post status-publish format-standard has-post-thumbnail hentry category-vesti\">\n\t<div class=\"blog-list-content\">\n\t\t\t\t<div class=\"post-content-bottom\">\n\t\t\t\t\t\t\t<div class=\"post-meta-info style-1\">\n\t\t\t\t\t<span class=\"meta-date\"><a href=\"https:\/\/pogrebno.rs\/hr\/radno-vreme-za-praznike\/\"><span class=\"entry-date\">10.10.2025<\/span><\/a><\/span>\n<\/a><\/span>\n\t\t\t\t\t<span>|<\/span> <span class=\"post-author\">\n\t\t\t\t\t\tBy  \n\t\t\t\t\t\t<a href=\"https:\/\/pogrebno.rs\/hr\/author\/jkp-pogrebno\/\" rel=\"author\" class=\"fn\">\n\t\t\t\t\t\tJKP Pogrebno\t\t\t<\/a><\/span>\n\t\t\t\t<\/div>\n\t\t\t\t<h3 class=\"post-title\">\n\t<a href=\"https:\/\/pogrebno.rs\/hr\/radno-vreme-za-praznike\/\">RADNO VREME ZA PREDSTOJE\u0106E VERSKE I DR\u017dAVNI PRAZNIK<\/a>\n<\/h3>\n\t\t\t<div class=\"post-hover-content\">\n\t\t\t\t\n<div class=\"entry-content\">\n\t<p>VESTI RADNO VREME ZA PREDSTOJE\u0106E VERSKE I DR\u017dAVNE PRAZNIKE 10.10.2025ByJKP Pogrebno Tokom predstoje\u0107ih verskih praznika (Dan svih svetih, Dan mrtvih i Zadu\u0161nice), u subotu i nedelju 1. i 2....<\/p>\n<\/div>\n\t\t\t<\/div>\n\t\t<\/div>\n\t\t\t\t<a href=\"https:\/\/pogrebno.rs\/hr\/radno-vreme-za-praznike\/\"><div class=\"blog-bg-image-metro  lazy-background\" style=\"background-image:url(https:\/\/pogrebno.rs\/wp-content\/uploads\/2025\/10\/cvece-jkp-pogrebno-subotic.jpg);\"><\/div><\/a>\n\t\t\t<\/div>\n<\/article>\n<\/div><\/div><div class=\"ajax_load_more\"><a class=\"post-load-more\" data-layout=\"metro\" data-offset-posts=\"\" data-load-class=\"post69d11d740ea7a\" data-display_post=\"8\" data-post_load_more=\"4\" data-loaded_posts=\"U\u010ditano!\" data-tp_loading_text=\"U\u010ditavam...\" data-page=\"1\" data-total_page=\"3\" data-loadattr= 'eGK-D30nRw-2bee4iXIoLMt0wtHDxWArg74trJ6g8ADDD_al8wDWTnMFnd9tvjgehT6J3Bf_OrMd6n7LqJms1wg1MEA9B2q7YV-FSUxARJHY6JvCMk22PyEo4DqSdLTD6_d9xvdypif3aPwEIaG78nfFzfokYS9lKz__eRRuyTj8nVTHzMSHhy44sYkbQdvLmqi5SBTp27lCJv0WngHrVhHJwOkFbOT628DvN5uqkoT_SQCTXKaAqrlF0pp5aILDVQBSv57xwmR5gIpRBYU5kUbMezPVBTTfnaNTGDr459r5qQY_alMXi45GDokfJw9vek-Sf5Z6QjwGE4y99l8Hz-CmHfffWFg_2KvUjxakoBob5rlv0nv6qHEufIpyVcnMN6PZscj0zw8CmrEM4br7ZFdNyN7Vi-wjelayOJNCIKaVZCIub6y8ehN-TysGDD3eYRnTpdNhJAyyXdWUsawlThYKoRkMhGGArn3Cc7cz8lv9Ez9VumDHW5sYyPwqitmm-r0jYAO6tp-YBOT6aW8eiA3u3RthKoDgH73pJ-LlHaMR96FgcSubVSt8VV_5FRWrUqTvmvxEkMUJHxVjOWazQBu8yfMl2zZ4srfBpjcqRfDAUles0O6DggyEufEL39UTkc0_ERSy_kOjHi3CaLpWkCXm_a6fzXRr5ygliPthot_UbJKE3ZBsXWrM'>U\u010ditaj vi\u0161e<\/a><\/div><\/div>\t\t\t\t<\/div>\n\t\t\t\t<\/div>\n\t\t\t\t<\/div>\n\t\t\t\t<\/div>\n\t\t\t\t\t<\/div>\n\t\t\t\t<\/div>\n\t\t\t\t<\/div>\n\t\t\t\t<\/div>","protected":false},"excerpt":{"rendered":"<p>VESTI Aktuelne vesti 28.09.2025 | By JKP Pogrebno ZAVR\u0160ENO POSTAVLJANJE OGRADA NA PALI\u0106KOM GROBLJU VESTI ZAVR\u0160ENO POSTAVLJANJE OGRADA NA PALI\u0106KOM GROBLJU Tokom leta JKP \u201ePogrebno\u201c Subotica je zavr\u0161ilo postavljanje ograda na Pali\u0107kom groblju. Na taj na\u010din je sa frontalne strane, odnosno du\u017e Lova\u010dke&#8230; 27.09.2025 | By JKP Pogrebno NASTAVLJENO ASFALTIRANJE NA BAJSKOM GROBLJU VESTI NASTAVLJENO [&hellip;]<\/p>\n","protected":false},"author":1,"featured_media":0,"parent":0,"menu_order":0,"comment_status":"closed","ping_status":"closed","template":"elementor_header_footer","meta":{"_acf_changed":false,"_eb_attr":"","footnotes":""},"kategorija_dokumenata":[],"class_list":["post-1220","page","type-page","status-publish","hentry"],"acf":[],"_links":{"self":[{"href":"https:\/\/pogrebno.rs\/hr\/wp-json\/wp\/v2\/pages\/1220","targetHints":{"allow":["GET"]}}],"collection":[{"href":"https:\/\/pogrebno.rs\/hr\/wp-json\/wp\/v2\/pages"}],"about":[{"href":"https:\/\/pogrebno.rs\/hr\/wp-json\/wp\/v2\/types\/page"}],"author":[{"embeddable":true,"href":"https:\/\/pogrebno.rs\/hr\/wp-json\/wp\/v2\/users\/1"}],"replies":[{"embeddable":true,"href":"https:\/\/pogrebno.rs\/hr\/wp-json\/wp\/v2\/comments?post=1220"}],"version-history":[{"count":43,"href":"https:\/\/pogrebno.rs\/hr\/wp-json\/wp\/v2\/pages\/1220\/revisions"}],"predecessor-version":[{"id":4726,"href":"https:\/\/pogrebno.rs\/hr\/wp-json\/wp\/v2\/pages\/1220\/revisions\/4726"}],"wp:attachment":[{"href":"https:\/\/pogrebno.rs\/hr\/wp-json\/wp\/v2\/media?parent=1220"}],"wp:term":[{"taxonomy":"kategorija_dokumenata","embeddable":true,"href":"https:\/\/pogrebno.rs\/hr\/wp-json\/wp\/v2\/kategorija_dokumenata?post=1220"}],"curies":[{"name":"wp","href":"https:\/\/api.w.org\/{rel}","templated":true}]}}