{"id":2176,"date":"2025-09-07T13:33:11","date_gmt":"2025-09-07T11:33:11","guid":{"rendered":"https:\/\/pogrebno.rs\/?page_id=2176"},"modified":"2025-10-09T19:07:32","modified_gmt":"2025-10-09T17:07:32","slug":"prijava-smrtnog-slucaja","status":"publish","type":"page","link":"https:\/\/pogrebno.rs\/hr\/prijava-smrtnog-slucaja\/","title":{"rendered":"Prijava smrtnog slu\u010daja"},"content":{"rendered":"<div data-elementor-type=\"wp-page\" data-elementor-id=\"2176\" class=\"elementor elementor-2176\" data-elementor-post-type=\"page\">\n\t\t\t\t<div class=\"elementor-element elementor-element-effe4bd e-con-full e-flex e-con e-parent\" data-id=\"effe4bd\" data-element_type=\"container\" data-e-type=\"container\" data-settings=\"{&quot;background_background&quot;:&quot;classic&quot;}\">\n\t\t<div class=\"elementor-element elementor-element-60d1e4e e-con-full e-flex e-con e-child\" data-id=\"60d1e4e\" data-element_type=\"container\" data-e-type=\"container\">\n\t\t<div class=\"elementor-element elementor-element-f07d6cc e-grid e-con-full e-con e-child\" data-id=\"f07d6cc\" data-element_type=\"container\" data-e-type=\"container\">\n\t\t\t\t<div class=\"elementor-element elementor-element-20ba299 elementor-widget__width-initial elementor-widget elementor-widget-image\" data-id=\"20ba299\" data-element_type=\"widget\" data-e-type=\"widget\" data-widget_type=\"image.default\">\n\t\t\t\t<div class=\"elementor-widget-container\">\n\t\t\t\t\t\t\t\t\t\t\t\t\t\t\t<img fetchpriority=\"high\" decoding=\"async\" width=\"630\" height=\"275\" src=\"https:\/\/pogrebno.rs\/wp-content\/uploads\/2025\/05\/Ljiljan-levi.webp\" class=\"attachment-large size-large wp-image-97\" alt=\"\" srcset=\"https:\/\/pogrebno.rs\/wp-content\/uploads\/2025\/05\/Ljiljan-levi.webp 630w, https:\/\/pogrebno.rs\/wp-content\/uploads\/2025\/05\/Ljiljan-levi-300x131.webp 300w\" sizes=\"(max-width: 630px) 100vw, 630px\" \/>\t\t\t\t\t\t\t\t\t\t\t\t\t\t\t<\/div>\n\t\t\t\t<\/div>\n\t\t\t\t<div class=\"elementor-element elementor-element-8f3c60f elementor-widget elementor-widget-heading\" data-id=\"8f3c60f\" data-element_type=\"widget\" data-e-type=\"widget\" data-widget_type=\"heading.default\">\n\t\t\t\t<div class=\"elementor-widget-container\">\n\t\t\t\t\t<h2 class=\"elementor-heading-title elementor-size-default\">KAKO PRIJAVITI SMRTNI SLU\u010cAJ I ORGANIZOVATI SAHRANU<\/h2>\t\t\t\t<\/div>\n\t\t\t\t<\/div>\n\t\t\t\t<div class=\"elementor-element elementor-element-801092a elementor-widget-tablet__width-initial elementor-widget-mobile__width-initial elementor-widget elementor-widget-image\" data-id=\"801092a\" data-element_type=\"widget\" data-e-type=\"widget\" data-widget_type=\"image.default\">\n\t\t\t\t<div class=\"elementor-widget-container\">\n\t\t\t\t\t\t\t\t\t\t\t\t\t\t\t<img decoding=\"async\" width=\"631\" height=\"275\" src=\"https:\/\/pogrebno.rs\/wp-content\/uploads\/2025\/05\/Ljiljan-desni.webp\" class=\"attachment-large size-large wp-image-98\" alt=\"\" srcset=\"https:\/\/pogrebno.rs\/wp-content\/uploads\/2025\/05\/Ljiljan-desni.webp 631w, https:\/\/pogrebno.rs\/wp-content\/uploads\/2025\/05\/Ljiljan-desni-300x131.webp 300w\" sizes=\"(max-width: 631px) 100vw, 631px\" \/>\t\t\t\t\t\t\t\t\t\t\t\t\t\t\t<\/div>\n\t\t\t\t<\/div>\n\t\t\t\t<\/div>\n\t\t\t\t<\/div>\n\t\t<div class=\"elementor-element elementor-element-208a87f e-con-full e-flex e-con e-child\" data-id=\"208a87f\" data-element_type=\"container\" data-e-type=\"container\">\n\t\t\t\t<div class=\"elementor-element elementor-element-c5128db elementor-widget elementor-widget-heading\" data-id=\"c5128db\" data-element_type=\"widget\" data-e-type=\"widget\" data-widget_type=\"heading.default\">\n\t\t\t\t<div class=\"elementor-widget-container\">\n\t\t\t\t\t<h2 class=\"elementor-heading-title elementor-size-default\">SMRTNI SLU\u010cAJ U KU\u0106I<\/h2>\t\t\t\t<\/div>\n\t\t\t\t<\/div>\n\t\t<div class=\"elementor-element elementor-element-1dfd1da e-con-full e-flex e-con e-child\" data-id=\"1dfd1da\" data-element_type=\"container\" data-e-type=\"container\" data-settings=\"{&quot;background_background&quot;:&quot;classic&quot;}\">\n\t\t\t\t<div class=\"elementor-element elementor-element-7178432 elementor-widget elementor-widget-text-editor\" data-id=\"7178432\" data-element_type=\"widget\" data-e-type=\"widget\" data-widget_type=\"text-editor.default\">\n\t\t\t\t<div class=\"elementor-widget-container\">\n\t\t\t\t\t\t\t\t\t<p>Prijava smrtnog slu\u010daja u ku\u0107i (uop\u0161te, mo\u017ee nastupiti i na ulici \u2013 dakle, van zdravstevene ustanove ili bolnice) se vr\u0161i na telefon 194, Slu\u017ebe hitne medicinske pomo\u0107i Doma zdravlja Subotica, ili (u prigradskim mestima) u najbli\u017eoj ambulanti Doma zdravlja Subotica.<br \/>Nakon \u0161to dobijete Urgentni protokol ili Sprovodnicu (lekarske potvrde o uzroku i vremenu smrti) pozovite de\u017eurni telefon J\u041aP &#8222;Pogrebno&#8220; Subotica 024 66 55 44 ili 062 66 55 40 (poziv\/Viber\/WhatsApp), radi dogovora oko prevoza pokojnice\/pokojnika.<\/p>\t\t\t\t\t\t\t\t<\/div>\n\t\t\t\t<\/div>\n\t\t\t\t<\/div>\n\t\t\t\t<\/div>\n\t\t<div class=\"elementor-element elementor-element-3c1ff9d e-con-full e-flex e-con e-child\" data-id=\"3c1ff9d\" data-element_type=\"container\" data-e-type=\"container\">\n\t\t\t\t<div class=\"elementor-element elementor-element-d3d8ddb elementor-widget elementor-widget-heading\" data-id=\"d3d8ddb\" data-element_type=\"widget\" data-e-type=\"widget\" data-widget_type=\"heading.default\">\n\t\t\t\t<div class=\"elementor-widget-container\">\n\t\t\t\t\t<h2 class=\"elementor-heading-title elementor-size-default\">SMRTNI SLU\u010cAJ U BOLNICI<\/h2>\t\t\t\t<\/div>\n\t\t\t\t<\/div>\n\t\t<div class=\"elementor-element elementor-element-7ba7123 e-con-full e-flex e-con e-child\" data-id=\"7ba7123\" data-element_type=\"container\" data-e-type=\"container\" data-settings=\"{&quot;background_background&quot;:&quot;classic&quot;}\">\n\t\t\t\t<div class=\"elementor-element elementor-element-e79b3d6 elementor-widget elementor-widget-text-editor\" data-id=\"e79b3d6\" data-element_type=\"widget\" data-e-type=\"widget\" data-widget_type=\"text-editor.default\">\n\t\t\t\t<div class=\"elementor-widget-container\">\n\t\t\t\t\t\t\t\t\t<p>Nakon smrtnog slu\u010daja u bolnici potrebno je uraditi slede\u0107e:<\/p><ol><li>uzeti Sprovodnicu (lekarska potvrda o uzroku i vremenu nastupanja smrti), koja se dobija na odeljenju gde se desio smrtni slu\u010daj i oti\u0107i na odeljenje Patologije (podrumski nivo);<\/li><li>sa Sprovodnicom se ide u J\u041aP &#8222;Pogrebno&#8220; Subotica, Trg \u017ertava fa\u0161izma broj 1., da se zaka\u017ee sahrana;<\/li><\/ol><p>Odelo za pokojnika se mo\u017ee predati na odeljenju Patologije patologije Op\u0161te bolnice Subotica u periodu od 7 do 12,30 \u010dasova ili doneti u J\u041aP &#8222;Pogrebno&#8220; Subotica.<\/p><p>Za zakazivanje sahrane je potrebna slede\u0107a dokumentacija:<\/p><ul><li>izvod mati\u010dne knjige umrlih,ako je smrt nastala van teritorije Grada Subotice;<\/li><li>li\u010dna karta lica koje zakazuje sahranu:<\/li><li>li\u010dna karta pokojnika,<\/li><li>knji\u017eica od grobnice ili potvrda o grobnom mestu;<\/li><li>po\u017eeljno je poneti i fotografiju, ukoliko porodica \u017eeli da posmrtnica ima fotografiju (u boji ili crno bela, mo\u017ee i u elektronskom obliku),<\/li><li>\u010dek od penzije, ako je preminuli bio penzioner bez obzira na vrstu Fonda ili korisnik porodi\u010dne penzije.<\/li><\/ul>\t\t\t\t\t\t\t\t<\/div>\n\t\t\t\t<\/div>\n\t\t\t\t<\/div>\n\t\t\t\t<\/div>\n\t\t<div class=\"elementor-element elementor-element-35db90e e-con-full e-flex e-con e-child\" data-id=\"35db90e\" data-element_type=\"container\" data-e-type=\"container\">\n\t\t\t\t<div class=\"elementor-element elementor-element-f9941b3 elementor-widget elementor-widget-heading\" data-id=\"f9941b3\" data-element_type=\"widget\" data-e-type=\"widget\" data-widget_type=\"heading.default\">\n\t\t\t\t<div class=\"elementor-widget-container\">\n\t\t\t\t\t<h2 class=\"elementor-heading-title elementor-size-default\">VA\u017dNE NAPOMENE<\/h2>\t\t\t\t<\/div>\n\t\t\t\t<\/div>\n\t\t<div class=\"elementor-element elementor-element-4c7f278 e-con-full e-flex e-con e-child\" data-id=\"4c7f278\" data-element_type=\"container\" data-e-type=\"container\" data-settings=\"{&quot;background_background&quot;:&quot;classic&quot;}\">\n\t\t\t\t<div class=\"elementor-element elementor-element-548968f elementor-widget elementor-widget-text-editor\" data-id=\"548968f\" data-element_type=\"widget\" data-e-type=\"widget\" data-widget_type=\"text-editor.default\">\n\t\t\t\t<div class=\"elementor-widget-container\">\n\t\t\t\t\t\t\t\t\t<p>Sahrane se obavljaju svakog dana, izuzev nedelje, prvog dana dr\u017eavnog praznika i za verske praznike.<br \/>Na teritoriji grada Subotica ukupno ima 28 groblja, od kojih 9 u gradu i 19 u prigradskim naseljima. J\u041aP &#8222;Pogrebno&#8220; upravlja sa 5\u00a0 grobalja u gradi i 8 u prigradskim naseljima.<br \/>Groblja u nadle\u017enosti J\u041aP &#8222;Pogrebno&#8220; Subotica u gradu su:<\/p><ul><li>Bajsko groblje,<\/li><li>\u041aersko groblje,<\/li><li>Sen\u0107ansko groblje,<\/li><li>Groblje Aleksandrovo,<\/li><li>Groblje Dudova \u0161uma;<br \/>kao i u prigradskim podru\u010djima:<\/li><li>Pali\u0107,<\/li><li>Luda\u0161,<\/li><li>Ba\u010dki vinogradi,<\/li><li>Mi\u0161i\u0107evo,<\/li><li>Gornji Tavankut,<\/li><li>Bajmok (Paprenja\u010da, Centralno i Rata).<\/li><\/ul><p>Sprovod se zakazuje uz gore navedene dokumente u dogovoru s obitelji pokojnika, najmanje 24 sata nakon smrti.<\/p><p>Ukoliko pokojnik nema obezbe\u0111eno grobno mesto, J\u041aP &#8222;Pogrebno&#8220; \u0107e porodici odnosno organizatoru sahrane ponuditi sva raspolo\u017eiva grobna mesta (op\u0161ti grob, grobnica, ure\u0111ena parcela, rozarijum ili kolumbarijum), u groblju kojim upravlja.<\/p>\t\t\t\t\t\t\t\t<\/div>\n\t\t\t\t<\/div>\n\t\t\t\t<\/div>\n\t\t\t\t<\/div>\n\t\t<div class=\"elementor-element elementor-element-aa74c08 e-con-full e-flex e-con e-child\" data-id=\"aa74c08\" data-element_type=\"container\" data-e-type=\"container\">\n\t\t\t\t<div class=\"elementor-element elementor-element-5fbd4a7 elementor-widget elementor-widget-heading\" data-id=\"5fbd4a7\" data-element_type=\"widget\" data-e-type=\"widget\" data-widget_type=\"heading.default\">\n\t\t\t\t<div class=\"elementor-widget-container\">\n\t\t\t\t\t<h2 class=\"elementor-heading-title elementor-size-default\">UMANJENJE TRO\u0160KOVA<\/h2>\t\t\t\t<\/div>\n\t\t\t\t<\/div>\n\t\t<div class=\"elementor-element elementor-element-c9caccb e-con-full e-flex e-con e-child\" data-id=\"c9caccb\" data-element_type=\"container\" data-e-type=\"container\" data-settings=\"{&quot;background_background&quot;:&quot;classic&quot;}\">\n\t\t\t\t<div class=\"elementor-element elementor-element-f465c8c elementor-widget elementor-widget-text-editor\" data-id=\"f465c8c\" data-element_type=\"widget\" data-e-type=\"widget\" data-widget_type=\"text-editor.default\">\n\t\t\t\t<div class=\"elementor-widget-container\">\n\t\t\t\t\t\t\t\t\t<p>Tro\u0161kovi sahrane se mogu umanjiti na osnovu ugovora J\u041aP &#8222;Pogrebno&#8220; Subotica i Republi\u010dkog Fonda za penzijsko i invalidsko osiguranje zaposlenih, samostalnih delatnosti ili zemljoradnika, i to uz \u010dek od penzije u iznosu od 76.369,00 dinara.<br \/>\u041aada premine penzioner, ra\u010dun se automatski umanjuje u J\u041aP &#8222;Pogrebno&#8220; Subotica i organizator sahrane pla\u0107a tako umanjen ra\u010dun, a umanjeni iznos napla\u0107uje se od Republi\u010dkog fonda za penzijsko i invalidsko osigiranje.<br \/>J\u041aP &#8222;Pogrebno&#8220; Subotica upu\u0107uje organizatore sahrane i kompletira dokumentaciju kako da ostvare prava po osnovu \u010dlanstva u Udru\u017eenju gra\u0111ana za solidarnu posmrtnu pomo\u0107 &#8222;Elizijum&#8220; iz Subotice ili po osnovu osiguranja za slu\u010daj smrti kod Dunav ili DDOR osiguravaju\u0107ih ku\u0107a.<\/p>\t\t\t\t\t\t\t\t<\/div>\n\t\t\t\t<\/div>\n\t\t\t\t<\/div>\n\t\t\t\t<\/div>\n\t\t<div class=\"elementor-element elementor-element-1340616 e-con-full e-flex e-con e-child\" data-id=\"1340616\" data-element_type=\"container\" data-e-type=\"container\">\n\t\t\t\t<div class=\"elementor-element elementor-element-043eb4f elementor-widget elementor-widget-heading\" data-id=\"043eb4f\" data-element_type=\"widget\" data-e-type=\"widget\" data-widget_type=\"heading.default\">\n\t\t\t\t<div class=\"elementor-widget-container\">\n\t\t\t\t\t<h2 class=\"elementor-heading-title elementor-size-default\">Prijevozne usluge<\/h2>\t\t\t\t<\/div>\n\t\t\t\t<\/div>\n\t\t<div class=\"elementor-element elementor-element-cf5e46c e-con-full e-flex e-con e-child\" data-id=\"cf5e46c\" data-element_type=\"container\" data-e-type=\"container\" data-settings=\"{&quot;background_background&quot;:&quot;classic&quot;}\">\n\t\t\t\t<div class=\"elementor-element elementor-element-38818a2 elementor-widget elementor-widget-text-editor\" data-id=\"38818a2\" data-element_type=\"widget\" data-e-type=\"widget\" data-widget_type=\"text-editor.default\">\n\t\t\t\t<div class=\"elementor-widget-container\">\n\t\t\t\t\t\t\t\t\t<p>J\u041aP &#8222;Pogrebno&#8220; Subotica vr\u0161i prevoz u lokalu, prigradskim mestima, zemlji i inostranstvu specijalnim atestiranim pogrebnim vozilima.<br \/>Ugovaranje transportnih usluga vr\u0161i se neposredno preko de\u017eurnog telefona 024 66 55 44, mobilnog telefona 062 66 55 40 ili li\u010dno u prostorijama J\u041aP &#8222;Pogrebno&#8220; Subotica na adresi Trg \u017ertava fa\u0161izma broj 1.<br \/>Dokumentaciju u inostranstvu obezbe\u0111uje J\u041aP &#8222;Pogrebno&#8220; Subotica.<br \/>J\u041aP &#8222;Pogrebno&#8220; Subotica vr\u0161i uslugu obezbe\u0111ivanja kompletne dokumentacije o umrlom licu za potrebe prevoza kako u zemlji tako i u inostranstvu.<\/p>\t\t\t\t\t\t\t\t<\/div>\n\t\t\t\t<\/div>\n\t\t\t\t<\/div>\n\t\t\t\t<\/div>\n\t\t<div class=\"elementor-element elementor-element-72a03f7 e-con-full e-flex e-con e-child\" data-id=\"72a03f7\" data-element_type=\"container\" data-e-type=\"container\">\n\t\t\t\t<div class=\"elementor-element elementor-element-e276ca7 elementor-widget elementor-widget-heading\" data-id=\"e276ca7\" data-element_type=\"widget\" data-e-type=\"widget\" data-widget_type=\"heading.default\">\n\t\t\t\t<div class=\"elementor-widget-container\">\n\t\t\t\t\t<h2 class=\"elementor-heading-title elementor-size-default\">\u041aremacija<\/h2>\t\t\t\t<\/div>\n\t\t\t\t<\/div>\n\t\t<div class=\"elementor-element elementor-element-668c21d e-con-full e-flex e-con e-child\" data-id=\"668c21d\" data-element_type=\"container\" data-e-type=\"container\" data-settings=\"{&quot;background_background&quot;:&quot;classic&quot;}\">\n\t\t\t\t<div class=\"elementor-element elementor-element-b65d98d elementor-widget elementor-widget-text-editor\" data-id=\"b65d98d\" data-element_type=\"widget\" data-e-type=\"widget\" data-widget_type=\"text-editor.default\">\n\t\t\t\t<div class=\"elementor-widget-container\">\n\t\t\t\t\t\t\t\t\t<p>J\u041aP &#8222;Pogrebno&#8220; Subotica vr\u0161i uslugu organizacije kremacije u Novom Sadu ili Beogradu po \u017eelji porodice preminulog.<br \/>Potrebna dokumentacija za kremaciju obezbe\u0111uje se u J\u041aP &#8222;Pogrebno&#8220; Subotica.<\/p>\t\t\t\t\t\t\t\t<\/div>\n\t\t\t\t<\/div>\n\t\t\t\t<\/div>\n\t\t\t\t<\/div>\n\t\t\t\t<\/div>\n\t\t\t\t<\/div>","protected":false},"excerpt":{"rendered":"<p>KAKO PRIJAVITI SMRTNI SLU\u010cAJ I ORGANIZOVATI SAHRANU SMRTNI SLU\u010cAJ U KU\u0106I Prijava smrtnog slu\u010daja u ku\u0107i (uop\u0161te, mo\u017ee nastupiti i na ulici \u2013 dakle, van zdravstevene ustanove ili bolnice) se vr\u0161i na telefon 194, Slu\u017ebe hitne medicinske pomo\u0107i Doma zdravlja Subotica, ili (u prigradskim mestima) u najbli\u017eoj ambulanti Doma zdravlja Subotica.Nakon \u0161to dobijete Urgentni protokol [&hellip;]<\/p>\n","protected":false},"author":1,"featured_media":0,"parent":0,"menu_order":0,"comment_status":"closed","ping_status":"closed","template":"elementor_header_footer","meta":{"_acf_changed":false,"_eb_attr":"","footnotes":""},"kategorija_dokumenata":[],"class_list":["post-2176","page","type-page","status-publish","hentry"],"acf":[],"_links":{"self":[{"href":"https:\/\/pogrebno.rs\/hr\/wp-json\/wp\/v2\/pages\/2176","targetHints":{"allow":["GET"]}}],"collection":[{"href":"https:\/\/pogrebno.rs\/hr\/wp-json\/wp\/v2\/pages"}],"about":[{"href":"https:\/\/pogrebno.rs\/hr\/wp-json\/wp\/v2\/types\/page"}],"author":[{"embeddable":true,"href":"https:\/\/pogrebno.rs\/hr\/wp-json\/wp\/v2\/users\/1"}],"replies":[{"embeddable":true,"href":"https:\/\/pogrebno.rs\/hr\/wp-json\/wp\/v2\/comments?post=2176"}],"version-history":[{"count":76,"href":"https:\/\/pogrebno.rs\/hr\/wp-json\/wp\/v2\/pages\/2176\/revisions"}],"predecessor-version":[{"id":2382,"href":"https:\/\/pogrebno.rs\/hr\/wp-json\/wp\/v2\/pages\/2176\/revisions\/2382"}],"wp:attachment":[{"href":"https:\/\/pogrebno.rs\/hr\/wp-json\/wp\/v2\/media?parent=2176"}],"wp:term":[{"taxonomy":"kategorija_dokumenata","embeddable":true,"href":"https:\/\/pogrebno.rs\/hr\/wp-json\/wp\/v2\/kategorija_dokumenata?post=2176"}],"curies":[{"name":"wp","href":"https:\/\/api.w.org\/{rel}","templated":true}]}}