{"id":2361,"date":"2025-09-10T08:18:46","date_gmt":"2025-09-10T06:18:46","guid":{"rendered":"https:\/\/pogrebno.rs\/?page_id=2361"},"modified":"2025-10-09T19:07:30","modified_gmt":"2025-10-09T17:07:30","slug":"besplatne-telefonske-linije","status":"publish","type":"page","link":"https:\/\/pogrebno.rs\/hr\/besplatne-telefonske-linije\/","title":{"rendered":"Besplatne telefonske linije"},"content":{"rendered":"<div data-elementor-type=\"wp-page\" data-elementor-id=\"2361\" class=\"elementor elementor-2361\" data-elementor-post-type=\"page\">\n\t\t\t\t<div class=\"elementor-element elementor-element-3be2257 e-con-full e-flex e-con e-parent\" data-id=\"3be2257\" data-element_type=\"container\" data-e-type=\"container\" data-settings=\"{&quot;background_background&quot;:&quot;classic&quot;}\">\n\t\t<div class=\"elementor-element elementor-element-e8f44b6 e-grid e-con-boxed e-con e-child\" data-id=\"e8f44b6\" data-element_type=\"container\" data-e-type=\"container\">\n\t\t\t\t\t<div class=\"e-con-inner\">\n\t\t\t\t<div class=\"elementor-element elementor-element-1cb7af8 elementor-widget elementor-widget-image\" data-id=\"1cb7af8\" data-element_type=\"widget\" data-e-type=\"widget\" data-widget_type=\"image.default\">\n\t\t\t\t<div class=\"elementor-widget-container\">\n\t\t\t\t\t\t\t\t\t\t\t\t\t\t\t<img fetchpriority=\"high\" decoding=\"async\" width=\"630\" height=\"275\" src=\"https:\/\/pogrebno.rs\/wp-content\/uploads\/2025\/05\/Ljiljan-levi.webp\" class=\"attachment-large size-large wp-image-97\" alt=\"\" srcset=\"https:\/\/pogrebno.rs\/wp-content\/uploads\/2025\/05\/Ljiljan-levi.webp 630w, https:\/\/pogrebno.rs\/wp-content\/uploads\/2025\/05\/Ljiljan-levi-300x131.webp 300w\" sizes=\"(max-width: 630px) 100vw, 630px\" \/>\t\t\t\t\t\t\t\t\t\t\t\t\t\t\t<\/div>\n\t\t\t\t<\/div>\n\t\t\t\t<div class=\"elementor-element elementor-element-81a88af elementor-widget elementor-widget-heading\" data-id=\"81a88af\" data-element_type=\"widget\" data-e-type=\"widget\" data-widget_type=\"heading.default\">\n\t\t\t\t<div class=\"elementor-widget-container\">\n\t\t\t\t\t<h2 class=\"elementor-heading-title elementor-size-default\">besplatne telefonske linije<\/h2>\t\t\t\t<\/div>\n\t\t\t\t<\/div>\n\t\t\t\t<div class=\"elementor-element elementor-element-97e48bb elementor-widget elementor-widget-image\" data-id=\"97e48bb\" data-element_type=\"widget\" data-e-type=\"widget\" data-widget_type=\"image.default\">\n\t\t\t\t<div class=\"elementor-widget-container\">\n\t\t\t\t\t\t\t\t\t\t\t\t\t\t\t<img decoding=\"async\" width=\"631\" height=\"275\" src=\"https:\/\/pogrebno.rs\/wp-content\/uploads\/2025\/05\/Ljiljan-desni.webp\" class=\"attachment-large size-large wp-image-98\" alt=\"\" srcset=\"https:\/\/pogrebno.rs\/wp-content\/uploads\/2025\/05\/Ljiljan-desni.webp 631w, https:\/\/pogrebno.rs\/wp-content\/uploads\/2025\/05\/Ljiljan-desni-300x131.webp 300w\" sizes=\"(max-width: 631px) 100vw, 631px\" \/>\t\t\t\t\t\t\t\t\t\t\t\t\t\t\t<\/div>\n\t\t\t\t<\/div>\n\t\t\t\t\t<\/div>\n\t\t\t\t<\/div>\n\t\t<div class=\"elementor-element elementor-element-fdd37f7 e-con-full e-flex e-con e-child\" data-id=\"fdd37f7\" data-element_type=\"container\" data-e-type=\"container\">\n\t\t\t\t<div class=\"elementor-element elementor-element-427f785 elementor-widget elementor-widget-text-editor\" data-id=\"427f785\" data-element_type=\"widget\" data-e-type=\"widget\" data-widget_type=\"text-editor.default\">\n\t\t\t\t<div class=\"elementor-widget-container\">\n\t\t\t\t\t\t\t\t\t<div class=\"rspbld-content-container\"><div class=\"rspbld-content\"><p>JKP Parking Subotica\u00a0<strong> 0800 333 024<\/strong><\/p><\/div><\/div><div class=\"rspbld-content-container\"><div class=\"rspbld-content\"><p>JKP Vodovod i kanalizacija Subotica\u00a0<strong> 0800 000 024<\/strong><\/p><\/div><\/div><div class=\"rspbld-content-container\"><div class=\"rspbld-content\"><p>JKP \u010ciso\u0107a i zelenilo<strong> 0800 151 152<\/strong><\/p><\/div><\/div><div class=\"rspbld-content-container\"><div class=\"rspbld-content\"><p>JKP Suboti\u010dka Toplana\u00a0<strong> 0800 105 100<\/strong><\/p><\/div><\/div><div class=\"rspbld-content-container\"><div class=\"rspbld-content\"><p>JKP Suboticagas<strong>\u00a0 0800 100 202<\/strong><\/p><\/div><\/div><div class=\"rspbld-content-container\"><div class=\"rspbld-content\"><p>JKP Dimni\u010dar Subotica<strong> 0800 024 022<\/strong><\/p><\/div><\/div><div class=\"rspbld-content-container\"><div class=\"rspbld-content\"><p>JKP Pogrebno Subotica<strong>\u00a0 0800 099 996<\/strong><\/p><\/div><\/div>\t\t\t\t\t\t\t\t<\/div>\n\t\t\t\t<\/div>\n\t\t\t\t<\/div>\n\t\t\t\t<\/div>\n\t\t\t\t<\/div>","protected":false},"excerpt":{"rendered":"<p>besplatne telefonske linije JKP Parking Subotica\u00a0 0800 333 024 JKP Vodovod i kanalizacija Subotica\u00a0 0800 000 024 JKP \u010ciso\u0107a i zelenilo 0800 151 152 JKP Suboti\u010dka Toplana\u00a0 0800 105 100 JKP Suboticagas\u00a0 0800 100 202 JKP Dimni\u010dar Subotica 0800 024 022 JKP Pogrebno Subotica\u00a0 0800 099 996<\/p>","protected":false},"author":1,"featured_media":0,"parent":0,"menu_order":0,"comment_status":"closed","ping_status":"closed","template":"elementor_header_footer","meta":{"_acf_changed":false,"_eb_attr":"","footnotes":""},"kategorija_dokumenata":[],"class_list":["post-2361","page","type-page","status-publish","hentry"],"acf":[],"_links":{"self":[{"href":"https:\/\/pogrebno.rs\/hr\/wp-json\/wp\/v2\/pages\/2361","targetHints":{"allow":["GET"]}}],"collection":[{"href":"https:\/\/pogrebno.rs\/hr\/wp-json\/wp\/v2\/pages"}],"about":[{"href":"https:\/\/pogrebno.rs\/hr\/wp-json\/wp\/v2\/types\/page"}],"author":[{"embeddable":true,"href":"https:\/\/pogrebno.rs\/hr\/wp-json\/wp\/v2\/users\/1"}],"replies":[{"embeddable":true,"href":"https:\/\/pogrebno.rs\/hr\/wp-json\/wp\/v2\/comments?post=2361"}],"version-history":[{"count":19,"href":"https:\/\/pogrebno.rs\/hr\/wp-json\/wp\/v2\/pages\/2361\/revisions"}],"predecessor-version":[{"id":3492,"href":"https:\/\/pogrebno.rs\/hr\/wp-json\/wp\/v2\/pages\/2361\/revisions\/3492"}],"wp:attachment":[{"href":"https:\/\/pogrebno.rs\/hr\/wp-json\/wp\/v2\/media?parent=2361"}],"wp:term":[{"taxonomy":"kategorija_dokumenata","embeddable":true,"href":"https:\/\/pogrebno.rs\/hr\/wp-json\/wp\/v2\/kategorija_dokumenata?post=2361"}],"curies":[{"name":"wp","href":"https:\/\/api.w.org\/{rel}","templated":true}]}}