{"id":2967,"date":"2025-09-23T20:08:45","date_gmt":"2025-09-23T18:08:45","guid":{"rendered":"https:\/\/pogrebno.rs\/?page_id=2967"},"modified":"2025-10-09T19:07:30","modified_gmt":"2025-10-09T17:07:30","slug":"groblje-budapest","status":"publish","type":"page","link":"https:\/\/pogrebno.rs\/hr\/groblje-budapest\/","title":{"rendered":"Groblje Budapest"},"content":{"rendered":"<div data-elementor-type=\"wp-page\" data-elementor-id=\"2967\" class=\"elementor elementor-2967\" data-elementor-post-type=\"page\">\n\t\t\t\t<div class=\"elementor-element elementor-element-2cf0e7a e-con-full e-flex e-con e-parent\" data-id=\"2cf0e7a\" data-element_type=\"container\" data-e-type=\"container\" data-settings=\"{&quot;background_background&quot;:&quot;classic&quot;}\">\n\t\t<div class=\"elementor-element elementor-element-de2444c e-con-full e-flex e-con e-child\" data-id=\"de2444c\" data-element_type=\"container\" data-e-type=\"container\">\n\t\t\t\t<div class=\"elementor-element elementor-element-cc87312 elementor-widget elementor-widget-heading\" data-id=\"cc87312\" data-element_type=\"widget\" data-e-type=\"widget\" data-widget_type=\"heading.default\">\n\t\t\t\t<div class=\"elementor-widget-container\">\n\t\t\t\t\t<h2 class=\"elementor-heading-title elementor-size-default\">Fiumei groblje Budimpe\u0161ta<\/h2>\t\t\t\t<\/div>\n\t\t\t\t<\/div>\n\t\t\t\t<div class=\"elementor-element elementor-element-6e5cbbd elementor-widget elementor-widget-text-editor\" data-id=\"6e5cbbd\" data-element_type=\"widget\" data-e-type=\"widget\" data-widget_type=\"text-editor.default\">\n\t\t\t\t<div class=\"elementor-widget-container\">\n\t\t\t\t\t\t\t\t\t<p>Groblje na putu Fiumei u Budimpe\u0161ti &#8211; Ma\u0111arska, je vi\u0161e od groblja: to je jedna od najve\u0107ih kolekcija statua u Ma\u0111arskoj, a njegovo ure\u0111eno podru\u010dje od 56 hektara nalik arboretumu ima avenije u kojima se nalazi 10 vrsta drve\u0107a i 110 razli\u010ditih vrsta ptica.<\/p><p>Groblje na putu Fiumei koje je otvoreno 1847. godine kao javno groblje u Pe\u0161ti, jedino je groblje koje je u celini nacionalni memorijal, istorijska knjiga na otvorenom dana\u0161nje Ma\u0111arske u kojoj \u0107e se na\u0107i tragovi Doba dualizma, nacionalnog razvoj, komunizam, rat za nezavisnost 1848-49 i revolucija 1956, kao i demokratski vi\u0161epartijski sistem.<\/p><p>Nacionalni park \u017ealosti koji se nalazi na Novom javnom groblju zajedno sa obli\u017enjim Kazneno-popravnim zavodom je nacionalni spomenik \u017ertvama komunizma i istovremeno odavanje po\u010dasti 1956. i 1989. Centar za posetioce izgra\u0111en na 60. godi\u0161njicu ustanka 1956. godine. a prikazivanje interaktivnog sadr\u017eaja nije zami\u0161ljeno kao muzej. On dopunjuje, sa informacijama u skladu sa na\u0161im trenutnim saznanjima, memorijalno mesto koje izaziva emocije, a istovremeno uverljivo razja\u0161njava istoriju parcela 298, 300 i 301 i pojedinaca koji u njima le\u017ee, o kojima je sada dostupno 1200 li\u010dnih biografija u bazu podataka Instituta za nacionalno nasle\u0111e.<\/p><p>Pogubljeni, ubijeni heroji i nedu\u017ene \u017ertve, od kojih su mnoge stradale u zarobljeni\u0161tvu, le\u017ee pored ratnih i obi\u010dajnopravnih zlo\u010dinaca u grobnicama koje su i danas \u010desto neobele\u017eene, zbog \u010dega se istra\u017eivanja grobova s po\u0161tovanjem nastavljaju nesmetano. Institut za nacionalnu ba\u0161tinu do\u010dekuje posetioce tematskim \u0161etnjama, nekonvencionalnim \u010dasovima istorije i projekcijama filmova.<\/p><p>1992. godine u okviru groblja otvoren je Muzej pijeteta.<\/p><p>Izvor: <a href=\"https:\/\/en.nori.gov.hu\/\">https:\/\/en.nori.gov.hu\/<\/a><\/p>\t\t\t\t\t\t\t\t<\/div>\n\t\t\t\t<\/div>\n\t\t\t\t<div class=\"elementor-element elementor-element-baf8690 elementor-widget elementor-widget-heading\" data-id=\"baf8690\" data-element_type=\"widget\" data-e-type=\"widget\" data-widget_type=\"heading.default\">\n\t\t\t\t<div class=\"elementor-widget-container\">\n\t\t\t\t\t<h2 class=\"elementor-heading-title elementor-size-default\">Kliknite za uve\u0107anje slike<\/h2>\t\t\t\t<\/div>\n\t\t\t\t<\/div>\n\t\t\t\t<div class=\"elementor-element elementor-element-dfc56f9 gallery-spacing-custom elementor-widget elementor-widget-image-gallery\" data-id=\"dfc56f9\" data-element_type=\"widget\" data-e-type=\"widget\" data-widget_type=\"image-gallery.default\">\n\t\t\t\t<div class=\"elementor-widget-container\">\n\t\t\t\t\t\t\t<div class=\"elementor-image-gallery\">\n\t\t\t<div id='gallery-1' class='gallery galleryid-2967 gallery-columns-5 gallery-size-thumbnail'><figure class='gallery-item'>\n\t\t\t<div class='gallery-icon landscape'>\n\t\t\t\t<a data-elementor-open-lightbox=\"yes\" data-elementor-lightbox-slideshow=\"dfc56f9\" data-elementor-lightbox-title=\"Fiumei-001\" data-e-action-hash=\"#elementor-action%3Aaction%3Dlightbox%26settings%3DeyJpZCI6MzkxNiwidXJsIjoiaHR0cHM6XC9cL3BvZ3JlYm5vLnJzXC93cC1jb250ZW50XC91cGxvYWRzXC8yMDI1XC8xMFwvRml1bWVpLTAwMS53ZWJwIiwic2xpZGVzaG93IjoiZGZjNTZmOSJ9\" href='https:\/\/pogrebno.rs\/wp-content\/uploads\/2025\/10\/Fiumei-001.webp'><img decoding=\"async\" width=\"150\" height=\"150\" src=\"https:\/\/pogrebno.rs\/wp-content\/uploads\/2025\/10\/Fiumei-001-150x150.webp\" class=\"attachment-thumbnail size-thumbnail\" alt=\"\" \/><\/a>\n\t\t\t<\/div><\/figure><figure class='gallery-item'>\n\t\t\t<div class='gallery-icon landscape'>\n\t\t\t\t<a data-elementor-open-lightbox=\"yes\" data-elementor-lightbox-slideshow=\"dfc56f9\" data-elementor-lightbox-title=\"Fiumei-002\" data-e-action-hash=\"#elementor-action%3Aaction%3Dlightbox%26settings%3DeyJpZCI6MzkxNywidXJsIjoiaHR0cHM6XC9cL3BvZ3JlYm5vLnJzXC93cC1jb250ZW50XC91cGxvYWRzXC8yMDI1XC8xMFwvRml1bWVpLTAwMi53ZWJwIiwic2xpZGVzaG93IjoiZGZjNTZmOSJ9\" href='https:\/\/pogrebno.rs\/wp-content\/uploads\/2025\/10\/Fiumei-002.webp'><img decoding=\"async\" width=\"150\" height=\"150\" src=\"https:\/\/pogrebno.rs\/wp-content\/uploads\/2025\/10\/Fiumei-002-150x150.webp\" class=\"attachment-thumbnail size-thumbnail\" alt=\"\" \/><\/a>\n\t\t\t<\/div><\/figure><figure class='gallery-item'>\n\t\t\t<div class='gallery-icon landscape'>\n\t\t\t\t<a data-elementor-open-lightbox=\"yes\" data-elementor-lightbox-slideshow=\"dfc56f9\" data-elementor-lightbox-title=\"Fiumei-003\" data-e-action-hash=\"#elementor-action%3Aaction%3Dlightbox%26settings%3DeyJpZCI6MzkxOCwidXJsIjoiaHR0cHM6XC9cL3BvZ3JlYm5vLnJzXC93cC1jb250ZW50XC91cGxvYWRzXC8yMDI1XC8xMFwvRml1bWVpLTAwMy53ZWJwIiwic2xpZGVzaG93IjoiZGZjNTZmOSJ9\" href='https:\/\/pogrebno.rs\/wp-content\/uploads\/2025\/10\/Fiumei-003.webp'><img decoding=\"async\" width=\"150\" height=\"150\" src=\"https:\/\/pogrebno.rs\/wp-content\/uploads\/2025\/10\/Fiumei-003-150x150.webp\" class=\"attachment-thumbnail size-thumbnail\" alt=\"\" \/><\/a>\n\t\t\t<\/div><\/figure><figure class='gallery-item'>\n\t\t\t<div class='gallery-icon landscape'>\n\t\t\t\t<a data-elementor-open-lightbox=\"yes\" data-elementor-lightbox-slideshow=\"dfc56f9\" data-elementor-lightbox-title=\"Fiumei-004\" data-e-action-hash=\"#elementor-action%3Aaction%3Dlightbox%26settings%3DeyJpZCI6MzkxOSwidXJsIjoiaHR0cHM6XC9cL3BvZ3JlYm5vLnJzXC93cC1jb250ZW50XC91cGxvYWRzXC8yMDI1XC8xMFwvRml1bWVpLTAwNC53ZWJwIiwic2xpZGVzaG93IjoiZGZjNTZmOSJ9\" href='https:\/\/pogrebno.rs\/wp-content\/uploads\/2025\/10\/Fiumei-004.webp'><img loading=\"lazy\" decoding=\"async\" width=\"150\" height=\"150\" src=\"https:\/\/pogrebno.rs\/wp-content\/uploads\/2025\/10\/Fiumei-004-150x150.webp\" class=\"attachment-thumbnail size-thumbnail\" alt=\"\" \/><\/a>\n\t\t\t<\/div><\/figure><figure class='gallery-item'>\n\t\t\t<div class='gallery-icon landscape'>\n\t\t\t\t<a data-elementor-open-lightbox=\"yes\" data-elementor-lightbox-slideshow=\"dfc56f9\" data-elementor-lightbox-title=\"Fiumei-005\" data-e-action-hash=\"#elementor-action%3Aaction%3Dlightbox%26settings%3DeyJpZCI6MzkyMCwidXJsIjoiaHR0cHM6XC9cL3BvZ3JlYm5vLnJzXC93cC1jb250ZW50XC91cGxvYWRzXC8yMDI1XC8xMFwvRml1bWVpLTAwNS53ZWJwIiwic2xpZGVzaG93IjoiZGZjNTZmOSJ9\" href='https:\/\/pogrebno.rs\/wp-content\/uploads\/2025\/10\/Fiumei-005.webp'><img loading=\"lazy\" decoding=\"async\" width=\"150\" height=\"150\" src=\"https:\/\/pogrebno.rs\/wp-content\/uploads\/2025\/10\/Fiumei-005-150x150.webp\" class=\"attachment-thumbnail size-thumbnail\" alt=\"\" \/><\/a>\n\t\t\t<\/div><\/figure><figure class='gallery-item'>\n\t\t\t<div class='gallery-icon landscape'>\n\t\t\t\t<a data-elementor-open-lightbox=\"yes\" data-elementor-lightbox-slideshow=\"dfc56f9\" data-elementor-lightbox-title=\"Fiumei-006\" data-e-action-hash=\"#elementor-action%3Aaction%3Dlightbox%26settings%3DeyJpZCI6MzkyMSwidXJsIjoiaHR0cHM6XC9cL3BvZ3JlYm5vLnJzXC93cC1jb250ZW50XC91cGxvYWRzXC8yMDI1XC8xMFwvRml1bWVpLTAwNi53ZWJwIiwic2xpZGVzaG93IjoiZGZjNTZmOSJ9\" href='https:\/\/pogrebno.rs\/wp-content\/uploads\/2025\/10\/Fiumei-006.webp'><img loading=\"lazy\" decoding=\"async\" width=\"150\" height=\"150\" src=\"https:\/\/pogrebno.rs\/wp-content\/uploads\/2025\/10\/Fiumei-006-150x150.webp\" class=\"attachment-thumbnail size-thumbnail\" alt=\"\" \/><\/a>\n\t\t\t<\/div><\/figure><figure class='gallery-item'>\n\t\t\t<div class='gallery-icon landscape'>\n\t\t\t\t<a data-elementor-open-lightbox=\"yes\" data-elementor-lightbox-slideshow=\"dfc56f9\" data-elementor-lightbox-title=\"Fiumei-007\" data-e-action-hash=\"#elementor-action%3Aaction%3Dlightbox%26settings%3DeyJpZCI6MzkyMiwidXJsIjoiaHR0cHM6XC9cL3BvZ3JlYm5vLnJzXC93cC1jb250ZW50XC91cGxvYWRzXC8yMDI1XC8xMFwvRml1bWVpLTAwNy53ZWJwIiwic2xpZGVzaG93IjoiZGZjNTZmOSJ9\" href='https:\/\/pogrebno.rs\/wp-content\/uploads\/2025\/10\/Fiumei-007.webp'><img loading=\"lazy\" decoding=\"async\" width=\"150\" height=\"150\" src=\"https:\/\/pogrebno.rs\/wp-content\/uploads\/2025\/10\/Fiumei-007-150x150.webp\" class=\"attachment-thumbnail size-thumbnail\" alt=\"\" \/><\/a>\n\t\t\t<\/div><\/figure><figure class='gallery-item'>\n\t\t\t<div class='gallery-icon landscape'>\n\t\t\t\t<a data-elementor-open-lightbox=\"yes\" data-elementor-lightbox-slideshow=\"dfc56f9\" data-elementor-lightbox-title=\"Fiumei-008\" data-e-action-hash=\"#elementor-action%3Aaction%3Dlightbox%26settings%3DeyJpZCI6MzkyMywidXJsIjoiaHR0cHM6XC9cL3BvZ3JlYm5vLnJzXC93cC1jb250ZW50XC91cGxvYWRzXC8yMDI1XC8xMFwvRml1bWVpLTAwOC53ZWJwIiwic2xpZGVzaG93IjoiZGZjNTZmOSJ9\" href='https:\/\/pogrebno.rs\/wp-content\/uploads\/2025\/10\/Fiumei-008.webp'><img loading=\"lazy\" decoding=\"async\" width=\"150\" height=\"150\" src=\"https:\/\/pogrebno.rs\/wp-content\/uploads\/2025\/10\/Fiumei-008-150x150.webp\" class=\"attachment-thumbnail size-thumbnail\" alt=\"\" \/><\/a>\n\t\t\t<\/div><\/figure><figure class='gallery-item'>\n\t\t\t<div class='gallery-icon landscape'>\n\t\t\t\t<a data-elementor-open-lightbox=\"yes\" data-elementor-lightbox-slideshow=\"dfc56f9\" data-elementor-lightbox-title=\"Fiumei-009\" data-e-action-hash=\"#elementor-action%3Aaction%3Dlightbox%26settings%3DeyJpZCI6MzkyNCwidXJsIjoiaHR0cHM6XC9cL3BvZ3JlYm5vLnJzXC93cC1jb250ZW50XC91cGxvYWRzXC8yMDI1XC8xMFwvRml1bWVpLTAwOS53ZWJwIiwic2xpZGVzaG93IjoiZGZjNTZmOSJ9\" href='https:\/\/pogrebno.rs\/wp-content\/uploads\/2025\/10\/Fiumei-009.webp'><img loading=\"lazy\" decoding=\"async\" width=\"150\" height=\"150\" src=\"https:\/\/pogrebno.rs\/wp-content\/uploads\/2025\/10\/Fiumei-009-150x150.webp\" class=\"attachment-thumbnail size-thumbnail\" alt=\"\" \/><\/a>\n\t\t\t<\/div><\/figure><figure class='gallery-item'>\n\t\t\t<div class='gallery-icon landscape'>\n\t\t\t\t<a data-elementor-open-lightbox=\"yes\" data-elementor-lightbox-slideshow=\"dfc56f9\" data-elementor-lightbox-title=\"Fiumei-010\" data-e-action-hash=\"#elementor-action%3Aaction%3Dlightbox%26settings%3DeyJpZCI6MzkyNSwidXJsIjoiaHR0cHM6XC9cL3BvZ3JlYm5vLnJzXC93cC1jb250ZW50XC91cGxvYWRzXC8yMDI1XC8xMFwvRml1bWVpLTAxMC53ZWJwIiwic2xpZGVzaG93IjoiZGZjNTZmOSJ9\" href='https:\/\/pogrebno.rs\/wp-content\/uploads\/2025\/10\/Fiumei-010.webp'><img loading=\"lazy\" decoding=\"async\" width=\"150\" height=\"150\" src=\"https:\/\/pogrebno.rs\/wp-content\/uploads\/2025\/10\/Fiumei-010-150x150.webp\" class=\"attachment-thumbnail size-thumbnail\" alt=\"\" \/><\/a>\n\t\t\t<\/div><\/figure><figure class='gallery-item'>\n\t\t\t<div class='gallery-icon landscape'>\n\t\t\t\t<a data-elementor-open-lightbox=\"yes\" data-elementor-lightbox-slideshow=\"dfc56f9\" data-elementor-lightbox-title=\"Fiumei-011\" data-e-action-hash=\"#elementor-action%3Aaction%3Dlightbox%26settings%3DeyJpZCI6MzkyNiwidXJsIjoiaHR0cHM6XC9cL3BvZ3JlYm5vLnJzXC93cC1jb250ZW50XC91cGxvYWRzXC8yMDI1XC8xMFwvRml1bWVpLTAxMS53ZWJwIiwic2xpZGVzaG93IjoiZGZjNTZmOSJ9\" href='https:\/\/pogrebno.rs\/wp-content\/uploads\/2025\/10\/Fiumei-011.webp'><img loading=\"lazy\" decoding=\"async\" width=\"150\" height=\"150\" src=\"https:\/\/pogrebno.rs\/wp-content\/uploads\/2025\/10\/Fiumei-011-150x150.webp\" class=\"attachment-thumbnail size-thumbnail\" alt=\"\" \/><\/a>\n\t\t\t<\/div><\/figure><figure class='gallery-item'>\n\t\t\t<div class='gallery-icon landscape'>\n\t\t\t\t<a data-elementor-open-lightbox=\"yes\" data-elementor-lightbox-slideshow=\"dfc56f9\" data-elementor-lightbox-title=\"Fiumei-012\" data-e-action-hash=\"#elementor-action%3Aaction%3Dlightbox%26settings%3DeyJpZCI6MzkyNywidXJsIjoiaHR0cHM6XC9cL3BvZ3JlYm5vLnJzXC93cC1jb250ZW50XC91cGxvYWRzXC8yMDI1XC8xMFwvRml1bWVpLTAxMi53ZWJwIiwic2xpZGVzaG93IjoiZGZjNTZmOSJ9\" href='https:\/\/pogrebno.rs\/wp-content\/uploads\/2025\/10\/Fiumei-012.webp'><img loading=\"lazy\" decoding=\"async\" width=\"150\" height=\"150\" src=\"https:\/\/pogrebno.rs\/wp-content\/uploads\/2025\/10\/Fiumei-012-150x150.webp\" class=\"attachment-thumbnail size-thumbnail\" alt=\"\" \/><\/a>\n\t\t\t<\/div><\/figure><figure class='gallery-item'>\n\t\t\t<div class='gallery-icon landscape'>\n\t\t\t\t<a data-elementor-open-lightbox=\"yes\" data-elementor-lightbox-slideshow=\"dfc56f9\" data-elementor-lightbox-title=\"Fiumei-013\" data-e-action-hash=\"#elementor-action%3Aaction%3Dlightbox%26settings%3DeyJpZCI6MzkyOCwidXJsIjoiaHR0cHM6XC9cL3BvZ3JlYm5vLnJzXC93cC1jb250ZW50XC91cGxvYWRzXC8yMDI1XC8xMFwvRml1bWVpLTAxMy53ZWJwIiwic2xpZGVzaG93IjoiZGZjNTZmOSJ9\" href='https:\/\/pogrebno.rs\/wp-content\/uploads\/2025\/10\/Fiumei-013.webp'><img loading=\"lazy\" decoding=\"async\" width=\"150\" height=\"150\" src=\"https:\/\/pogrebno.rs\/wp-content\/uploads\/2025\/10\/Fiumei-013-150x150.webp\" class=\"attachment-thumbnail size-thumbnail\" alt=\"\" \/><\/a>\n\t\t\t<\/div><\/figure><figure class='gallery-item'>\n\t\t\t<div class='gallery-icon landscape'>\n\t\t\t\t<a data-elementor-open-lightbox=\"yes\" data-elementor-lightbox-slideshow=\"dfc56f9\" data-elementor-lightbox-title=\"Fiumei-014\" data-e-action-hash=\"#elementor-action%3Aaction%3Dlightbox%26settings%3DeyJpZCI6MzkyOSwidXJsIjoiaHR0cHM6XC9cL3BvZ3JlYm5vLnJzXC93cC1jb250ZW50XC91cGxvYWRzXC8yMDI1XC8xMFwvRml1bWVpLTAxNC53ZWJwIiwic2xpZGVzaG93IjoiZGZjNTZmOSJ9\" href='https:\/\/pogrebno.rs\/wp-content\/uploads\/2025\/10\/Fiumei-014.webp'><img loading=\"lazy\" decoding=\"async\" width=\"150\" height=\"150\" src=\"https:\/\/pogrebno.rs\/wp-content\/uploads\/2025\/10\/Fiumei-014-150x150.webp\" class=\"attachment-thumbnail size-thumbnail\" alt=\"\" \/><\/a>\n\t\t\t<\/div><\/figure><figure class='gallery-item'>\n\t\t\t<div class='gallery-icon landscape'>\n\t\t\t\t<a data-elementor-open-lightbox=\"yes\" data-elementor-lightbox-slideshow=\"dfc56f9\" data-elementor-lightbox-title=\"Fiumei-015\" data-e-action-hash=\"#elementor-action%3Aaction%3Dlightbox%26settings%3DeyJpZCI6MzkzMCwidXJsIjoiaHR0cHM6XC9cL3BvZ3JlYm5vLnJzXC93cC1jb250ZW50XC91cGxvYWRzXC8yMDI1XC8xMFwvRml1bWVpLTAxNS53ZWJwIiwic2xpZGVzaG93IjoiZGZjNTZmOSJ9\" href='https:\/\/pogrebno.rs\/wp-content\/uploads\/2025\/10\/Fiumei-015.webp'><img loading=\"lazy\" decoding=\"async\" width=\"150\" height=\"150\" src=\"https:\/\/pogrebno.rs\/wp-content\/uploads\/2025\/10\/Fiumei-015-150x150.webp\" class=\"attachment-thumbnail size-thumbnail\" alt=\"\" \/><\/a>\n\t\t\t<\/div><\/figure><figure class='gallery-item'>\n\t\t\t<div class='gallery-icon landscape'>\n\t\t\t\t<a data-elementor-open-lightbox=\"yes\" data-elementor-lightbox-slideshow=\"dfc56f9\" data-elementor-lightbox-title=\"Fiumei-016\" data-e-action-hash=\"#elementor-action%3Aaction%3Dlightbox%26settings%3DeyJpZCI6MzkzMSwidXJsIjoiaHR0cHM6XC9cL3BvZ3JlYm5vLnJzXC93cC1jb250ZW50XC91cGxvYWRzXC8yMDI1XC8xMFwvRml1bWVpLTAxNi53ZWJwIiwic2xpZGVzaG93IjoiZGZjNTZmOSJ9\" href='https:\/\/pogrebno.rs\/wp-content\/uploads\/2025\/10\/Fiumei-016.webp'><img loading=\"lazy\" decoding=\"async\" width=\"150\" height=\"150\" src=\"https:\/\/pogrebno.rs\/wp-content\/uploads\/2025\/10\/Fiumei-016-150x150.webp\" class=\"attachment-thumbnail size-thumbnail\" alt=\"\" \/><\/a>\n\t\t\t<\/div><\/figure><figure class='gallery-item'>\n\t\t\t<div class='gallery-icon landscape'>\n\t\t\t\t<a data-elementor-open-lightbox=\"yes\" data-elementor-lightbox-slideshow=\"dfc56f9\" data-elementor-lightbox-title=\"Fiumei-017\" data-e-action-hash=\"#elementor-action%3Aaction%3Dlightbox%26settings%3DeyJpZCI6MzkzMiwidXJsIjoiaHR0cHM6XC9cL3BvZ3JlYm5vLnJzXC93cC1jb250ZW50XC91cGxvYWRzXC8yMDI1XC8xMFwvRml1bWVpLTAxNy53ZWJwIiwic2xpZGVzaG93IjoiZGZjNTZmOSJ9\" href='https:\/\/pogrebno.rs\/wp-content\/uploads\/2025\/10\/Fiumei-017.webp'><img loading=\"lazy\" decoding=\"async\" width=\"150\" height=\"150\" src=\"https:\/\/pogrebno.rs\/wp-content\/uploads\/2025\/10\/Fiumei-017-150x150.webp\" class=\"attachment-thumbnail size-thumbnail\" alt=\"\" \/><\/a>\n\t\t\t<\/div><\/figure><figure class='gallery-item'>\n\t\t\t<div class='gallery-icon landscape'>\n\t\t\t\t<a data-elementor-open-lightbox=\"yes\" data-elementor-lightbox-slideshow=\"dfc56f9\" data-elementor-lightbox-title=\"Fiumei-018\" data-e-action-hash=\"#elementor-action%3Aaction%3Dlightbox%26settings%3DeyJpZCI6MzkzMywidXJsIjoiaHR0cHM6XC9cL3BvZ3JlYm5vLnJzXC93cC1jb250ZW50XC91cGxvYWRzXC8yMDI1XC8xMFwvRml1bWVpLTAxOC53ZWJwIiwic2xpZGVzaG93IjoiZGZjNTZmOSJ9\" href='https:\/\/pogrebno.rs\/wp-content\/uploads\/2025\/10\/Fiumei-018.webp'><img loading=\"lazy\" decoding=\"async\" width=\"150\" height=\"150\" src=\"https:\/\/pogrebno.rs\/wp-content\/uploads\/2025\/10\/Fiumei-018-150x150.webp\" class=\"attachment-thumbnail size-thumbnail\" alt=\"\" \/><\/a>\n\t\t\t<\/div><\/figure><figure class='gallery-item'>\n\t\t\t<div class='gallery-icon landscape'>\n\t\t\t\t<a data-elementor-open-lightbox=\"yes\" data-elementor-lightbox-slideshow=\"dfc56f9\" data-elementor-lightbox-title=\"Fiumei-019\" data-e-action-hash=\"#elementor-action%3Aaction%3Dlightbox%26settings%3DeyJpZCI6MzkzNCwidXJsIjoiaHR0cHM6XC9cL3BvZ3JlYm5vLnJzXC93cC1jb250ZW50XC91cGxvYWRzXC8yMDI1XC8xMFwvRml1bWVpLTAxOS53ZWJwIiwic2xpZGVzaG93IjoiZGZjNTZmOSJ9\" href='https:\/\/pogrebno.rs\/wp-content\/uploads\/2025\/10\/Fiumei-019.webp'><img loading=\"lazy\" decoding=\"async\" width=\"150\" height=\"150\" src=\"https:\/\/pogrebno.rs\/wp-content\/uploads\/2025\/10\/Fiumei-019-150x150.webp\" class=\"attachment-thumbnail size-thumbnail\" alt=\"\" \/><\/a>\n\t\t\t<\/div><\/figure><figure class='gallery-item'>\n\t\t\t<div class='gallery-icon landscape'>\n\t\t\t\t<a data-elementor-open-lightbox=\"yes\" data-elementor-lightbox-slideshow=\"dfc56f9\" data-elementor-lightbox-title=\"Fiumei-020\" data-e-action-hash=\"#elementor-action%3Aaction%3Dlightbox%26settings%3DeyJpZCI6MzkxNSwidXJsIjoiaHR0cHM6XC9cL3BvZ3JlYm5vLnJzXC93cC1jb250ZW50XC91cGxvYWRzXC8yMDI1XC8xMFwvRml1bWVpLTAyMC53ZWJwIiwic2xpZGVzaG93IjoiZGZjNTZmOSJ9\" href='https:\/\/pogrebno.rs\/wp-content\/uploads\/2025\/10\/Fiumei-020.webp'><img loading=\"lazy\" decoding=\"async\" width=\"150\" height=\"150\" src=\"https:\/\/pogrebno.rs\/wp-content\/uploads\/2025\/10\/Fiumei-020-150x150.webp\" class=\"attachment-thumbnail size-thumbnail\" alt=\"\" \/><\/a>\n\t\t\t<\/div><\/figure>\n\t\t<\/div>\n\t\t<\/div>\n\t\t\t\t\t\t<\/div>\n\t\t\t\t<\/div>\n\t\t\t\t<\/div>\n\t\t\t\t<\/div>\n\t\t\t\t<\/div>","protected":false},"excerpt":{"rendered":"<p>Fiumei groblje Budimpe\u0161ta Groblje na putu Fiumei u Budimpe\u0161ti &#8211; Ma\u0111arska, je vi\u0161e od groblja: to je jedna od najve\u0107ih kolekcija statua u Ma\u0111arskoj, a njegovo ure\u0111eno podru\u010dje od 56 hektara nalik arboretumu ima avenije u kojima se nalazi 10 vrsta drve\u0107a i 110 razli\u010ditih vrsta ptica. Groblje na putu Fiumei koje je otvoreno 1847. [&hellip;]<\/p>\n","protected":false},"author":1,"featured_media":0,"parent":0,"menu_order":0,"comment_status":"closed","ping_status":"closed","template":"elementor_header_footer","meta":{"_acf_changed":false,"_eb_attr":"","footnotes":""},"kategorija_dokumenata":[],"class_list":["post-2967","page","type-page","status-publish","hentry"],"acf":[],"_links":{"self":[{"href":"https:\/\/pogrebno.rs\/hr\/wp-json\/wp\/v2\/pages\/2967","targetHints":{"allow":["GET"]}}],"collection":[{"href":"https:\/\/pogrebno.rs\/hr\/wp-json\/wp\/v2\/pages"}],"about":[{"href":"https:\/\/pogrebno.rs\/hr\/wp-json\/wp\/v2\/types\/page"}],"author":[{"embeddable":true,"href":"https:\/\/pogrebno.rs\/hr\/wp-json\/wp\/v2\/users\/1"}],"replies":[{"embeddable":true,"href":"https:\/\/pogrebno.rs\/hr\/wp-json\/wp\/v2\/comments?post=2967"}],"version-history":[{"count":19,"href":"https:\/\/pogrebno.rs\/hr\/wp-json\/wp\/v2\/pages\/2967\/revisions"}],"predecessor-version":[{"id":3937,"href":"https:\/\/pogrebno.rs\/hr\/wp-json\/wp\/v2\/pages\/2967\/revisions\/3937"}],"wp:attachment":[{"href":"https:\/\/pogrebno.rs\/hr\/wp-json\/wp\/v2\/media?parent=2967"}],"wp:term":[{"taxonomy":"kategorija_dokumenata","embeddable":true,"href":"https:\/\/pogrebno.rs\/hr\/wp-json\/wp\/v2\/kategorija_dokumenata?post=2967"}],"curies":[{"name":"wp","href":"https:\/\/api.w.org\/{rel}","templated":true}]}}