{"id":4311,"date":"2025-10-07T17:30:13","date_gmt":"2025-10-07T15:30:13","guid":{"rendered":"https:\/\/pogrebno.rs\/?page_id=4311"},"modified":"2025-10-09T19:07:31","modified_gmt":"2025-10-09T17:07:31","slug":"memorijal-bajmok-groblje","status":"publish","type":"page","link":"https:\/\/pogrebno.rs\/hr\/memorijal-bajmok-groblje\/","title":{"rendered":"Memorijal bajmok groblje"},"content":{"rendered":"<div data-elementor-type=\"wp-page\" data-elementor-id=\"4311\" class=\"elementor elementor-4311\" data-elementor-post-type=\"page\">\n\t\t\t\t<div class=\"elementor-element elementor-element-55fb556 e-flex e-con-boxed e-con e-parent\" data-id=\"55fb556\" data-element_type=\"container\" data-e-type=\"container\" data-settings=\"{&quot;background_background&quot;:&quot;classic&quot;}\">\n\t\t\t\t\t<div class=\"e-con-inner\">\n\t\t<div class=\"elementor-element elementor-element-f91cb05 e-grid e-con-full e-con e-child\" data-id=\"f91cb05\" data-element_type=\"container\" data-e-type=\"container\">\n\t\t\t\t<div class=\"elementor-element elementor-element-53a38e3 elementor-widget elementor-widget-image\" data-id=\"53a38e3\" data-element_type=\"widget\" data-e-type=\"widget\" data-widget_type=\"image.default\">\n\t\t\t\t<div class=\"elementor-widget-container\">\n\t\t\t\t\t\t\t\t\t\t\t\t\t\t\t<img fetchpriority=\"high\" decoding=\"async\" width=\"630\" height=\"275\" src=\"https:\/\/pogrebno.rs\/wp-content\/uploads\/2025\/05\/Ljiljan-levi.webp\" class=\"attachment-large size-large wp-image-97\" alt=\"\" srcset=\"https:\/\/pogrebno.rs\/wp-content\/uploads\/2025\/05\/Ljiljan-levi.webp 630w, https:\/\/pogrebno.rs\/wp-content\/uploads\/2025\/05\/Ljiljan-levi-300x131.webp 300w\" sizes=\"(max-width: 630px) 100vw, 630px\" \/>\t\t\t\t\t\t\t\t\t\t\t\t\t\t\t<\/div>\n\t\t\t\t<\/div>\n\t\t\t\t<div class=\"elementor-element elementor-element-69078b8 elementor-widget elementor-widget-heading\" data-id=\"69078b8\" data-element_type=\"widget\" data-e-type=\"widget\" data-widget_type=\"heading.default\">\n\t\t\t\t<div class=\"elementor-widget-container\">\n\t\t\t\t\t<h2 class=\"elementor-heading-title elementor-size-default\">spomen-obilje\u017eje<\/h2>\t\t\t\t<\/div>\n\t\t\t\t<\/div>\n\t\t\t\t<div class=\"elementor-element elementor-element-5b893ac elementor-widget elementor-widget-image\" data-id=\"5b893ac\" data-element_type=\"widget\" data-e-type=\"widget\" data-widget_type=\"image.default\">\n\t\t\t\t<div class=\"elementor-widget-container\">\n\t\t\t\t\t\t\t\t\t\t\t\t\t\t\t<img decoding=\"async\" width=\"631\" height=\"275\" src=\"https:\/\/pogrebno.rs\/wp-content\/uploads\/2025\/05\/Ljiljan-desni.webp\" class=\"attachment-large size-large wp-image-98\" alt=\"\" srcset=\"https:\/\/pogrebno.rs\/wp-content\/uploads\/2025\/05\/Ljiljan-desni.webp 631w, https:\/\/pogrebno.rs\/wp-content\/uploads\/2025\/05\/Ljiljan-desni-300x131.webp 300w\" sizes=\"(max-width: 631px) 100vw, 631px\" \/>\t\t\t\t\t\t\t\t\t\t\t\t\t\t\t<\/div>\n\t\t\t\t<\/div>\n\t\t\t\t<\/div>\n\t\t<div class=\"elementor-element elementor-element-67ad18c e-con-full e-flex e-con e-child\" data-id=\"67ad18c\" data-element_type=\"container\" data-e-type=\"container\">\n\t\t\t\t<div class=\"elementor-element elementor-element-b4f7425 elementor-widget elementor-widget-image\" data-id=\"b4f7425\" data-element_type=\"widget\" data-e-type=\"widget\" data-widget_type=\"image.default\">\n\t\t\t\t<div class=\"elementor-widget-container\">\n\t\t\t\t\t\t\t\t\t\t\t\t\t\t\t<img decoding=\"async\" width=\"800\" height=\"450\" src=\"https:\/\/pogrebno.rs\/wp-content\/uploads\/2025\/10\/memorijal-bajmok.jpg\" class=\"attachment-large size-large wp-image-4313\" alt=\"\" srcset=\"https:\/\/pogrebno.rs\/wp-content\/uploads\/2025\/10\/memorijal-bajmok.jpg 800w, https:\/\/pogrebno.rs\/wp-content\/uploads\/2025\/10\/memorijal-bajmok-300x169.jpg 300w, https:\/\/pogrebno.rs\/wp-content\/uploads\/2025\/10\/memorijal-bajmok-768x432.jpg 768w, https:\/\/pogrebno.rs\/wp-content\/uploads\/2025\/10\/memorijal-bajmok-18x10.jpg 18w\" sizes=\"(max-width: 800px) 100vw, 800px\" \/>\t\t\t\t\t\t\t\t\t\t\t\t\t\t\t<\/div>\n\t\t\t\t<\/div>\n\t\t<div class=\"elementor-element elementor-element-d5ba4c1 e-con-full e-flex e-con e-child\" data-id=\"d5ba4c1\" data-element_type=\"container\" data-e-type=\"container\">\n\t\t<div class=\"elementor-element elementor-element-56d8562 e-con-full e-flex e-con e-child\" data-id=\"56d8562\" data-element_type=\"container\" data-e-type=\"container\">\n\t\t\t\t<div class=\"elementor-element elementor-element-157bad2 elementor-widget elementor-widget-heading\" data-id=\"157bad2\" data-element_type=\"widget\" data-e-type=\"widget\" data-widget_type=\"heading.default\">\n\t\t\t\t<div class=\"elementor-widget-container\">\n\t\t\t\t\t<h2 class=\"elementor-heading-title elementor-size-default\">\u0421\u043f\u043e\u043c\u0435\u043d \u0433\u0440\u043e\u0431\u0459\u0435 \u043a\u043e\u0434 \u0411\u0430\u0433\u0440\u0435\u043c\u0430<\/h2>\t\t\t\t<\/div>\n\t\t\t\t<\/div>\n\t\t\t\t<div class=\"elementor-element elementor-element-4ce4dd7 elementor-widget elementor-widget-heading\" data-id=\"4ce4dd7\" data-element_type=\"widget\" data-e-type=\"widget\" data-widget_type=\"heading.default\">\n\t\t\t\t<div class=\"elementor-widget-container\">\n\t\t\t\t\t<h2 class=\"elementor-heading-title elementor-size-default\">\u0421\u043f\u043e\u043c\u0435\u043d\u0438\u043a \u0436\u0440\u0442\u0432\u0430\u043c\u0430 \u0442\u0435\u0440\u043e\u0440\u0430 1944-45. \u0433\u043e\u0434\u0438\u043d\u0435 \u0443 \u0411\u0430\u0458\u043c\u043e\u043a\u0443<\/h2>\t\t\t\t<\/div>\n\t\t\t\t<\/div>\n\t\t\t\t<div class=\"elementor-element elementor-element-a3d7d21 elementor-widget elementor-widget-text-editor\" data-id=\"a3d7d21\" data-element_type=\"widget\" data-e-type=\"widget\" data-widget_type=\"text-editor.default\">\n\t\t\t\t<div class=\"elementor-widget-container\">\n\t\t\t\t\t\t\t\t\t<p>\u0423 \u0458\u0435\u0441\u0435\u043d 1944. \u0433\u043e\u0434\u0438\u043d\u0435 \u0438\u0441\u0442\u043e\u0447\u043d\u0438 \u0434\u0435\u043e \u043d\u0435\u043a\u0430\u0434\u0430\u0448\u045a\u0435 \u0408\u0443\u0433\u043e\u0441\u043b\u0430\u0432\u0438\u0458\u0435 \u0458\u0435 \u0443\u0437 \u043f\u043e\u043c\u043e\u045b \u0441\u043e\u0432\u0458\u0435\u0442\u0441\u043a\u0435 \u0426\u0440\u0432\u0435\u043d\u0435 \u0430\u0440\u043c\u0438\u0458\u0435 \u0434\u043e\u0448\u0430\u043e \u043f\u043e\u0434 \u043a\u043e\u043d\u0442\u0440\u043e\u043b\u0443 \u0408\u0443\u0433\u043e\u0441\u043b\u043e\u0432\u0435\u043d\u0441\u043a\u0435 \u0430\u0440\u043c\u0438\u0458\u0435 \u0438\u0437\u0440\u0430\u0441\u043b\u0435 \u0438\u0437 \u043f\u0430\u0440\u0442\u0438\u0437\u0430\u043d\u0441\u043a\u043e\u0433 \u043f\u043e\u043a\u0440\u0435\u0442\u0430 \u043f\u0440\u0435\u0434\u0432\u043e\u0452\u0435\u043d\u043e\u0433 \u0422\u0438\u0442\u043e\u043c. \u0426\u0435\u043d\u0442\u0440\u0430\u043b\u043d\u0435 \u0432\u043b\u0430\u0441\u0442\u0438 \u0441\u0443 \u0438\u0437\u043c\u0435\u0452\u0443 17. \u043e\u043a\u0442\u043e\u0431\u0440\u0430 1944. \u0438 27. \u0458\u0430\u043d\u0443\u0430\u0440\u0430 1945. \u0433\u043e\u0434\u0438\u043d\u0435 \u0443\u0432\u0435\u043b\u0435 \u0432\u043e\u0458\u043d\u0443 \u0443\u043f\u0440\u0430\u0432\u0443 \u0438 \u043d\u0430 \u0442\u0435\u0440\u0438\u0442\u043e\u0440\u0438\u0458\u0438 \u0432\u0438\u0448\u0435\u043d\u0430\u0446\u0438\u043e\u043d\u0430\u043b\u043d\u0435 \u0412\u043e\u0458\u0432\u043e\u0434\u0438\u043d\u0435. \u0417\u0430 \u0442\u043e \u0432\u0440\u0435\u043c\u0435 \u0432\u043b\u0430\u0441\u0442\u0438 \u0441\u0443 \u0443 \u0433\u043e\u0442\u043e\u0432\u043e \u0441\u0432\u0438\u043c \u043d\u0430\u0441\u0435\u0459\u0438\u043c\u0430 \u0438\u0437\u0432\u0440\u0448\u0438\u043b\u0435 \u043c\u0430\u0441\u043e\u0432\u043d\u0430 \u0443\u0431\u0438\u0441\u0442\u0432\u0430, \u043d\u0430 \u0443\u043d\u0430\u043f\u0440\u0435\u0434 \u043f\u043b\u0430\u043d\u0438\u0440\u0430\u043d \u043d\u0430\u0447\u0438\u043d. \u0409\u0443\u0434\u0438 \u043f\u043e\u0445\u0432\u0430\u0442\u0430\u043d\u0438 \u0443 \u043e\u043f\u043a\u043e\u0459\u0435\u043d\u0438\u043c \u043d\u0430\u0441\u0435\u0459\u0438\u043c\u0430 \u043c\u0443\u0447\u0435\u043d\u0438 \u0441\u0443 \u0438 \u0441\u0442\u0440\u0435\u0459\u0430\u043d\u0438 \u0431\u0435\u0437 \u0432\u0430\u0459\u0430\u043d\u043e\u0433 \u0440\u0430\u0437\u043b\u043e\u0433\u0430, \u0431\u0435\u0437 \u0441\u0443\u0434\u0441\u043a\u043e\u0433 \u043f\u043e\u0441\u0442\u0443\u043f\u043a\u0430 \u0438 \u0434\u043e\u043a\u0430\u0437\u0430. \u0416\u0440\u0442\u0432\u0435 \u0441\u0443 \u043e\u0431\u0438\u0447\u043d\u043e \u0437\u0430\u043a\u043e\u043f\u0430\u043d\u0435 \u0443 \u043c\u0430\u0441\u043e\u0432\u043d\u0435 \u0433\u0440\u043e\u0431\u043d\u0438\u0446\u0435, \u043d\u0430 \u043d\u0435\u0434\u043e\u043b\u0438\u0447\u0430\u043d \u043d\u0430\u0447\u0438\u043d, \u0430 \u0441\u0435\u045b\u0430\u045a\u0435 \u043d\u0430 \u045a\u0438\u0445 \u0458\u0435 \u0434\u0435\u0446\u0435\u043d\u0438\u0458\u0430\u043c\u0430 \u0431\u0438\u043b\u043e \u0437\u0430\u0431\u0440\u0430\u045a\u0435\u043d\u043e. \u0421\u043f\u043e\u043c\u0435\u043d \u0433\u0440\u043e\u0431\u0459\u0435 \u043a\u043e\u0434 \u0411\u0430\u0433\u0440\u0435\u043c\u0430 \u0434\u043e\u0441\u0442\u043e\u0458\u043d\u043e \u0447\u0443\u0432\u0430 \u0443\u0441\u043f\u043e\u043c\u0435\u043d\u0443 \u043d\u0430 \u0436\u0440\u0442\u0432\u0435 \u0438\u0437 \u0411\u0430\u0458\u043c\u043e\u043a\u0430 \u0438 \u043e\u043a\u043e\u043b\u043d\u0438\u0445 \u043d\u0430\u0441\u0435\u0459\u0430.<\/p>\t\t\t\t\t\t\t\t<\/div>\n\t\t\t\t<\/div>\n\t\t\t\t<\/div>\n\t\t\t\t<\/div>\n\t\t<div class=\"elementor-element elementor-element-fd629e7 e-con-full e-flex e-con e-child\" data-id=\"fd629e7\" data-element_type=\"container\" data-e-type=\"container\">\n\t\t<div class=\"elementor-element elementor-element-49f20e1 e-con-full e-flex e-con e-child\" data-id=\"49f20e1\" data-element_type=\"container\" data-e-type=\"container\">\n\t\t\t\t<div class=\"elementor-element elementor-element-3e9e9d1 elementor-widget elementor-widget-heading\" data-id=\"3e9e9d1\" data-element_type=\"widget\" data-e-type=\"widget\" data-widget_type=\"heading.default\">\n\t\t\t\t<div class=\"elementor-widget-container\">\n\t\t\t\t\t<h2 class=\"elementor-heading-title elementor-size-default\">Spomin groblje kod Bagrema<\/h2>\t\t\t\t<\/div>\n\t\t\t\t<\/div>\n\t\t\t\t<div class=\"elementor-element elementor-element-8cac11f elementor-widget elementor-widget-heading\" data-id=\"8cac11f\" data-element_type=\"widget\" data-e-type=\"widget\" data-widget_type=\"heading.default\">\n\t\t\t\t<div class=\"elementor-widget-container\">\n\t\t\t\t\t<h2 class=\"elementor-heading-title elementor-size-default\">Spominik \u017ertvama terora 1944-45. godine u Bajmaku<\/h2>\t\t\t\t<\/div>\n\t\t\t\t<\/div>\n\t\t\t\t<div class=\"elementor-element elementor-element-4bcacff elementor-widget elementor-widget-text-editor\" data-id=\"4bcacff\" data-element_type=\"widget\" data-e-type=\"widget\" data-widget_type=\"text-editor.default\">\n\t\t\t\t<div class=\"elementor-widget-container\">\n\t\t\t\t\t\t\t\t\t<p>U jesen 1944. godine isto\u010dni dio kadgoda\u0161nje Jugoslavije je nuz pomo\u0107 sovjetske Crvene armije do\u0161o pod kontrolu Jugoslovenske armije izrasle iz partizanskog pokreta pridvo\u0111enog Titom. Centralne vlasti su izmed 17. oktobra 1944. i 27. januara 1945. godine uvele vojnu upravu i na teritoriji vi\u0161enacionalne Vojvodine. Za to vrime vlasti su u gotovo svim naseljima izvr\u0161ile masovna ubistva, na unaprid planiran na\u010din. Ljudi pova\u0107ani u opkoljenim naseljima mu\u010deni su i streljani brez valjanog razloga, brez sudskog postupka i dokaza. \u017drtve su obi\u010dno zakopane u masovne grobnice, na nedoli\u010dan na\u010din, a si\u0107anje na nji je decenijama bilo zabranjeno. Spomin groblje kod Bagrema dostojno \u010duva uspominu na \u017ertve iz Bajmaka i okolni naselja.<\/p>\t\t\t\t\t\t\t\t<\/div>\n\t\t\t\t<\/div>\n\t\t\t\t<\/div>\n\t\t\t\t<\/div>\n\t\t<div class=\"elementor-element elementor-element-1da0b70 e-con-full e-flex e-con e-child\" data-id=\"1da0b70\" data-element_type=\"container\" data-e-type=\"container\">\n\t\t<div class=\"elementor-element elementor-element-5bcb4ef e-con-full e-flex e-con e-child\" data-id=\"5bcb4ef\" data-element_type=\"container\" data-e-type=\"container\">\n\t\t\t\t<div class=\"elementor-element elementor-element-49f6f01 elementor-widget elementor-widget-heading\" data-id=\"49f6f01\" data-element_type=\"widget\" data-e-type=\"widget\" data-widget_type=\"heading.default\">\n\t\t\t\t<div class=\"elementor-widget-container\">\n\t\t\t\t\t<h2 class=\"elementor-heading-title elementor-size-default\">Az Ak\u00e1cfa Eml\u00e9ktemet\u0151<\/h2>\t\t\t\t<\/div>\n\t\t\t\t<\/div>\n\t\t\t\t<div class=\"elementor-element elementor-element-84721f2 elementor-widget elementor-widget-heading\" data-id=\"84721f2\" data-element_type=\"widget\" data-e-type=\"widget\" data-widget_type=\"heading.default\">\n\t\t\t\t<div class=\"elementor-widget-container\">\n\t\t\t\t\t<h2 class=\"elementor-heading-title elementor-size-default\">az 1944-45-\u00f6s terror bajmoki \u00e1ldozatainak eml\u00e9khelye<\/h2>\t\t\t\t<\/div>\n\t\t\t\t<\/div>\n\t\t\t\t<div class=\"elementor-element elementor-element-ca4a3c0 elementor-widget elementor-widget-text-editor\" data-id=\"ca4a3c0\" data-element_type=\"widget\" data-e-type=\"widget\" data-widget_type=\"text-editor.default\">\n\t\t\t\t<div class=\"elementor-widget-container\">\n\t\t\t\t\t\t\t\t\t<p>1944 \u0151sz\u00e9n az egykori Jugoszl\u00e1via keleti fele \u2013 a szovjet V\u00f6r\u00f6s Hadsereg seg\u00edts\u00e9g\u00e9vel \u2013 a Tito vezette partiz\u00e1n mozgalomb\u00f3l kin\u00f6v\u0151 Jugoszl\u00e1v Hadsereg ellen\u0151rz\u00e9se al\u00e1 ker\u00fclt. A k\u00f6zponti hatalom 1944. okt\u00f3ber 17. \u00e9s 1945 janu\u00e1r 27. k\u00f6z\u00f6tt katonai k\u00f6zigazgat\u00e1st vezetett be a soknemzetis\u00e9g\u0171 Vajdas\u00e1g ter\u00fclet\u00e9n is. Ez alatt az id\u0151 alatt a hatalom el\u0151re eltervezett m\u00f3don, a telep\u00fcl\u00e9sek majd mindegyik\u00e9n t\u00f6meges gyilkoss\u00e1gokat k\u00f6vetett el. Komoly indok, elj\u00e1r\u00e1s, bizony\u00edt\u00e1s n\u00e9lk\u00fcl megk\u00ednozt\u00e1k \u00e9s kiv\u00e9gezt\u00e9k a k\u00f6rbez\u00e1rt telep\u00fcl\u00e9seken \u00f6sszegy\u0171jt\u00f6tt embereket. Az \u00e1ldozatokat m\u00e9ltatlanul, \u00e1ltal\u00e1ban t\u00f6megs\u00edrokba temett\u00e9k. \u00c9vtizedekig nem volt szabad r\u00e1juk eml\u00e9kezni. Az Ak\u00e1cfa \u00e9s a k\u00f6r\u00fcl\u00f6tte kialak\u00edtott eml\u00e9ktemet\u0151 a bajmoki \u00e9s a k\u00f6rnyez\u0151 telep\u00fcl\u00e9sekr\u0151l idehurcolt \u00e1ldozatoknak \u00e1ll\u00edt m\u00e9lt\u00f3 eml\u00e9ket.<\/p>\t\t\t\t\t\t\t\t<\/div>\n\t\t\t\t<\/div>\n\t\t\t\t<\/div>\n\t\t\t\t<\/div>\n\t\t<div class=\"elementor-element elementor-element-5fdafd4 e-con-full e-flex e-con e-child\" data-id=\"5fdafd4\" data-element_type=\"container\" data-e-type=\"container\">\n\t\t<div class=\"elementor-element elementor-element-b299649 e-con-full e-flex e-con e-child\" data-id=\"b299649\" data-element_type=\"container\" data-e-type=\"container\">\n\t\t\t\t<div class=\"elementor-element elementor-element-82a8e0d elementor-widget elementor-widget-heading\" data-id=\"82a8e0d\" data-element_type=\"widget\" data-e-type=\"widget\" data-widget_type=\"heading.default\">\n\t\t\t\t<div class=\"elementor-widget-container\">\n\t\t\t\t\t<h2 class=\"elementor-heading-title elementor-size-default\">Memorijalno groblje kod Bagrema<\/h2>\t\t\t\t<\/div>\n\t\t\t\t<\/div>\n\t\t\t\t<div class=\"elementor-element elementor-element-39fa2a1 elementor-widget elementor-widget-heading\" data-id=\"39fa2a1\" data-element_type=\"widget\" data-e-type=\"widget\" data-widget_type=\"heading.default\">\n\t\t\t\t<div class=\"elementor-widget-container\">\n\t\t\t\t\t<h2 class=\"elementor-heading-title elementor-size-default\">Spomenik \u017ertvama terora 1944-45. godine u Bajmaku<\/h2>\t\t\t\t<\/div>\n\t\t\t\t<\/div>\n\t\t\t\t<div class=\"elementor-element elementor-element-3585f11 elementor-widget elementor-widget-text-editor\" data-id=\"3585f11\" data-element_type=\"widget\" data-e-type=\"widget\" data-widget_type=\"text-editor.default\">\n\t\t\t\t<div class=\"elementor-widget-container\">\n\t\t\t\t\t\t\t\t\t<p>U jesen 1944. godine isto\u010dni dio biv\u0161e Jugoslavije je uz pomo\u0107 sovjetske Crvene armije do\u0161ao pod kontrolu Jugoslavenske armije izrasle iz partizanskog pokreta predvo\u0111enog Titom. Izme\u0111u 17. listopada 1944. i 27. sije\u010dnja 1945. godine, centralne vlasti su i na podru\u010dju vi\u0161enacionalne Vojvodine uvele vojnu upravu. U navedenom razdoblju vlasti su, u gotovo svim naseljima, na unaprijed planiran na\u010din, vr\u0161ile masovna ubojstva. Ljudi pohvatani u opkoljenim naseljima mu\u010deni su i strijeljani bez valjanog razloga, bez sudskog postupka i dokaza. \u017drtve su naj\u010de\u0161\u0107e pokapane u masovne grobnice, na nedostojan na\u010din, a sje\u0107anje na njih desetlje\u0107ima je bilo zabranjeno. Memorijalno groblje kod Bagrema dostojno \u010duva uspomenu na \u017ertve iz Bajmaka i okolnih naselja.<\/p>\t\t\t\t\t\t\t\t<\/div>\n\t\t\t\t<\/div>\n\t\t\t\t<\/div>\n\t\t\t\t<\/div>\n\t\t<div class=\"elementor-element elementor-element-ab560ab e-con-full e-flex e-con e-child\" data-id=\"ab560ab\" data-element_type=\"container\" data-e-type=\"container\">\n\t\t<div class=\"elementor-element elementor-element-c20575d e-con-full e-flex e-con e-child\" data-id=\"c20575d\" data-element_type=\"container\" data-e-type=\"container\">\n\t\t\t\t<div class=\"elementor-element elementor-element-08ed98c elementor-widget elementor-widget-heading\" data-id=\"08ed98c\" data-element_type=\"widget\" data-e-type=\"widget\" data-widget_type=\"heading.default\">\n\t\t\t\t<div class=\"elementor-widget-container\">\n\t\t\t\t\t<h2 class=\"elementor-heading-title elementor-size-default\">Akazien \u2013 Memorialfriedhof<\/h2>\t\t\t\t<\/div>\n\t\t\t\t<\/div>\n\t\t\t\t<div class=\"elementor-element elementor-element-8005689 elementor-widget elementor-widget-heading\" data-id=\"8005689\" data-element_type=\"widget\" data-e-type=\"widget\" data-widget_type=\"heading.default\">\n\t\t\t\t<div class=\"elementor-widget-container\">\n\t\t\t\t\t<h2 class=\"elementor-heading-title elementor-size-default\">Gedenkst\u00e4tte der Opfer des 1944-45 Terrors in Bajmok<\/h2>\t\t\t\t<\/div>\n\t\t\t\t<\/div>\n\t\t\t\t<div class=\"elementor-element elementor-element-bec3ea6 elementor-widget elementor-widget-text-editor\" data-id=\"bec3ea6\" data-element_type=\"widget\" data-e-type=\"widget\" data-widget_type=\"text-editor.default\">\n\t\t\t\t<div class=\"elementor-widget-container\">\n\t\t\t\t\t\t\t\t\t<p>Im Herbst 1944 ist der \u00f6stliche Teil von der ehemaligen Jugoslawien \u2013 durch Unterst\u00fctzung der sowjetischen Roten Armee \u2013 unter die Kontrolle aus der vom Tito gef\u00fchrten Partisa-nenbewegung herausgewachsene Jugoslawische Armee geraten. Die zentrale Heeresmacht hat auch auf dem Gebiet von multiethnischen Vojvodina zwischen 17. Oktober 1944 und 27. Januar 1945 die Milit\u00e4rverwaltung eingef\u00fchrt. Zu dieser Zeit haben die Machthaber nach voraus festgelegten Pl\u00e4nen fast in jeder Siedlung Massenmorde begangen. Ohne einen ernsthaften Grund und ohne durchgef\u00fchrte Verfahren und Beweise wurden in den umzingelten Siedlungen die zusammengetriebenen Menschen zuerst gequ\u00e4lt und danach ermordet. Die Opfer wurden im Allgemeinen auf unw\u00fcrdige Weise, an unw\u00fcrdigen Stellen in Massengr\u00e4ber einfach vergraben. Jahrzehntelang durfte man ihrer nicht gedenken. Der Akazienbaum und um den Baum errichtete Ged\u00e4chtnisfriedhof setzt den in Bajmok und aus seiner Umgebung hergeschleppten Opfern ein w\u00fcrdiges Gedenken.<\/p>\t\t\t\t\t\t\t\t<\/div>\n\t\t\t\t<\/div>\n\t\t\t\t<\/div>\n\t\t\t\t<\/div>\n\t\t<div class=\"elementor-element elementor-element-01e5384 e-con-full e-flex e-con e-child\" data-id=\"01e5384\" data-element_type=\"container\" data-e-type=\"container\">\n\t\t<div class=\"elementor-element elementor-element-d314b56 e-con-full e-flex e-con e-child\" data-id=\"d314b56\" data-element_type=\"container\" data-e-type=\"container\">\n\t\t\t\t<div class=\"elementor-element elementor-element-6fda377 elementor-widget elementor-widget-heading\" data-id=\"6fda377\" data-element_type=\"widget\" data-e-type=\"widget\" data-widget_type=\"heading.default\">\n\t\t\t\t<div class=\"elementor-widget-container\">\n\t\t\t\t\t<h2 class=\"elementor-heading-title elementor-size-default\">Memorial cemetery near Bagrem<\/h2>\t\t\t\t<\/div>\n\t\t\t\t<\/div>\n\t\t\t\t<div class=\"elementor-element elementor-element-7a31a38 elementor-widget elementor-widget-heading\" data-id=\"7a31a38\" data-element_type=\"widget\" data-e-type=\"widget\" data-widget_type=\"heading.default\">\n\t\t\t\t<div class=\"elementor-widget-container\">\n\t\t\t\t\t<h2 class=\"elementor-heading-title elementor-size-default\">Monument to victims of terror in 1944-1945 in Bajmok<\/h2>\t\t\t\t<\/div>\n\t\t\t\t<\/div>\n\t\t\t\t<div class=\"elementor-element elementor-element-c2b181a elementor-widget elementor-widget-text-editor\" data-id=\"c2b181a\" data-element_type=\"widget\" data-e-type=\"widget\" data-widget_type=\"text-editor.default\">\n\t\t\t\t<div class=\"elementor-widget-container\">\n\t\t\t\t\t\t\t\t\t<p>In the fall of 1944, the eastern part of the former Yugoslavia came under the control of the Yugoslav Army, which grew out of the partisan movement led by Tito, with the help of the Soviet Red Army. Between October 17, 1944 and January 27, 1945, the central authorities introduced military rule on the territory of the multinational Vojvodina. During that time, the authorities carried out mass murders in almost all settlements, in a pre-planned manner. People captured in besieged settlements were tortured and shot without valid reason, without trial and evidence. The victims were usually buried in mass graves, in an undignified manner, and their memory was forbidden for decades. The memorial cemetery near Bagrem respectfully preserves the memory of the victims from Bajmok and the surrounding settlements.<\/p>\t\t\t\t\t\t\t\t<\/div>\n\t\t\t\t<\/div>\n\t\t\t\t<\/div>\n\t\t\t\t<\/div>\n\t\t\t\t<\/div>\n\t\t\t\t\t<\/div>\n\t\t\t\t<\/div>\n\t\t\t\t<\/div>","protected":false},"excerpt":{"rendered":"<p>memorijal \u0421\u043f\u043e\u043c\u0435\u043d \u0433\u0440\u043e\u0431\u0459\u0435 \u043a\u043e\u0434 \u0411\u0430\u0433\u0440\u0435\u043c\u0430 \u0421\u043f\u043e\u043c\u0435\u043d\u0438\u043a \u0436\u0440\u0442\u0432\u0430\u043c\u0430 \u0442\u0435\u0440\u043e\u0440\u0430 1944-45. \u0433\u043e\u0434\u0438\u043d\u0435 \u0443 \u0411\u0430\u0458\u043c\u043e\u043a\u0443 \u0423 \u0458\u0435\u0441\u0435\u043d 1944. \u0433\u043e\u0434\u0438\u043d\u0435 \u0438\u0441\u0442\u043e\u0447\u043d\u0438 \u0434\u0435\u043e \u043d\u0435\u043a\u0430\u0434\u0430\u0448\u045a\u0435 \u0408\u0443\u0433\u043e\u0441\u043b\u0430\u0432\u0438\u0458\u0435 \u0458\u0435 \u0443\u0437 \u043f\u043e\u043c\u043e\u045b \u0441\u043e\u0432\u0458\u0435\u0442\u0441\u043a\u0435 \u0426\u0440\u0432\u0435\u043d\u0435 \u0430\u0440\u043c\u0438\u0458\u0435 \u0434\u043e\u0448\u0430\u043e \u043f\u043e\u0434 \u043a\u043e\u043d\u0442\u0440\u043e\u043b\u0443 \u0408\u0443\u0433\u043e\u0441\u043b\u043e\u0432\u0435\u043d\u0441\u043a\u0435 \u0430\u0440\u043c\u0438\u0458\u0435 \u0438\u0437\u0440\u0430\u0441\u043b\u0435 \u0438\u0437 \u043f\u0430\u0440\u0442\u0438\u0437\u0430\u043d\u0441\u043a\u043e\u0433 \u043f\u043e\u043a\u0440\u0435\u0442\u0430 \u043f\u0440\u0435\u0434\u0432\u043e\u0452\u0435\u043d\u043e\u0433 \u0422\u0438\u0442\u043e\u043c. \u0426\u0435\u043d\u0442\u0440\u0430\u043b\u043d\u0435 \u0432\u043b\u0430\u0441\u0442\u0438 \u0441\u0443 \u0438\u0437\u043c\u0435\u0452\u0443 17. \u043e\u043a\u0442\u043e\u0431\u0440\u0430 1944. \u0438 27. \u0458\u0430\u043d\u0443\u0430\u0440\u0430 1945. \u0433\u043e\u0434\u0438\u043d\u0435 \u0443\u0432\u0435\u043b\u0435 \u0432\u043e\u0458\u043d\u0443 \u0443\u043f\u0440\u0430\u0432\u0443 \u0438 \u043d\u0430 \u0442\u0435\u0440\u0438\u0442\u043e\u0440\u0438\u0458\u0438 [&hellip;]<\/p>\n","protected":false},"author":1,"featured_media":0,"parent":0,"menu_order":0,"comment_status":"closed","ping_status":"closed","template":"","meta":{"_acf_changed":false,"_eb_attr":"","footnotes":""},"kategorija_dokumenata":[],"class_list":["post-4311","page","type-page","status-publish","hentry"],"acf":[],"_links":{"self":[{"href":"https:\/\/pogrebno.rs\/hr\/wp-json\/wp\/v2\/pages\/4311","targetHints":{"allow":["GET"]}}],"collection":[{"href":"https:\/\/pogrebno.rs\/hr\/wp-json\/wp\/v2\/pages"}],"about":[{"href":"https:\/\/pogrebno.rs\/hr\/wp-json\/wp\/v2\/types\/page"}],"author":[{"embeddable":true,"href":"https:\/\/pogrebno.rs\/hr\/wp-json\/wp\/v2\/users\/1"}],"replies":[{"embeddable":true,"href":"https:\/\/pogrebno.rs\/hr\/wp-json\/wp\/v2\/comments?post=4311"}],"version-history":[{"count":25,"href":"https:\/\/pogrebno.rs\/hr\/wp-json\/wp\/v2\/pages\/4311\/revisions"}],"predecessor-version":[{"id":4337,"href":"https:\/\/pogrebno.rs\/hr\/wp-json\/wp\/v2\/pages\/4311\/revisions\/4337"}],"wp:attachment":[{"href":"https:\/\/pogrebno.rs\/hr\/wp-json\/wp\/v2\/media?parent=4311"}],"wp:term":[{"taxonomy":"kategorija_dokumenata","embeddable":true,"href":"https:\/\/pogrebno.rs\/hr\/wp-json\/wp\/v2\/kategorija_dokumenata?post=4311"}],"curies":[{"name":"wp","href":"https:\/\/api.w.org\/{rel}","templated":true}]}}