{"id":4896,"date":"2025-10-10T18:15:41","date_gmt":"2025-10-10T16:15:41","guid":{"rendered":"https:\/\/pogrebno.rs\/?page_id=4896"},"modified":"2025-10-20T12:50:01","modified_gmt":"2025-10-20T10:50:01","slug":"zastita-potrosaca","status":"publish","type":"page","link":"https:\/\/pogrebno.rs\/hr\/zastita-potrosaca\/","title":{"rendered":"Za\u0161tita potro\u0161a\u010da"},"content":{"rendered":"<div data-elementor-type=\"wp-page\" data-elementor-id=\"4896\" class=\"elementor elementor-4896\" data-elementor-post-type=\"page\">\n\t\t\t\t<div class=\"elementor-element elementor-element-2bbd9c7 e-con-full e-flex e-con e-parent\" data-id=\"2bbd9c7\" data-element_type=\"container\" data-e-type=\"container\" data-settings=\"{&quot;background_background&quot;:&quot;classic&quot;}\">\n\t\t<div class=\"elementor-element elementor-element-f1d25ed e-con-full e-flex e-con e-child\" data-id=\"f1d25ed\" data-element_type=\"container\" data-e-type=\"container\">\n\t\t<div class=\"elementor-element elementor-element-f316878 e-grid e-con-full e-con e-child\" data-id=\"f316878\" data-element_type=\"container\" data-e-type=\"container\">\n\t\t\t\t<div class=\"elementor-element elementor-element-7a68919 elementor-widget elementor-widget-image\" data-id=\"7a68919\" data-element_type=\"widget\" data-e-type=\"widget\" data-widget_type=\"image.default\">\n\t\t\t\t<div class=\"elementor-widget-container\">\n\t\t\t\t\t\t\t\t\t\t\t\t\t\t\t<img fetchpriority=\"high\" decoding=\"async\" width=\"630\" height=\"275\" src=\"https:\/\/pogrebno.rs\/wp-content\/uploads\/2025\/05\/Ljiljan-levi.webp\" class=\"attachment-large size-large wp-image-97\" alt=\"\" srcset=\"https:\/\/pogrebno.rs\/wp-content\/uploads\/2025\/05\/Ljiljan-levi.webp 630w, https:\/\/pogrebno.rs\/wp-content\/uploads\/2025\/05\/Ljiljan-levi-300x131.webp 300w\" sizes=\"(max-width: 630px) 100vw, 630px\" \/>\t\t\t\t\t\t\t\t\t\t\t\t\t\t\t<\/div>\n\t\t\t\t<\/div>\n\t\t\t\t<div class=\"elementor-element elementor-element-c8cf573 elementor-widget elementor-widget-heading\" data-id=\"c8cf573\" data-element_type=\"widget\" data-e-type=\"widget\" data-widget_type=\"heading.default\">\n\t\t\t\t<div class=\"elementor-widget-container\">\n\t\t\t\t\t<h2 class=\"elementor-heading-title elementor-size-default\">prava potro\u0161a\u010da<\/h2>\t\t\t\t<\/div>\n\t\t\t\t<\/div>\n\t\t\t\t<div class=\"elementor-element elementor-element-0390f07 elementor-widget elementor-widget-image\" data-id=\"0390f07\" data-element_type=\"widget\" data-e-type=\"widget\" data-widget_type=\"image.default\">\n\t\t\t\t<div class=\"elementor-widget-container\">\n\t\t\t\t\t\t\t\t\t\t\t\t\t\t\t<img decoding=\"async\" width=\"631\" height=\"275\" src=\"https:\/\/pogrebno.rs\/wp-content\/uploads\/2025\/05\/Ljiljan-desni.webp\" class=\"attachment-large size-large wp-image-98\" alt=\"\" srcset=\"https:\/\/pogrebno.rs\/wp-content\/uploads\/2025\/05\/Ljiljan-desni.webp 631w, https:\/\/pogrebno.rs\/wp-content\/uploads\/2025\/05\/Ljiljan-desni-300x131.webp 300w\" sizes=\"(max-width: 631px) 100vw, 631px\" \/>\t\t\t\t\t\t\t\t\t\t\t\t\t\t\t<\/div>\n\t\t\t\t<\/div>\n\t\t\t\t<\/div>\n\t\t\t\t<\/div>\n\t\t<div class=\"elementor-element elementor-element-fc62231 e-con-full e-flex e-con e-child\" data-id=\"fc62231\" data-element_type=\"container\" data-e-type=\"container\">\n\t\t\t\t<div class=\"elementor-element elementor-element-3c6d3e1 elementor-widget elementor-widget-text-editor\" data-id=\"3c6d3e1\" data-element_type=\"widget\" data-e-type=\"widget\" data-widget_type=\"text-editor.default\">\n\t\t\t\t<div class=\"elementor-widget-container\">\n\t\t\t\t\t\t\t\t\t<div class=\"leading-0\"><article class=\"dd-post\"><div class=\"dd-postcontent clearfix\"><div class=\"dd-article\"><p><strong>Otvorena besplatna telefonska linija<\/strong><\/p><p>Otvorena besplatna telefonska linija JKP Pogrebno je obezbedilo postojanje i nesmetano funkcionisanje besplatne telefonske linije tokom svog radnog vremena radnim danima radi omogu\u0107avanja potro\u0161a\u010dima da lako kontaktiraju preduze\u0107e u vezi sa kvalitetom i kori\u0161\u0107enjem usluga od op\u0161teg ekonomskog interesa. Broj besplatne telefonske linije za potro\u0161a\u010de je <strong>0800 099 996<\/strong>.<\/p><div class=\"attachmentsContainer\"><div id=\"attachmentsList_com_content_default_176\" class=\"attachmentsList\">\u00a0<\/div><\/div><\/div><\/div><\/article><\/div><div class=\"leading-1\"><article class=\"dd-post\"><div class=\"dd-postcontent clearfix\"><div class=\"dd-article\"><p><strong>Obave\u0161tenje o podnetom zahtevu za korekciju cena<\/strong><\/p><p>Dana 01. septembra 2015. godine gradskoj Upravi &#8211; Sekretarijatu za komunalne poslove energetiku i saobra\u0107aj dostavljen je Zahtev za davanje saglasnosti na korekciju cena pogrebnih usluga, usluga pri\u00a0 sahranjivanju i odr\u017eavanju groblja na koji saglasnost treba da da Skup\u0161tina grada Subotice.<\/p><\/div><\/div><\/article><\/div>\t\t\t\t\t\t\t\t<\/div>\n\t\t\t\t<\/div>\n\t\t\t\t<\/div>\n\t\t\t\t<\/div>\n\t\t\t\t<\/div>","protected":false},"excerpt":{"rendered":"<p>prava potro\u0161a\u010da Otvorena besplatna telefonska linija Otvorena besplatna telefonska linija JKP Pogrebno je obezbedilo postojanje i nesmetano funkcionisanje besplatne telefonske linije tokom svog radnog vremena radnim danima radi omogu\u0107avanja potro\u0161a\u010dima da lako kontaktiraju preduze\u0107e u vezi sa kvalitetom i kori\u0161\u0107enjem usluga od op\u0161teg ekonomskog interesa. Broj besplatne telefonske linije za potro\u0161a\u010de je 0800 099 996. [&hellip;]<\/p>\n","protected":false},"author":1,"featured_media":0,"parent":0,"menu_order":0,"comment_status":"closed","ping_status":"closed","template":"","meta":{"_acf_changed":false,"_eb_attr":"","footnotes":""},"kategorija_dokumenata":[],"class_list":["post-4896","page","type-page","status-publish","hentry"],"acf":[],"_links":{"self":[{"href":"https:\/\/pogrebno.rs\/hr\/wp-json\/wp\/v2\/pages\/4896","targetHints":{"allow":["GET"]}}],"collection":[{"href":"https:\/\/pogrebno.rs\/hr\/wp-json\/wp\/v2\/pages"}],"about":[{"href":"https:\/\/pogrebno.rs\/hr\/wp-json\/wp\/v2\/types\/page"}],"author":[{"embeddable":true,"href":"https:\/\/pogrebno.rs\/hr\/wp-json\/wp\/v2\/users\/1"}],"replies":[{"embeddable":true,"href":"https:\/\/pogrebno.rs\/hr\/wp-json\/wp\/v2\/comments?post=4896"}],"version-history":[{"count":13,"href":"https:\/\/pogrebno.rs\/hr\/wp-json\/wp\/v2\/pages\/4896\/revisions"}],"predecessor-version":[{"id":5352,"href":"https:\/\/pogrebno.rs\/hr\/wp-json\/wp\/v2\/pages\/4896\/revisions\/5352"}],"wp:attachment":[{"href":"https:\/\/pogrebno.rs\/hr\/wp-json\/wp\/v2\/media?parent=4896"}],"wp:term":[{"taxonomy":"kategorija_dokumenata","embeddable":true,"href":"https:\/\/pogrebno.rs\/hr\/wp-json\/wp\/v2\/kategorija_dokumenata?post=4896"}],"curies":[{"name":"wp","href":"https:\/\/api.w.org\/{rel}","templated":true}]}}