{"id":688,"date":"2025-06-03T18:47:20","date_gmt":"2025-06-03T16:47:20","guid":{"rendered":"https:\/\/pogrebno.rs\/?page_id=688"},"modified":"2025-10-09T19:07:31","modified_gmt":"2025-10-09T17:07:31","slug":"muzeji","status":"publish","type":"page","link":"https:\/\/pogrebno.rs\/hr\/muzeji\/","title":{"rendered":"Muzeji"},"content":{"rendered":"<div data-elementor-type=\"wp-page\" data-elementor-id=\"688\" class=\"elementor elementor-688\" data-elementor-post-type=\"page\">\n\t\t\t\t<div class=\"elementor-element elementor-element-cf0b6a2 e-con-full e-flex e-con e-parent\" data-id=\"cf0b6a2\" data-element_type=\"container\" data-e-type=\"container\" data-settings=\"{&quot;background_background&quot;:&quot;classic&quot;}\">\n\t\t<div class=\"elementor-element elementor-element-485cfaf e-con-full e-flex e-con e-child\" data-id=\"485cfaf\" data-element_type=\"container\" data-e-type=\"container\">\n\t\t<div class=\"elementor-element elementor-element-b44d696 e-con-full e-grid e-con e-child\" data-id=\"b44d696\" data-element_type=\"container\" data-e-type=\"container\">\n\t\t\t\t<div class=\"elementor-element elementor-element-f65bb81 elementor-widget elementor-widget-image\" data-id=\"f65bb81\" data-element_type=\"widget\" data-e-type=\"widget\" data-widget_type=\"image.default\">\n\t\t\t\t<div class=\"elementor-widget-container\">\n\t\t\t\t\t\t\t\t\t\t\t\t\t\t\t<img fetchpriority=\"high\" decoding=\"async\" width=\"252\" height=\"252\" src=\"https:\/\/pogrebno.rs\/wp-content\/uploads\/2025\/05\/Muzej.webp\" class=\"attachment-large size-large wp-image-192\" alt=\"\" srcset=\"https:\/\/pogrebno.rs\/wp-content\/uploads\/2025\/05\/Muzej.webp 252w, https:\/\/pogrebno.rs\/wp-content\/uploads\/2025\/05\/Muzej-150x150.webp 150w\" sizes=\"(max-width: 252px) 100vw, 252px\" \/>\t\t\t\t\t\t\t\t\t\t\t\t\t\t\t<\/div>\n\t\t\t\t<\/div>\n\t\t\t\t<div class=\"elementor-element elementor-element-cb5c450 elementor-widget elementor-widget-heading\" data-id=\"cb5c450\" data-element_type=\"widget\" data-e-type=\"widget\" data-widget_type=\"heading.default\">\n\t\t\t\t<div class=\"elementor-widget-container\">\n\t\t\t\t\t<h2 class=\"elementor-heading-title elementor-size-default translation-block\">muzeji na <br>\r\notvorenom<\/h2>\t\t\t\t<\/div>\n\t\t\t\t<\/div>\n\t\t\t\t<div class=\"elementor-element elementor-element-68a329e elementor-widget elementor-widget-image\" data-id=\"68a329e\" data-element_type=\"widget\" data-e-type=\"widget\" data-widget_type=\"image.default\">\n\t\t\t\t<div class=\"elementor-widget-container\">\n\t\t\t\t\t\t\t\t\t\t\t\t\t\t\t<img fetchpriority=\"high\" decoding=\"async\" width=\"252\" height=\"252\" src=\"https:\/\/pogrebno.rs\/wp-content\/uploads\/2025\/05\/Muzej.webp\" class=\"attachment-large size-large wp-image-192\" alt=\"\" srcset=\"https:\/\/pogrebno.rs\/wp-content\/uploads\/2025\/05\/Muzej.webp 252w, https:\/\/pogrebno.rs\/wp-content\/uploads\/2025\/05\/Muzej-150x150.webp 150w\" sizes=\"(max-width: 252px) 100vw, 252px\" \/>\t\t\t\t\t\t\t\t\t\t\t\t\t\t\t<\/div>\n\t\t\t\t<\/div>\n\t\t\t\t<\/div>\n\t\t<div class=\"elementor-element elementor-element-eea8717 e-con-full e-flex e-con e-child\" data-id=\"eea8717\" data-element_type=\"container\" data-e-type=\"container\" data-settings=\"{&quot;background_background&quot;:&quot;classic&quot;}\">\n\t\t\t\t<div class=\"elementor-element elementor-element-e6ac7ed elementor-widget elementor-widget-text-editor\" data-id=\"e6ac7ed\" data-element_type=\"widget\" data-e-type=\"widget\" data-widget_type=\"text-editor.default\">\n\t\t\t\t<div class=\"elementor-widget-container\">\n\t\t\t\t\t\t\t\t\t<p>Groblja u sebi nose deli\u0107 istorije jednog naroda, nose\u0107i duh pro\u0161lih vremena.<\/p><p>Botani\u010dar pose\u0107uje Botani\u010dki vrt, prou\u010dava retke biljke i bilj\u010dice i stvara bogatstvo botanike. Isto tako, svaki istori\u010dar po\u017eeljan je i o\u010dekivan posetilac groblja, da bi prou\u010davaju\u0107i grobove i zapisuju\u0107i, svedo\u010dio o ljudima i epohoma.<\/p><p>Svakom istori\u010daru umetnosti, groblja su neprocenjiv izvor iskustava, neizbrisiva riznica arhitekture, mesto na kojem su \u010desto i najbolja svoja dela ostavili veliki majstori \u2013 kipari, gde su pesnici, knji\u017eevnici, glumci, nau\u010dnici&#8230;nizovi imena i glasova koji traju i sa one strane vremena.<\/p><p>Ne spominju\u0107i, neizmernu va\u017enost grobova za svakog na\u0161eg gra\u0111anina koji je izgubio bli\u017enjeg,\u00a0 jer upravo su grobovi na\u0161ih predaka jedino mesto koje ne dopu\u0161ta zaborav.<\/p><p>Zapravo, sve je to ovde, oko nas, u na\u0161oj neposrednoj blizini.<\/p><p>Kao i u svakom pionirskom poslu, zadatak je vi\u0161e lep a manje lak.<\/p><p>\u017delimo (i ho\u0107emo) svakoj Suboti\u010danki i Suboti\u010daninu na\u0161eg vremena skrenuti pa\u017enju i saop\u0161titi nekoliko podataka o svemu poznatom, i jo\u0161 vi\u0161e nepoznatom, o grobljima u Subotici \u2013 prostoru izuzetnih emocija ali i neporecive lepote.<\/p><p>\u017delimo (i ho\u0107emo) svima onima koji na grobljima u Subotici imaju pretke, ili svoje drage i nepre\u017ealjene, pru\u017eiti onu najtananiju nit koja \u0107e ih podse\u0107ati da je grob \u0161to ga pose\u0107uju tek samo jedan deo velikog mozaika bogatog lepotom boja i oblika, istorijskim i kulturnom ba\u0161tinom i vrtlogom se\u0107anja.<\/p><p>\u017delimo (i ho\u0107emo) verovati da \u0107emo promeniti \u010dinjenicu da sam pomen groblja kod na\u0161ih gra\u0111ana ne izaziva isklju\u010divo turobne asocijacije, ve\u0107 i ose\u0107anje vrednosti postojanja jednog naroda i jedne istorije.<\/p><p>\u017delimo (i ho\u0107emo) da omogu\u0107imo prijateljima lepote koji slu\u010dajno navrate u na\u0161 grad ali nimalo slu\u010dajno do\u0111u na na\u0161a groblja, da vide ne\u0161to sasvim uobi\u010dajeno za dobro ure\u0111ena groblja na kojima se svakom koraku vidi izuzetan pijetet prema mestima po\u010divanja predaka, kao va\u017enoj tekovini evropskih civilizacija.<\/p><p>A istina je da smo godinama konstatovali odsustvo priznavanja vrednosti svakog pojedina\u010dnog groblja u Subotici, naro\u010dito u smislu potrebe anga\u017eovanja nadle\u017enih institucija na zadatku identifikovnja i unifikovanja istorijske i kulturno \u2013 umetni\u010dke vrednosti svakog groblja pojedina\u010dno, a sve u cilju upoznavanja i negovanja kulturno \u2013 istorijskog nase\u0111a. Upravo to je ono \u0161to gledamo kada posetimo groblja u okru\u017eenju: u drugim manjim ili ve\u0107im gradovima, dr\u017eavama&#8230;.<\/p><p>Vremenom, bi\u0107e potrebno inicirati zna\u010dajne promene u psihologiji do\u017eivljaja groblja u sklopu kulturnog identiteta grada, ukidanjem razbacanih groblja i stvaranjem jednog, jedinstvenog groblja, koncipiranog s vizijom, daleko od savremeno razvijenog grada, a kao rezultat odli\u010dno smi\u0161ljenih urbanisti\u010dkih predvi\u0111enja daljeg razvoja grada sa savremenom organizovanom komunalnom slu\u017ebom, nalik moderno organizovanim dru\u0161tvima i dr\u017eavama.<\/p><p>Francis Bacon, engleski mislilac rekao je: Prirodno je umreti, kao \u0161to je i prirodno biti ro\u0111en.<\/p><p>Izme\u0111u tih navoda, kao i brojnih drugih poznatih ili re\u0111e izgovaranih citata kre\u0107u se sva razmi\u0161ljanja o ljudskom postojanju i prolaznosti, od \u010du\u0111enja do satire, od straha do izazova&#8230;.<\/p><p>Groblja zaista jesu biv\u0161i gradovi i biv\u0161e epohe, ona nastaju i\u00a0 propadaju, \u010duvaju se dugo u sebi pa \u010dak i onda kad ih preseku ulice i novi \u017eivi gradovi, oni imaju svoj govor i svoje ti\u0161ine&#8230;.Navikli smo re\u0107i \u2013 mesta mira i ti\u0161ine.<\/p><p>Istovremeno, MUZEJI NA OTVORENOM!<\/p><p>Razmi\u0161ljaju\u0107i o prolaznosti \u017eivota, poku\u0161avamo savladati okean emocija\u2026i zato \u017eelimo da Vama dragi sugra\u0111ani predstavimo ne\u0161to potpuno novo, a ipak bivaju\u0107i svesni da poku\u0161aj ne\u0107e uvek nai\u0107i na isti ose\u0107aj, komentar&#8230;ali sudbina pojedinih talasa i jeste da se razbiju o obalu \u2013 i nestanu.<\/p><p>Poku\u0161a\u0107emo i \u017eelimo\u00a0 da vam do\u010daramo i predstavimo groblja na jedan sasvim drugi na\u010din, ponekad samo odabranim fotografijama&#8230; povremeno \u0107e fotografije pratiti i nekoliko osnovnih informacija.<\/p><p>Dobro do\u0161li u neki novi, bitno druga\u010diji prikaz groblja, iz okru\u017eenja ili drugih dr\u017eava s jedinom ali jasnom porukom da odnos prema grobljima pokazuje odnos prema nama samima.<\/p>\t\t\t\t\t\t\t\t<\/div>\n\t\t\t\t<\/div>\n\t\t\t\t<\/div>\n\t\t\t\t<div class=\"elementor-element elementor-element-e3c183f elementor-widget elementor-widget-heading\" data-id=\"e3c183f\" data-element_type=\"widget\" data-e-type=\"widget\" data-widget_type=\"heading.default\">\n\t\t\t\t<div class=\"elementor-widget-container\">\n\t\t\t\t\t<h2 class=\"elementor-heading-title elementor-size-default\">Galerija groblja<\/h2>\t\t\t\t<\/div>\n\t\t\t\t<\/div>\n\t\t\t\t<div class=\"elementor-element elementor-element-6258dd3 e-n-tabs-mobile elementor-widget elementor-widget-n-tabs\" data-id=\"6258dd3\" data-element_type=\"widget\" data-e-type=\"widget\" data-settings=\"{&quot;horizontal_scroll&quot;:&quot;disable&quot;}\" data-widget_type=\"nested-tabs.default\">\n\t\t\t\t<div class=\"elementor-widget-container\">\n\t\t\t\t\t\t\t<div class=\"e-n-tabs\" data-widget-number=\"103124435\" aria-label=\"Tabulatori. Stavke otvarajte tipkom Enter ili razmaknica, zatvarajte tipkom Escape i kre\u0107ite se pomo\u0107u tipki sa strelicama.\" data-no-translation-aria-label=\"\">\n\t\t\t<div class=\"e-n-tabs-heading\" role=\"tablist\">\n\t\t\t\t\t<button id=\"e-n-tab-title-1031244351\" data-tab-title-id=\"e-n-tab-title-1031244351\" class=\"e-n-tab-title\" aria-selected=\"true\" data-tab-index=\"1\" role=\"tab\" tabindex=\"0\" aria-controls=\"e-n-tab-content-1031244351\" style=\"--n-tabs-title-order: 1;\">\n\t\t\t\t\t\t<span class=\"e-n-tab-title-text\">\n\t\t\t\tOtok San Michele <br> VENECIJA\t\t\t<\/span>\n\t\t<\/button>\n\t\t\t\t<button id=\"e-n-tab-title-1031244352\" data-tab-title-id=\"e-n-tab-title-1031244352\" class=\"e-n-tab-title\" aria-selected=\"false\" data-tab-index=\"2\" role=\"tab\" tabindex=\"-1\" aria-controls=\"e-n-tab-content-1031244352\" style=\"--n-tabs-title-order: 2;\">\n\t\t\t\t\t\t<span class=\"e-n-tab-title-text\">\n\t\t\t\tGroblje - Riumei <br> BUDIMPE\u0160TA\t\t\t<\/span>\n\t\t<\/button>\n\t\t\t\t<button id=\"e-n-tab-title-1031244353\" data-tab-title-id=\"e-n-tab-title-1031244353\" class=\"e-n-tab-title\" aria-selected=\"false\" data-tab-index=\"3\" role=\"tab\" tabindex=\"-1\" aria-controls=\"e-n-tab-content-1031244353\" style=\"--n-tabs-title-order: 3;\">\n\t\t\t\t\t\t<span class=\"e-n-tab-title-text\">\n\t\t\t\tNOVO GROBLJE <br> NOVI SAD\t\t\t<\/span>\n\t\t<\/button>\n\t\t\t\t\t<\/div>\n\t\t\t<div class=\"e-n-tabs-content\">\n\t\t\t\t<div id=\"e-n-tab-content-1031244351\" role=\"tabpanel\" aria-labelledby=\"e-n-tab-title-1031244351\" data-tab-index=\"1\" style=\"--n-tabs-title-order: 1;\" class=\"e-active elementor-element elementor-element-eb130a2 e-con-full e-flex e-con e-child\" data-id=\"eb130a2\" data-element_type=\"container\" data-e-type=\"container\">\n\t\t<div class=\"elementor-element elementor-element-5ffb6df e-flex e-con-boxed e-con e-child\" data-id=\"5ffb6df\" data-element_type=\"container\" data-e-type=\"container\" data-settings=\"{&quot;background_background&quot;:&quot;classic&quot;}\">\n\t\t\t\t\t<div class=\"e-con-inner\">\n\t\t\t\t<div class=\"elementor-element elementor-element-ba9e91a elementor-widget elementor-widget-heading\" data-id=\"ba9e91a\" data-element_type=\"widget\" data-e-type=\"widget\" data-widget_type=\"heading.default\">\n\t\t\t\t<div class=\"elementor-widget-container\">\n\t\t\t\t\t<h2 class=\"elementor-heading-title elementor-size-default\">Otok San Michele VENECIJA<\/h2>\t\t\t\t<\/div>\n\t\t\t\t<\/div>\n\t\t\t\t<div class=\"elementor-element elementor-element-40e8a41 elementor-widget elementor-widget-image\" data-id=\"40e8a41\" data-element_type=\"widget\" data-e-type=\"widget\" data-widget_type=\"image.default\">\n\t\t\t\t<div class=\"elementor-widget-container\">\n\t\t\t\t\t\t\t\t\t\t\t\t\t\t\t<img decoding=\"async\" width=\"800\" height=\"389\" src=\"https:\/\/pogrebno.rs\/wp-content\/uploads\/2025\/09\/01.webp\" class=\"attachment-large size-large wp-image-2899\" alt=\"\" srcset=\"https:\/\/pogrebno.rs\/wp-content\/uploads\/2025\/09\/01.webp 1024w, https:\/\/pogrebno.rs\/wp-content\/uploads\/2025\/09\/01-300x146.webp 300w, https:\/\/pogrebno.rs\/wp-content\/uploads\/2025\/09\/01-768x374.webp 768w, https:\/\/pogrebno.rs\/wp-content\/uploads\/2025\/09\/01-18x9.webp 18w\" sizes=\"(max-width: 800px) 100vw, 800px\" \/>\t\t\t\t\t\t\t\t\t\t\t\t\t\t\t<\/div>\n\t\t\t\t<\/div>\n\t\t\t\t<div class=\"elementor-element elementor-element-e137a07 elementor-widget elementor-widget-text-editor\" data-id=\"e137a07\" data-element_type=\"widget\" data-e-type=\"widget\" data-widget_type=\"text-editor.default\">\n\t\t\t\t<div class=\"elementor-widget-container\">\n\t\t\t\t\t\t\t\t\t<p>Milioni turista godi\u0161nje posete Veneciju i ostrvo Murano \u2013 samo retki posete groblje gde se me\u0161tani sahranjuju vekovima \u2013 ostrvo San Mi\u010dele koje se nalazi izme\u0111u Venecije i ostrva Murana.<\/p><p>San Mi\u010dele, ili kako ga Venecijanci zovu Ostrvo mrtvih, je ostrvo pretvoreno u groblje pored Venecije u Venecijanskoj laguni. San Mi\u010dele je administrativno deo venecijanske \u010detvrti (sestiere) Kanare\u0111o, pored koje se neposredno nalazi u pravcu severoisto\u010dnog.<\/p>\t\t\t\t\t\t\t\t<\/div>\n\t\t\t\t<\/div>\n\t\t\t\t<div class=\"elementor-element elementor-element-fa7bbdc elementor-widget elementor-widget-eael-creative-button\" data-id=\"fa7bbdc\" data-element_type=\"widget\" data-e-type=\"widget\" data-widget_type=\"eael-creative-button.default\">\n\t\t\t\t<div class=\"elementor-widget-container\">\n\t\t\t\t\t        <div class=\"eael-creative-button-wrapper\">\n\n            <a class=\"eael-creative-button eael-creative-button--default\" href=\"https:\/\/pogrebno.rs\/hr\/groblje-venecija\/\" data-text=\"\">\n            \t    \n                <div class=\"creative-button-inner\">\n\n                    \n                    <span class=\"cretive-button-text\">Pro\u010ditaj jo\u0161<\/span>\n\n                                            <span class=\"eael-creative-button-icon-right\"><svg aria-hidden=\"true\" class=\"e-font-icon-svg e-fas-chevron-down\" viewbox=\"0 0 448 512\" xmlns=\"http:\/\/www.w3.org\/2000\/svg\"><path d=\"M207.029 381.476L12.686 187.132c-9.373-9.373-9.373-24.569 0-33.941l22.667-22.667c9.357-9.357 24.522-9.375 33.901-.04L224 284.505l154.745-154.021c9.379-9.335 24.544-9.317 33.901.04l22.667 22.667c9.373 9.373 9.373 24.569 0 33.941L240.971 381.476c-9.373 9.372-24.569 9.372-33.942 0z\"><\/path><\/svg><\/span>                                    <\/div>\n\t                        <\/a>\n        <\/div>\n        \t\t\t\t<\/div>\n\t\t\t\t<\/div>\n\t\t\t\t\t<\/div>\n\t\t\t\t<\/div>\n\t\t\t\t<\/div>\n\t\t<div id=\"e-n-tab-content-1031244352\" role=\"tabpanel\" aria-labelledby=\"e-n-tab-title-1031244352\" data-tab-index=\"2\" style=\"--n-tabs-title-order: 2;\" class=\"elementor-element elementor-element-601d77d e-flex e-con-boxed e-con e-child\" data-id=\"601d77d\" data-element_type=\"container\" data-e-type=\"container\" data-settings=\"{&quot;background_background&quot;:&quot;classic&quot;}\">\n\t\t\t\t\t<div class=\"e-con-inner\">\n\t\t<div class=\"elementor-element elementor-element-287b541 e-flex e-con-boxed e-con e-child\" data-id=\"287b541\" data-element_type=\"container\" data-e-type=\"container\" data-settings=\"{&quot;background_background&quot;:&quot;classic&quot;}\">\n\t\t\t\t\t<div class=\"e-con-inner\">\n\t\t\t\t<div class=\"elementor-element elementor-element-96ed443 elementor-widget elementor-widget-heading\" data-id=\"96ed443\" data-element_type=\"widget\" data-e-type=\"widget\" data-widget_type=\"heading.default\">\n\t\t\t\t<div class=\"elementor-widget-container\">\n\t\t\t\t\t<h2 class=\"elementor-heading-title elementor-size-default\">Groblje FIUMEI Budimpe\u0161ta<\/h2>\t\t\t\t<\/div>\n\t\t\t\t<\/div>\n\t\t\t\t<div class=\"elementor-element elementor-element-7431599 elementor-widget elementor-widget-image\" data-id=\"7431599\" data-element_type=\"widget\" data-e-type=\"widget\" data-widget_type=\"image.default\">\n\t\t\t\t<div class=\"elementor-widget-container\">\n\t\t\t\t\t\t\t\t\t\t\t\t\t\t\t<img decoding=\"async\" width=\"800\" height=\"389\" src=\"https:\/\/pogrebno.rs\/wp-content\/uploads\/2025\/10\/Fiumei-Budapest.webp\" class=\"attachment-large size-large wp-image-3910\" alt=\"\" srcset=\"https:\/\/pogrebno.rs\/wp-content\/uploads\/2025\/10\/Fiumei-Budapest.webp 1024w, https:\/\/pogrebno.rs\/wp-content\/uploads\/2025\/10\/Fiumei-Budapest-300x146.webp 300w, https:\/\/pogrebno.rs\/wp-content\/uploads\/2025\/10\/Fiumei-Budapest-768x374.webp 768w, https:\/\/pogrebno.rs\/wp-content\/uploads\/2025\/10\/Fiumei-Budapest-18x9.webp 18w\" sizes=\"(max-width: 800px) 100vw, 800px\" \/>\t\t\t\t\t\t\t\t\t\t\t\t\t\t\t<\/div>\n\t\t\t\t<\/div>\n\t\t\t\t<div class=\"elementor-element elementor-element-078a7fc elementor-widget elementor-widget-text-editor\" data-id=\"078a7fc\" data-element_type=\"widget\" data-e-type=\"widget\" data-widget_type=\"text-editor.default\">\n\t\t\t\t<div class=\"elementor-widget-container\">\n\t\t\t\t\t\t\t\t\t<p>Groblje na putu Fiumei u Budimpe\u0161ti, Ma\u0111arska je vi\u0161e od groblja: to je jedna od najve\u0107ih kolekcija statua u Ma\u0111arskoj, a njegovo ure\u0111eno podru\u010dje od 56 hektara nalik arboretumu ima avenije u kojima se nalazi 10 vrsta drve\u0107a i 110 razli\u010ditih vrsta ptica.<\/p><p>Groblje na putu Fiumei koje je otvoreno 1847. godine kao javno groblje u Pe\u0161ti, jedino je groblje koje je u celini nacionalni memorijal, istorijska knjiga na otvorenom dana\u0161nje Ma\u0111arske u kojoj \u0107e se na\u0107i tragovi Doba dualizma, nacionalnog razvoj, komunizam, rat za nezavisnost 1848-49 i revolucija 1956, kao i demokratski vi\u0161epartijski sistem.<\/p>\t\t\t\t\t\t\t\t<\/div>\n\t\t\t\t<\/div>\n\t\t\t\t<div class=\"elementor-element elementor-element-dd07b55 elementor-widget elementor-widget-eael-creative-button\" data-id=\"dd07b55\" data-element_type=\"widget\" data-e-type=\"widget\" data-widget_type=\"eael-creative-button.default\">\n\t\t\t\t<div class=\"elementor-widget-container\">\n\t\t\t\t\t        <div class=\"eael-creative-button-wrapper\">\n\n            <a class=\"eael-creative-button eael-creative-button--default\" href=\"https:\/\/pogrebno.rs\/hr\/groblje-budapest\/\" data-text=\"\">\n            \t    \n                <div class=\"creative-button-inner\">\n\n                    \n                    <span class=\"cretive-button-text\">Pro\u010ditaj jo\u0161<\/span>\n\n                                            <span class=\"eael-creative-button-icon-right\"><svg aria-hidden=\"true\" class=\"e-font-icon-svg e-fas-chevron-down\" viewbox=\"0 0 448 512\" xmlns=\"http:\/\/www.w3.org\/2000\/svg\"><path d=\"M207.029 381.476L12.686 187.132c-9.373-9.373-9.373-24.569 0-33.941l22.667-22.667c9.357-9.357 24.522-9.375 33.901-.04L224 284.505l154.745-154.021c9.379-9.335 24.544-9.317 33.901.04l22.667 22.667c9.373 9.373 9.373 24.569 0 33.941L240.971 381.476c-9.373 9.372-24.569 9.372-33.942 0z\"><\/path><\/svg><\/span>                                    <\/div>\n\t                        <\/a>\n        <\/div>\n        \t\t\t\t<\/div>\n\t\t\t\t<\/div>\n\t\t\t\t\t<\/div>\n\t\t\t\t<\/div>\n\t\t\t\t\t<\/div>\n\t\t\t\t<\/div>\n\t\t<div id=\"e-n-tab-content-1031244353\" role=\"tabpanel\" aria-labelledby=\"e-n-tab-title-1031244353\" data-tab-index=\"3\" style=\"--n-tabs-title-order: 3;\" class=\"elementor-element elementor-element-795eb7e e-con-full e-flex e-con e-child\" data-id=\"795eb7e\" data-element_type=\"container\" data-e-type=\"container\">\n\t\t<div class=\"elementor-element elementor-element-5fafe37 e-flex e-con-boxed e-con e-child\" data-id=\"5fafe37\" data-element_type=\"container\" data-e-type=\"container\" data-settings=\"{&quot;background_background&quot;:&quot;classic&quot;}\">\n\t\t\t\t\t<div class=\"e-con-inner\">\n\t\t\t\t<div class=\"elementor-element elementor-element-8654fed elementor-widget elementor-widget-heading\" data-id=\"8654fed\" data-element_type=\"widget\" data-e-type=\"widget\" data-widget_type=\"heading.default\">\n\t\t\t\t<div class=\"elementor-widget-container\">\n\t\t\t\t\t<h2 class=\"elementor-heading-title elementor-size-default\">Novo groblje Novi Sad<\/h2>\t\t\t\t<\/div>\n\t\t\t\t<\/div>\n\t\t\t\t<div class=\"elementor-element elementor-element-8fcf1aa elementor-widget elementor-widget-image\" data-id=\"8fcf1aa\" data-element_type=\"widget\" data-e-type=\"widget\" data-widget_type=\"image.default\">\n\t\t\t\t<div class=\"elementor-widget-container\">\n\t\t\t\t\t\t\t\t\t\t\t\t\t\t\t<img loading=\"lazy\" decoding=\"async\" width=\"800\" height=\"389\" src=\"https:\/\/pogrebno.rs\/wp-content\/uploads\/2025\/10\/NovoGroblje-NoviSad.webp\" class=\"attachment-large size-large wp-image-3911\" alt=\"\" srcset=\"https:\/\/pogrebno.rs\/wp-content\/uploads\/2025\/10\/NovoGroblje-NoviSad.webp 1024w, https:\/\/pogrebno.rs\/wp-content\/uploads\/2025\/10\/NovoGroblje-NoviSad-300x146.webp 300w, https:\/\/pogrebno.rs\/wp-content\/uploads\/2025\/10\/NovoGroblje-NoviSad-768x374.webp 768w, https:\/\/pogrebno.rs\/wp-content\/uploads\/2025\/10\/NovoGroblje-NoviSad-18x9.webp 18w\" sizes=\"(max-width: 800px) 100vw, 800px\" \/>\t\t\t\t\t\t\t\t\t\t\t\t\t\t\t<\/div>\n\t\t\t\t<\/div>\n\t\t\t\t<div class=\"elementor-element elementor-element-3e4cf66 elementor-widget elementor-widget-text-editor\" data-id=\"3e4cf66\" data-element_type=\"widget\" data-e-type=\"widget\" data-widget_type=\"text-editor.default\">\n\t\t\t\t<div class=\"elementor-widget-container\">\n\t\t\t\t\t\t\t\t\t<p style=\"margin: 0cm; text-align: justify;\">Gradsko groblje nalazi se na Rumena\u010dkom putu br. 65 u Novom Sadu. Otvoreno je 1974. godine kao multikonfesionalno. Svojim idejno-oblikovnim re\u0161enjem i re\u017eimom kori\u0161\u0107enja predstavlja specifi\u010dan komunalni objekat u zemlji sa svim neophodnim sadr\u017eajima, kao \u0161to su: upravna zgrada, kapela, opro\u0161tajna dvorana, krematorijum, prodajno-izlo\u017ebeni salon pogrebne opreme i kamena, ku\u0107a za da\u0107e i pomene, arhiv, radionice i magacinski prostor.<\/p><p style=\"margin: 0cm; text-align: justify;\"><br><\/p>\n<p>Na Gradskom groblju ure\u0111eni su prostori za grobnice i ure\u0111ene parcele sa spomenicima. Na ovim ure\u0111enim parcelama, popularno nazvanim \u201cameri\u010dke\u201d, spomenici su jednoobrazni, od prirodnog i ve\u0161ta\u010dkog kamena i bez humki.<\/p>\t\t\t\t\t\t\t\t<\/div>\n\t\t\t\t<\/div>\n\t\t\t\t<div class=\"elementor-element elementor-element-f4cf548 elementor-widget elementor-widget-eael-creative-button\" data-id=\"f4cf548\" data-element_type=\"widget\" data-e-type=\"widget\" data-widget_type=\"eael-creative-button.default\">\n\t\t\t\t<div class=\"elementor-widget-container\">\n\t\t\t\t\t        <div class=\"eael-creative-button-wrapper\">\n\n            <a class=\"eael-creative-button eael-creative-button--default\" href=\"https:\/\/pogrebno.rs\/hr\/groblje-novi-sad\/\" data-text=\"\">\n            \t    \n                <div class=\"creative-button-inner\">\n\n                    \n                    <span class=\"cretive-button-text\">Pro\u010ditaj jo\u0161<\/span>\n\n                                            <span class=\"eael-creative-button-icon-right\"><svg aria-hidden=\"true\" class=\"e-font-icon-svg e-fas-chevron-down\" viewbox=\"0 0 448 512\" xmlns=\"http:\/\/www.w3.org\/2000\/svg\"><path d=\"M207.029 381.476L12.686 187.132c-9.373-9.373-9.373-24.569 0-33.941l22.667-22.667c9.357-9.357 24.522-9.375 33.901-.04L224 284.505l154.745-154.021c9.379-9.335 24.544-9.317 33.901.04l22.667 22.667c9.373 9.373 9.373 24.569 0 33.941L240.971 381.476c-9.373 9.372-24.569 9.372-33.942 0z\"><\/path><\/svg><\/span>                                    <\/div>\n\t                        <\/a>\n        <\/div>\n        \t\t\t\t<\/div>\n\t\t\t\t<\/div>\n\t\t\t\t\t<\/div>\n\t\t\t\t<\/div>\n\t\t\t\t<\/div>\n\t\t\t\t\t<\/div>\n\t\t<\/div>\n\t\t\t\t\t\t<\/div>\n\t\t\t\t<\/div>\n\t\t\t\t<\/div>\n\t\t\t\t<\/div>\n\t\t\t\t<\/div>","protected":false},"excerpt":{"rendered":"<p>muzeji na otvorenom Groblja u sebi nose deli\u0107 istorije jednog naroda, nose\u0107i duh pro\u0161lih vremena. Botani\u010dar pose\u0107uje Botani\u010dki vrt, prou\u010dava retke biljke i bilj\u010dice i stvara bogatstvo botanike. Isto tako, svaki istori\u010dar po\u017eeljan je i o\u010dekivan posetilac groblja, da bi prou\u010davaju\u0107i grobove i zapisuju\u0107i, svedo\u010dio o ljudima i epohoma. Svakom istori\u010daru umetnosti, groblja su neprocenjiv [&hellip;]<\/p>\n","protected":false},"author":1,"featured_media":0,"parent":0,"menu_order":0,"comment_status":"closed","ping_status":"closed","template":"elementor_header_footer","meta":{"_acf_changed":false,"_eb_attr":"","footnotes":""},"kategorija_dokumenata":[],"class_list":["post-688","page","type-page","status-publish","hentry"],"acf":[],"_links":{"self":[{"href":"https:\/\/pogrebno.rs\/hr\/wp-json\/wp\/v2\/pages\/688","targetHints":{"allow":["GET"]}}],"collection":[{"href":"https:\/\/pogrebno.rs\/hr\/wp-json\/wp\/v2\/pages"}],"about":[{"href":"https:\/\/pogrebno.rs\/hr\/wp-json\/wp\/v2\/types\/page"}],"author":[{"embeddable":true,"href":"https:\/\/pogrebno.rs\/hr\/wp-json\/wp\/v2\/users\/1"}],"replies":[{"embeddable":true,"href":"https:\/\/pogrebno.rs\/hr\/wp-json\/wp\/v2\/comments?post=688"}],"version-history":[{"count":76,"href":"https:\/\/pogrebno.rs\/hr\/wp-json\/wp\/v2\/pages\/688\/revisions"}],"predecessor-version":[{"id":3955,"href":"https:\/\/pogrebno.rs\/hr\/wp-json\/wp\/v2\/pages\/688\/revisions\/3955"}],"wp:attachment":[{"href":"https:\/\/pogrebno.rs\/hr\/wp-json\/wp\/v2\/media?parent=688"}],"wp:term":[{"taxonomy":"kategorija_dokumenata","embeddable":true,"href":"https:\/\/pogrebno.rs\/hr\/wp-json\/wp\/v2\/kategorija_dokumenata?post=688"}],"curies":[{"name":"wp","href":"https:\/\/api.w.org\/{rel}","templated":true}]}}