{"id":690,"date":"2025-06-03T18:47:35","date_gmt":"2025-06-03T16:47:35","guid":{"rendered":"https:\/\/pogrebno.rs\/?page_id=690"},"modified":"2025-10-09T19:07:30","modified_gmt":"2025-10-09T17:07:30","slug":"herbarijum","status":"publish","type":"page","link":"https:\/\/pogrebno.rs\/hr\/herbarijum\/","title":{"rendered":"Herbarij"},"content":{"rendered":"<div data-elementor-type=\"wp-page\" data-elementor-id=\"690\" class=\"elementor elementor-690\" data-elementor-post-type=\"page\">\n\t\t\t\t<div class=\"elementor-element elementor-element-87d23f2 e-con-full e-flex e-con e-parent\" data-id=\"87d23f2\" data-element_type=\"container\" data-e-type=\"container\" data-settings=\"{&quot;background_background&quot;:&quot;classic&quot;}\">\n\t\t<div class=\"elementor-element elementor-element-b51397d e-con-full e-flex e-con e-child\" data-id=\"b51397d\" data-element_type=\"container\" data-e-type=\"container\">\n\t\t<div class=\"elementor-element elementor-element-a709043 e-con-full e-grid e-con e-child\" data-id=\"a709043\" data-element_type=\"container\" data-e-type=\"container\">\n\t\t\t\t<div class=\"elementor-element elementor-element-e57797e elementor-widget elementor-widget-image\" data-id=\"e57797e\" data-element_type=\"widget\" data-e-type=\"widget\" data-widget_type=\"image.default\">\n\t\t\t\t<div class=\"elementor-widget-container\">\n\t\t\t\t\t\t\t\t\t\t\t\t\t\t\t<img fetchpriority=\"high\" decoding=\"async\" width=\"630\" height=\"275\" src=\"https:\/\/pogrebno.rs\/wp-content\/uploads\/2025\/05\/Ljiljan-levi.webp\" class=\"attachment-large size-large wp-image-97\" alt=\"\" srcset=\"https:\/\/pogrebno.rs\/wp-content\/uploads\/2025\/05\/Ljiljan-levi.webp 630w, https:\/\/pogrebno.rs\/wp-content\/uploads\/2025\/05\/Ljiljan-levi-300x131.webp 300w\" sizes=\"(max-width: 630px) 100vw, 630px\" \/>\t\t\t\t\t\t\t\t\t\t\t\t\t\t\t<\/div>\n\t\t\t\t<\/div>\n\t\t\t\t<div class=\"elementor-element elementor-element-49b247a elementor-widget elementor-widget-heading\" data-id=\"49b247a\" data-element_type=\"widget\" data-e-type=\"widget\" data-widget_type=\"heading.default\">\n\t\t\t\t<div class=\"elementor-widget-container\">\n\t\t\t\t\t<h2 class=\"elementor-heading-title elementor-size-default\">herbarij<\/h2>\t\t\t\t<\/div>\n\t\t\t\t<\/div>\n\t\t\t\t<div class=\"elementor-element elementor-element-628093f elementor-widget elementor-widget-image\" data-id=\"628093f\" data-element_type=\"widget\" data-e-type=\"widget\" data-widget_type=\"image.default\">\n\t\t\t\t<div class=\"elementor-widget-container\">\n\t\t\t\t\t\t\t\t\t\t\t\t\t\t\t<img decoding=\"async\" width=\"631\" height=\"275\" src=\"https:\/\/pogrebno.rs\/wp-content\/uploads\/2025\/05\/Ljiljan-desni.webp\" class=\"attachment-large size-large wp-image-98\" alt=\"\" srcset=\"https:\/\/pogrebno.rs\/wp-content\/uploads\/2025\/05\/Ljiljan-desni.webp 631w, https:\/\/pogrebno.rs\/wp-content\/uploads\/2025\/05\/Ljiljan-desni-300x131.webp 300w\" sizes=\"(max-width: 631px) 100vw, 631px\" \/>\t\t\t\t\t\t\t\t\t\t\t\t\t\t\t<\/div>\n\t\t\t\t<\/div>\n\t\t\t\t<\/div>\n\t\t\t\t<div class=\"elementor-element elementor-element-df84521 elementor-widget elementor-widget-text-editor\" data-id=\"df84521\" data-element_type=\"widget\" data-e-type=\"widget\" data-widget_type=\"text-editor.default\">\n\t\t\t\t<div class=\"elementor-widget-container\">\n\t\t\t\t\t\t\t\t\t<p>Dragi sugra\u0111ani, izlo\u017eena je nova, poslednja serija Herbarijuma profesora u penziji dr Geze Ceku\u0161a, po\u010dev od dana 29. septembra 2023. godine: pogledajte DRVENASTE PUZAVICE I VO\u0106A.<\/p>\t\t\t\t\t\t\t\t<\/div>\n\t\t\t\t<\/div>\n\t\t<div class=\"elementor-element elementor-element-cc24ddc e-con-full e-flex e-con e-child\" data-id=\"cc24ddc\" data-element_type=\"container\" data-e-type=\"container\">\n\t\t\t\t<div class=\"elementor-element elementor-element-97b874d elementor-widget elementor-widget-eael-creative-button\" data-id=\"97b874d\" data-element_type=\"widget\" data-e-type=\"widget\" data-widget_type=\"eael-creative-button.default\">\n\t\t\t\t<div class=\"elementor-widget-container\">\n\t\t\t\t\t        <div class=\"eael-creative-button-wrapper\">\n\n            <a class=\"eael-creative-button eael-creative-button--default\" href=\"https:\/\/pogrebno.rs\/hr\/herbarijum-1\/\" data-text=\"\">\n            \t    \n                <div class=\"creative-button-inner\">\n\n                    \n                    <span class=\"cretive-button-text\">Korovi i \u010detinari<\/span>\n\n                                            <span class=\"eael-creative-button-icon-right\"><svg aria-hidden=\"true\" class=\"e-font-icon-svg e-fas-chevron-right\" viewbox=\"0 0 320 512\" xmlns=\"http:\/\/www.w3.org\/2000\/svg\"><path d=\"M285.476 272.971L91.132 467.314c-9.373 9.373-24.569 9.373-33.941 0l-22.667-22.667c-9.357-9.357-9.375-24.522-.04-33.901L188.505 256 34.484 101.255c-9.335-9.379-9.317-24.544.04-33.901l22.667-22.667c9.373-9.373 24.569-9.373 33.941 0L285.475 239.03c9.373 9.372 9.373 24.568.001 33.941z\"><\/path><\/svg><\/span>                                    <\/div>\n\t                        <\/a>\n        <\/div>\n        \t\t\t\t<\/div>\n\t\t\t\t<\/div>\n\t\t\t\t<div class=\"elementor-element elementor-element-dbdf3f7 elementor-widget elementor-widget-eael-creative-button\" data-id=\"dbdf3f7\" data-element_type=\"widget\" data-e-type=\"widget\" data-widget_type=\"eael-creative-button.default\">\n\t\t\t\t<div class=\"elementor-widget-container\">\n\t\t\t\t\t        <div class=\"eael-creative-button-wrapper\">\n\n            <a class=\"eael-creative-button eael-creative-button--default\" href=\"https:\/\/pogrebno.rs\/hr\/herbarijum-2\/\" data-text=\"\">\n            \t    \n                <div class=\"creative-button-inner\">\n\n                    \n                    <span class=\"cretive-button-text\">Woody <br> puzavice i vo\u0107e<\/span>\n\n                                            <span class=\"eael-creative-button-icon-right\"><svg aria-hidden=\"true\" class=\"e-font-icon-svg e-fas-chevron-right\" viewbox=\"0 0 320 512\" xmlns=\"http:\/\/www.w3.org\/2000\/svg\"><path d=\"M285.476 272.971L91.132 467.314c-9.373 9.373-24.569 9.373-33.941 0l-22.667-22.667c-9.357-9.357-9.375-24.522-.04-33.901L188.505 256 34.484 101.255c-9.335-9.379-9.317-24.544.04-33.901l22.667-22.667c9.373-9.373 24.569-9.373 33.941 0L285.475 239.03c9.373 9.372 9.373 24.568.001 33.941z\"><\/path><\/svg><\/span>                                    <\/div>\n\t                        <\/a>\n        <\/div>\n        \t\t\t\t<\/div>\n\t\t\t\t<\/div>\n\t\t\t\t<div class=\"elementor-element elementor-element-04f41d5 elementor-widget elementor-widget-eael-creative-button\" data-id=\"04f41d5\" data-element_type=\"widget\" data-e-type=\"widget\" data-widget_type=\"eael-creative-button.default\">\n\t\t\t\t<div class=\"elementor-widget-container\">\n\t\t\t\t\t        <div class=\"eael-creative-button-wrapper\">\n\n            <a class=\"eael-creative-button eael-creative-button--default\" href=\"https:\/\/pogrebno.rs\/hr\/herbarijum-3\/\" data-text=\"\">\n            \t    \n                <div class=\"creative-button-inner\">\n\n                    \n                    <span class=\"cretive-button-text\">Rijetke biljke<\/span>\n\n                                            <span class=\"eael-creative-button-icon-right\"><svg aria-hidden=\"true\" class=\"e-font-icon-svg e-fas-chevron-right\" viewbox=\"0 0 320 512\" xmlns=\"http:\/\/www.w3.org\/2000\/svg\"><path d=\"M285.476 272.971L91.132 467.314c-9.373 9.373-24.569 9.373-33.941 0l-22.667-22.667c-9.357-9.357-9.375-24.522-.04-33.901L188.505 256 34.484 101.255c-9.335-9.379-9.317-24.544.04-33.901l22.667-22.667c9.373-9.373 24.569-9.373 33.941 0L285.475 239.03c9.373 9.372 9.373 24.568.001 33.941z\"><\/path><\/svg><\/span>                                    <\/div>\n\t                        <\/a>\n        <\/div>\n        \t\t\t\t<\/div>\n\t\t\t\t<\/div>\n\t\t\t\t<\/div>\n\t\t<div class=\"elementor-element elementor-element-233e07e e-con-full e-flex e-con e-child\" data-id=\"233e07e\" data-element_type=\"container\" data-e-type=\"container\" data-settings=\"{&quot;background_background&quot;:&quot;classic&quot;}\">\n\t\t\t\t<div class=\"elementor-element elementor-element-2d5c2cf elementor-widget elementor-widget-text-editor\" data-id=\"2d5c2cf\" data-element_type=\"widget\" data-e-type=\"widget\" data-widget_type=\"text-editor.default\">\n\t\t\t\t<div class=\"elementor-widget-container\">\n\t\t\t\t\t\t\t\t\t<p>Ambijent, izgled na\u0161ih grobalja ne mo\u017ee da se takmi\u010di sa poznatim grobljima koja su na listi svetske kulturne ba\u0161tine ili su deo Rute evropskih grobalja. Me\u0111utim, NA\u0160A su. Na\u0161e je da ih cenimo, da se potrudimo da ih o\u010duvamo i da ih \u010dinimo jo\u0161 lep\u0161im, u botani\u010dkom smislu bogatijim, raznovrsnijim.<\/p><p><br \/>Drve\u0107e i \u0161iblje pored kojih prolazimo pri poseti groblju na\u0161i su poznanici. Ako su poznanici, trebalo bi da ne\u0161to znamo o njima, makar njihova imena.\u2028 Biljke su na\u0161i saputnici jer nas prate od ro\u0111enja (kolevka) sve do smrti (pogrebni sanduk). Pored osnovnih funkcija, imaju i simboli\u010dko zna\u010denje.<\/p><p><br \/>Nismo ni pomislili na to da ruzmarin simbolizuje vernost, bra\u010dnu sre\u0107u, da je lipa simbol tuge i smrti, da je br\u0161ljan biljka ljubavi do smrti jer se obavija oko drveta koje se na kraju osu\u0161i, \u0161im\u0161ir je simbol otpornosti, a tisa simbol dugove\u010dnosti, ujedno i patnje i smrti.<\/p>\t\t\t\t\t\t\t\t<\/div>\n\t\t\t\t<\/div>\n\t\t\t\t<\/div>\n\t\t<div class=\"elementor-element elementor-element-101483b e-con-full e-flex e-con e-child\" data-id=\"101483b\" data-element_type=\"container\" data-e-type=\"container\">\n\t\t<div class=\"elementor-element elementor-element-c5bbbb4 e-con-full e-flex e-con e-child\" data-id=\"c5bbbb4\" data-element_type=\"container\" data-e-type=\"container\" data-settings=\"{&quot;background_background&quot;:&quot;classic&quot;}\">\n\t\t<div class=\"elementor-element elementor-element-4b172be e-con-full e-flex e-con e-child\" data-id=\"4b172be\" data-element_type=\"container\" data-e-type=\"container\">\n\t\t\t\t<div class=\"elementor-element elementor-element-43a72a0 elementor-widget elementor-widget-image\" data-id=\"43a72a0\" data-element_type=\"widget\" data-e-type=\"widget\" data-widget_type=\"image.default\">\n\t\t\t\t<div class=\"elementor-widget-container\">\n\t\t\t\t\t\t\t\t\t\t\t\t\t\t\t<img decoding=\"async\" width=\"157\" height=\"144\" src=\"https:\/\/pogrebno.rs\/wp-content\/uploads\/2025\/07\/Geza-Cekus.webp\" class=\"attachment-large size-large wp-image-1169\" alt=\"\" \/>\t\t\t\t\t\t\t\t\t\t\t\t\t\t\t<\/div>\n\t\t\t\t<\/div>\n\t\t\t\t<div class=\"elementor-element elementor-element-84ba1fc elementor-widget elementor-widget-heading\" data-id=\"84ba1fc\" data-element_type=\"widget\" data-e-type=\"widget\" data-widget_type=\"heading.default\">\n\t\t\t\t<div class=\"elementor-widget-container\">\n\t\t\t\t\t<h2 class=\"elementor-heading-title elementor-size-default\">Geza Ceku\u0161 <br>\nbiografija<\/h2>\t\t\t\t<\/div>\n\t\t\t\t<\/div>\n\t\t\t\t<\/div>\n\t\t\t\t<div class=\"elementor-element elementor-element-55da28e elementor-widget elementor-widget-text-editor\" data-id=\"55da28e\" data-element_type=\"widget\" data-e-type=\"widget\" data-widget_type=\"text-editor.default\">\n\t\t\t\t<div class=\"elementor-widget-container\">\n\t\t\t\t\t\t\t\t\t<p>Geza Ceku\u0161 je rodom iz Malog I\u0111o\u0161a (1953). Osnovnu i srednju \u0161kolu je zavr\u0161io u Subotici, a Prirodno-matemati\u010dki fakultet, smer biologija, u Novom Sadu. Doktorirao je u Segedinu (1985) i u Novom Sadu (1991).<\/p><p>Ceo radni sta\u017e je proveo u prosveti. Penzionisan je kao redovni profesor univerziteta 2018. godine.<\/p><p>Najzna\u010dajnija nagrada kojom je nagra\u0111en je Pro Ecclesia et Pontifice (Za Crkvu i za papu), najvi\u0161e priznanje Vatikana koje se dodeljuje civilima.<\/p><p>Pored pedago\u0161kog rada, bavio se botanikom (publikovao je dve nove vrste biljaka za Jugoslaviju, odnosno za Srbiju) i antropologijom.<\/p><p>Pored objavljenih stru\u010dno-nau\u010dnih radova, publikovao je i ve\u0107i broj knjiga, me\u0111u kojima je pet monografija \u2013 dve su pisane na temu groblja.<\/p><p>U \u017ei\u017ei interesovanja mu je groblje; nadgrobni spomenici i drvenaste biljke groblja. Bio je autor dve izlo\u017ebe.<\/p>\t\t\t\t\t\t\t\t<\/div>\n\t\t\t\t<\/div>\n\t\t\t\t<\/div>\n\t\t\t\t<\/div>\n\t\t\t\t<\/div>\n\t\t\t\t<\/div>\n\t\t\t\t<\/div>","protected":false},"excerpt":{"rendered":"<p>herbarijum Dragi sugra\u0111ani, izlo\u017eena je nova, poslednja serija Herbarijuma profesora u penziji dr Geze Ceku\u0161a, po\u010dev od dana 29. septembra 2023. godine: pogledajte DRVENASTE PUZAVICE I VO\u0106A. Korovi i \u010detinari Drvenaste puzavice i vo\u0107e Retke biljke Ambijent, izgled na\u0161ih grobalja ne mo\u017ee da se takmi\u010di sa poznatim grobljima koja su na listi svetske kulturne ba\u0161tine [&hellip;]<\/p>\n","protected":false},"author":1,"featured_media":0,"parent":0,"menu_order":0,"comment_status":"closed","ping_status":"closed","template":"elementor_header_footer","meta":{"_acf_changed":false,"_eb_attr":"","footnotes":""},"kategorija_dokumenata":[],"class_list":["post-690","page","type-page","status-publish","hentry"],"acf":[],"_links":{"self":[{"href":"https:\/\/pogrebno.rs\/hr\/wp-json\/wp\/v2\/pages\/690","targetHints":{"allow":["GET"]}}],"collection":[{"href":"https:\/\/pogrebno.rs\/hr\/wp-json\/wp\/v2\/pages"}],"about":[{"href":"https:\/\/pogrebno.rs\/hr\/wp-json\/wp\/v2\/types\/page"}],"author":[{"embeddable":true,"href":"https:\/\/pogrebno.rs\/hr\/wp-json\/wp\/v2\/users\/1"}],"replies":[{"embeddable":true,"href":"https:\/\/pogrebno.rs\/hr\/wp-json\/wp\/v2\/comments?post=690"}],"version-history":[{"count":46,"href":"https:\/\/pogrebno.rs\/hr\/wp-json\/wp\/v2\/pages\/690\/revisions"}],"predecessor-version":[{"id":1945,"href":"https:\/\/pogrebno.rs\/hr\/wp-json\/wp\/v2\/pages\/690\/revisions\/1945"}],"wp:attachment":[{"href":"https:\/\/pogrebno.rs\/hr\/wp-json\/wp\/v2\/media?parent=690"}],"wp:term":[{"taxonomy":"kategorija_dokumenata","embeddable":true,"href":"https:\/\/pogrebno.rs\/hr\/wp-json\/wp\/v2\/kategorija_dokumenata?post=690"}],"curies":[{"name":"wp","href":"https:\/\/api.w.org\/{rel}","templated":true}]}}