{"id":2967,"date":"2025-09-23T20:08:45","date_gmt":"2025-09-23T18:08:45","guid":{"rendered":"https:\/\/pogrebno.rs\/?page_id=2967"},"modified":"2025-10-09T19:07:30","modified_gmt":"2025-10-09T17:07:30","slug":"groblje-budapest","status":"publish","type":"page","link":"https:\/\/pogrebno.rs\/hu\/groblje-budapest\/","title":{"rendered":"Groblje Budapest"},"content":{"rendered":"<div data-elementor-type=\"wp-page\" data-elementor-id=\"2967\" class=\"elementor elementor-2967\" data-elementor-post-type=\"page\">\n\t\t\t\t<div class=\"elementor-element elementor-element-2cf0e7a e-con-full e-flex e-con e-parent\" data-id=\"2cf0e7a\" data-element_type=\"container\" data-e-type=\"container\" data-settings=\"{&quot;background_background&quot;:&quot;classic&quot;}\">\n\t\t<div class=\"elementor-element elementor-element-de2444c e-con-full e-flex e-con e-child\" data-id=\"de2444c\" data-element_type=\"container\" data-e-type=\"container\">\n\t\t\t\t<div class=\"elementor-element elementor-element-cc87312 elementor-widget elementor-widget-heading\" data-id=\"cc87312\" data-element_type=\"widget\" data-e-type=\"widget\" data-widget_type=\"heading.default\">\n\t\t\t\t<div class=\"elementor-widget-container\">\n\t\t\t\t\t<h2 class=\"elementor-heading-title elementor-size-default\">FIUMEI temet\u0151 Budapest<\/h2>\t\t\t\t<\/div>\n\t\t\t\t<\/div>\n\t\t\t\t<div class=\"elementor-element elementor-element-6e5cbbd elementor-widget elementor-widget-text-editor\" data-id=\"6e5cbbd\" data-element_type=\"widget\" data-e-type=\"widget\" data-widget_type=\"text-editor.default\">\n\t\t\t\t<div class=\"elementor-widget-container\">\n\t\t\t\t\t\t\t\t\t<p>A budapesti Fiumei \u00fati s\u00edrkert t\u00f6bb mint egy temet\u0151: Itt tal\u00e1lhat\u00f3 Magyarorsz\u00e1g egyik legnagyobb szoborgy\u0171jtem\u00e9nye, parkos\u00edtott, 56 hekt\u00e1ros arbor\u00e9tumszer\u0171 ter\u00fclete pedig 10 fafajnak \u00e9s 110 k\u00fcl\u00f6nb\u00f6z\u0151 mad\u00e1rfajnak ad otthont.<\/p><p>A Fiumei \u00fati s\u00edrkert, amelyet 1847-ben nyitottak meg pesti k\u00f6ztemet\u0151k\u00e9nt, az egyetlen temet\u0151, amely teljes eg\u00e9sz\u00e9ben nemzeti eml\u00e9khely, a mai Magyarorsz\u00e1g szabadt\u00e9ri t\u00f6rt\u00e9nelemk\u00f6nyve, ahol nyomokban visszak\u00f6sz\u00f6n a Dualizmus kora, a nemzeti fejl\u0151d\u00e9s, a kommunizmus, az 1848-49-es szabads\u00e1gharc \u00e9s az 1956-os forradalom, valamint a demokratikus t\u00f6bbp\u00e1rtrendszer id\u0151szaka.<\/p><p>Az \u00daj K\u00f6ztemet\u0151ben tal\u00e1lhat\u00f3 a Nemzeti Gy\u00e1szpark, amely a k\u00f6zeli B\u00fcntet\u00e9s-v\u00e9grehajt\u00e1si Int\u00e9zettel egy\u00fctt a kommunizmus \u00e1ldozatainak nemzeti eml\u00e9khelye, \u00e9s egyben az 1956-os- \u00e9s 1989-es esem\u00e9nyek el\u0151tt tiszteleg. Az 1956-os szabads\u00e1gharc 60. \u00e9vfordul\u00f3j\u00e1ra \u00e9p\u00fclt l\u00e1togat\u00f3k\u00f6zpontot interakt\u00edv tartalmakkal nem m\u00fazeumnak sz\u00e1nt\u00e1k. Jelenlegi ismereteinket megfelel\u0151 adatokkal eg\u00e9sz\u00edti ki \u00e9s ez egy \u00e9rzelmeket kiv\u00e1lt\u00f3 eml\u00e9khely, amely egyben bemutatja a 298-as, 300-as \u00e9s 301-es parcell\u00e1k t\u00f6rt\u00e9net\u00e9t \u00e9s a benn\u00fck nyugv\u00f3 szem\u00e9lyeket, akikr\u0151l ma m\u00e1r 1200 szem\u00e9lyes \u00e9letrajz \u00e9rhet\u0151 el a Nemzeti \u00d6r\u00f6ks\u00e9g Int\u00e9zet\u00e9nek adatb\u00e1zis\u00e1ban.<\/p><p>Kiv\u00e9gzett, meg\u00f6lt h\u0151s\u00f6k \u00e9s \u00e1rtatlan \u00e1ldozatok, akik k\u00f6z\u00fcl sokan fogs\u00e1gban haltak meg, h\u00e1bor\u00fas \u00e9s k\u00f6zt\u00f6rv\u00e9nyes b\u0171n\u00f6z\u0151k mellett fekszenek a sokszor m\u00e9g ma is jel\u00f6letlen s\u00edrokban, ez\u00e9rt a s\u00edrfelt\u00e1r\u00e1sok tiszteletteljesen, akad\u00e1lytalanul folytat\u00f3dnak. A Nemzeti \u00d6r\u00f6ks\u00e9g Int\u00e9zete tematikus s\u00e9t\u00e1kkal, rendhagy\u00f3 t\u00f6rt\u00e9nelem\u00f3r\u00e1kkal \u00e9s filmvet\u00edt\u00e9sekkel v\u00e1rja a l\u00e1togat\u00f3kat.<\/p><p>1992-ben a temet\u0151ben megny\u00edlt a Kegyeleti M\u00fazeum.<\/p><p>Forr\u00e1s: <a href=\"https:\/\/en.nori.gov.hu\/\">https:\/\/en.nori.gov.hu\/<\/a><\/p>\t\t\t\t\t\t\t\t<\/div>\n\t\t\t\t<\/div>\n\t\t\t\t<div class=\"elementor-element elementor-element-baf8690 elementor-widget elementor-widget-heading\" data-id=\"baf8690\" data-element_type=\"widget\" data-e-type=\"widget\" data-widget_type=\"heading.default\">\n\t\t\t\t<div class=\"elementor-widget-container\">\n\t\t\t\t\t<h2 class=\"elementor-heading-title elementor-size-default\">Kattintson a k\u00e9p nagy\u00edt\u00e1s\u00e1hoz<\/h2>\t\t\t\t<\/div>\n\t\t\t\t<\/div>\n\t\t\t\t<div class=\"elementor-element elementor-element-dfc56f9 gallery-spacing-custom elementor-widget elementor-widget-image-gallery\" data-id=\"dfc56f9\" data-element_type=\"widget\" data-e-type=\"widget\" data-widget_type=\"image-gallery.default\">\n\t\t\t\t<div class=\"elementor-widget-container\">\n\t\t\t\t\t\t\t<div class=\"elementor-image-gallery\">\n\t\t\t<div id='gallery-1' class='gallery galleryid-2967 gallery-columns-5 gallery-size-thumbnail'><figure class='gallery-item'>\n\t\t\t<div class='gallery-icon landscape'>\n\t\t\t\t<a data-elementor-open-lightbox=\"yes\" data-elementor-lightbox-slideshow=\"dfc56f9\" data-elementor-lightbox-title=\"Fiumei-001\" data-e-action-hash=\"#elementor-action%3Aaction%3Dlightbox%26settings%3DeyJpZCI6MzkxNiwidXJsIjoiaHR0cHM6XC9cL3BvZ3JlYm5vLnJzXC93cC1jb250ZW50XC91cGxvYWRzXC8yMDI1XC8xMFwvRml1bWVpLTAwMS53ZWJwIiwic2xpZGVzaG93IjoiZGZjNTZmOSJ9\" href='https:\/\/pogrebno.rs\/wp-content\/uploads\/2025\/10\/Fiumei-001.webp'><img decoding=\"async\" width=\"150\" height=\"150\" src=\"https:\/\/pogrebno.rs\/wp-content\/uploads\/2025\/10\/Fiumei-001-150x150.webp\" class=\"attachment-thumbnail size-thumbnail\" alt=\"\" \/><\/a>\n\t\t\t<\/div><\/figure><figure class='gallery-item'>\n\t\t\t<div class='gallery-icon landscape'>\n\t\t\t\t<a data-elementor-open-lightbox=\"yes\" data-elementor-lightbox-slideshow=\"dfc56f9\" data-elementor-lightbox-title=\"Fiumei-002\" data-e-action-hash=\"#elementor-action%3Aaction%3Dlightbox%26settings%3DeyJpZCI6MzkxNywidXJsIjoiaHR0cHM6XC9cL3BvZ3JlYm5vLnJzXC93cC1jb250ZW50XC91cGxvYWRzXC8yMDI1XC8xMFwvRml1bWVpLTAwMi53ZWJwIiwic2xpZGVzaG93IjoiZGZjNTZmOSJ9\" href='https:\/\/pogrebno.rs\/wp-content\/uploads\/2025\/10\/Fiumei-002.webp'><img decoding=\"async\" width=\"150\" height=\"150\" src=\"https:\/\/pogrebno.rs\/wp-content\/uploads\/2025\/10\/Fiumei-002-150x150.webp\" class=\"attachment-thumbnail size-thumbnail\" alt=\"\" \/><\/a>\n\t\t\t<\/div><\/figure><figure class='gallery-item'>\n\t\t\t<div class='gallery-icon landscape'>\n\t\t\t\t<a data-elementor-open-lightbox=\"yes\" data-elementor-lightbox-slideshow=\"dfc56f9\" data-elementor-lightbox-title=\"Fiumei-003\" data-e-action-hash=\"#elementor-action%3Aaction%3Dlightbox%26settings%3DeyJpZCI6MzkxOCwidXJsIjoiaHR0cHM6XC9cL3BvZ3JlYm5vLnJzXC93cC1jb250ZW50XC91cGxvYWRzXC8yMDI1XC8xMFwvRml1bWVpLTAwMy53ZWJwIiwic2xpZGVzaG93IjoiZGZjNTZmOSJ9\" href='https:\/\/pogrebno.rs\/wp-content\/uploads\/2025\/10\/Fiumei-003.webp'><img decoding=\"async\" width=\"150\" height=\"150\" src=\"https:\/\/pogrebno.rs\/wp-content\/uploads\/2025\/10\/Fiumei-003-150x150.webp\" class=\"attachment-thumbnail size-thumbnail\" alt=\"\" \/><\/a>\n\t\t\t<\/div><\/figure><figure class='gallery-item'>\n\t\t\t<div class='gallery-icon landscape'>\n\t\t\t\t<a data-elementor-open-lightbox=\"yes\" data-elementor-lightbox-slideshow=\"dfc56f9\" data-elementor-lightbox-title=\"Fiumei-004\" data-e-action-hash=\"#elementor-action%3Aaction%3Dlightbox%26settings%3DeyJpZCI6MzkxOSwidXJsIjoiaHR0cHM6XC9cL3BvZ3JlYm5vLnJzXC93cC1jb250ZW50XC91cGxvYWRzXC8yMDI1XC8xMFwvRml1bWVpLTAwNC53ZWJwIiwic2xpZGVzaG93IjoiZGZjNTZmOSJ9\" href='https:\/\/pogrebno.rs\/wp-content\/uploads\/2025\/10\/Fiumei-004.webp'><img loading=\"lazy\" decoding=\"async\" width=\"150\" height=\"150\" src=\"https:\/\/pogrebno.rs\/wp-content\/uploads\/2025\/10\/Fiumei-004-150x150.webp\" class=\"attachment-thumbnail size-thumbnail\" alt=\"\" \/><\/a>\n\t\t\t<\/div><\/figure><figure class='gallery-item'>\n\t\t\t<div class='gallery-icon landscape'>\n\t\t\t\t<a data-elementor-open-lightbox=\"yes\" data-elementor-lightbox-slideshow=\"dfc56f9\" data-elementor-lightbox-title=\"Fiumei-005\" data-e-action-hash=\"#elementor-action%3Aaction%3Dlightbox%26settings%3DeyJpZCI6MzkyMCwidXJsIjoiaHR0cHM6XC9cL3BvZ3JlYm5vLnJzXC93cC1jb250ZW50XC91cGxvYWRzXC8yMDI1XC8xMFwvRml1bWVpLTAwNS53ZWJwIiwic2xpZGVzaG93IjoiZGZjNTZmOSJ9\" href='https:\/\/pogrebno.rs\/wp-content\/uploads\/2025\/10\/Fiumei-005.webp'><img loading=\"lazy\" decoding=\"async\" width=\"150\" height=\"150\" src=\"https:\/\/pogrebno.rs\/wp-content\/uploads\/2025\/10\/Fiumei-005-150x150.webp\" class=\"attachment-thumbnail size-thumbnail\" alt=\"\" \/><\/a>\n\t\t\t<\/div><\/figure><figure class='gallery-item'>\n\t\t\t<div class='gallery-icon landscape'>\n\t\t\t\t<a data-elementor-open-lightbox=\"yes\" data-elementor-lightbox-slideshow=\"dfc56f9\" data-elementor-lightbox-title=\"Fiumei-006\" data-e-action-hash=\"#elementor-action%3Aaction%3Dlightbox%26settings%3DeyJpZCI6MzkyMSwidXJsIjoiaHR0cHM6XC9cL3BvZ3JlYm5vLnJzXC93cC1jb250ZW50XC91cGxvYWRzXC8yMDI1XC8xMFwvRml1bWVpLTAwNi53ZWJwIiwic2xpZGVzaG93IjoiZGZjNTZmOSJ9\" href='https:\/\/pogrebno.rs\/wp-content\/uploads\/2025\/10\/Fiumei-006.webp'><img loading=\"lazy\" decoding=\"async\" width=\"150\" height=\"150\" src=\"https:\/\/pogrebno.rs\/wp-content\/uploads\/2025\/10\/Fiumei-006-150x150.webp\" class=\"attachment-thumbnail size-thumbnail\" alt=\"\" \/><\/a>\n\t\t\t<\/div><\/figure><figure class='gallery-item'>\n\t\t\t<div class='gallery-icon landscape'>\n\t\t\t\t<a data-elementor-open-lightbox=\"yes\" data-elementor-lightbox-slideshow=\"dfc56f9\" data-elementor-lightbox-title=\"Fiumei-007\" data-e-action-hash=\"#elementor-action%3Aaction%3Dlightbox%26settings%3DeyJpZCI6MzkyMiwidXJsIjoiaHR0cHM6XC9cL3BvZ3JlYm5vLnJzXC93cC1jb250ZW50XC91cGxvYWRzXC8yMDI1XC8xMFwvRml1bWVpLTAwNy53ZWJwIiwic2xpZGVzaG93IjoiZGZjNTZmOSJ9\" href='https:\/\/pogrebno.rs\/wp-content\/uploads\/2025\/10\/Fiumei-007.webp'><img loading=\"lazy\" decoding=\"async\" width=\"150\" height=\"150\" src=\"https:\/\/pogrebno.rs\/wp-content\/uploads\/2025\/10\/Fiumei-007-150x150.webp\" class=\"attachment-thumbnail size-thumbnail\" alt=\"\" \/><\/a>\n\t\t\t<\/div><\/figure><figure class='gallery-item'>\n\t\t\t<div class='gallery-icon landscape'>\n\t\t\t\t<a data-elementor-open-lightbox=\"yes\" data-elementor-lightbox-slideshow=\"dfc56f9\" data-elementor-lightbox-title=\"Fiumei-008\" data-e-action-hash=\"#elementor-action%3Aaction%3Dlightbox%26settings%3DeyJpZCI6MzkyMywidXJsIjoiaHR0cHM6XC9cL3BvZ3JlYm5vLnJzXC93cC1jb250ZW50XC91cGxvYWRzXC8yMDI1XC8xMFwvRml1bWVpLTAwOC53ZWJwIiwic2xpZGVzaG93IjoiZGZjNTZmOSJ9\" href='https:\/\/pogrebno.rs\/wp-content\/uploads\/2025\/10\/Fiumei-008.webp'><img loading=\"lazy\" decoding=\"async\" width=\"150\" height=\"150\" src=\"https:\/\/pogrebno.rs\/wp-content\/uploads\/2025\/10\/Fiumei-008-150x150.webp\" class=\"attachment-thumbnail size-thumbnail\" alt=\"\" \/><\/a>\n\t\t\t<\/div><\/figure><figure class='gallery-item'>\n\t\t\t<div class='gallery-icon landscape'>\n\t\t\t\t<a data-elementor-open-lightbox=\"yes\" data-elementor-lightbox-slideshow=\"dfc56f9\" data-elementor-lightbox-title=\"Fiumei-009\" data-e-action-hash=\"#elementor-action%3Aaction%3Dlightbox%26settings%3DeyJpZCI6MzkyNCwidXJsIjoiaHR0cHM6XC9cL3BvZ3JlYm5vLnJzXC93cC1jb250ZW50XC91cGxvYWRzXC8yMDI1XC8xMFwvRml1bWVpLTAwOS53ZWJwIiwic2xpZGVzaG93IjoiZGZjNTZmOSJ9\" href='https:\/\/pogrebno.rs\/wp-content\/uploads\/2025\/10\/Fiumei-009.webp'><img loading=\"lazy\" decoding=\"async\" width=\"150\" height=\"150\" src=\"https:\/\/pogrebno.rs\/wp-content\/uploads\/2025\/10\/Fiumei-009-150x150.webp\" class=\"attachment-thumbnail size-thumbnail\" alt=\"\" \/><\/a>\n\t\t\t<\/div><\/figure><figure class='gallery-item'>\n\t\t\t<div class='gallery-icon landscape'>\n\t\t\t\t<a data-elementor-open-lightbox=\"yes\" data-elementor-lightbox-slideshow=\"dfc56f9\" data-elementor-lightbox-title=\"Fiumei-010\" data-e-action-hash=\"#elementor-action%3Aaction%3Dlightbox%26settings%3DeyJpZCI6MzkyNSwidXJsIjoiaHR0cHM6XC9cL3BvZ3JlYm5vLnJzXC93cC1jb250ZW50XC91cGxvYWRzXC8yMDI1XC8xMFwvRml1bWVpLTAxMC53ZWJwIiwic2xpZGVzaG93IjoiZGZjNTZmOSJ9\" href='https:\/\/pogrebno.rs\/wp-content\/uploads\/2025\/10\/Fiumei-010.webp'><img loading=\"lazy\" decoding=\"async\" width=\"150\" height=\"150\" src=\"https:\/\/pogrebno.rs\/wp-content\/uploads\/2025\/10\/Fiumei-010-150x150.webp\" class=\"attachment-thumbnail size-thumbnail\" alt=\"\" \/><\/a>\n\t\t\t<\/div><\/figure><figure class='gallery-item'>\n\t\t\t<div class='gallery-icon landscape'>\n\t\t\t\t<a data-elementor-open-lightbox=\"yes\" data-elementor-lightbox-slideshow=\"dfc56f9\" data-elementor-lightbox-title=\"Fiumei-011\" data-e-action-hash=\"#elementor-action%3Aaction%3Dlightbox%26settings%3DeyJpZCI6MzkyNiwidXJsIjoiaHR0cHM6XC9cL3BvZ3JlYm5vLnJzXC93cC1jb250ZW50XC91cGxvYWRzXC8yMDI1XC8xMFwvRml1bWVpLTAxMS53ZWJwIiwic2xpZGVzaG93IjoiZGZjNTZmOSJ9\" href='https:\/\/pogrebno.rs\/wp-content\/uploads\/2025\/10\/Fiumei-011.webp'><img loading=\"lazy\" decoding=\"async\" width=\"150\" height=\"150\" src=\"https:\/\/pogrebno.rs\/wp-content\/uploads\/2025\/10\/Fiumei-011-150x150.webp\" class=\"attachment-thumbnail size-thumbnail\" alt=\"\" \/><\/a>\n\t\t\t<\/div><\/figure><figure class='gallery-item'>\n\t\t\t<div class='gallery-icon landscape'>\n\t\t\t\t<a data-elementor-open-lightbox=\"yes\" data-elementor-lightbox-slideshow=\"dfc56f9\" data-elementor-lightbox-title=\"Fiumei-012\" data-e-action-hash=\"#elementor-action%3Aaction%3Dlightbox%26settings%3DeyJpZCI6MzkyNywidXJsIjoiaHR0cHM6XC9cL3BvZ3JlYm5vLnJzXC93cC1jb250ZW50XC91cGxvYWRzXC8yMDI1XC8xMFwvRml1bWVpLTAxMi53ZWJwIiwic2xpZGVzaG93IjoiZGZjNTZmOSJ9\" href='https:\/\/pogrebno.rs\/wp-content\/uploads\/2025\/10\/Fiumei-012.webp'><img loading=\"lazy\" decoding=\"async\" width=\"150\" height=\"150\" src=\"https:\/\/pogrebno.rs\/wp-content\/uploads\/2025\/10\/Fiumei-012-150x150.webp\" class=\"attachment-thumbnail size-thumbnail\" alt=\"\" \/><\/a>\n\t\t\t<\/div><\/figure><figure class='gallery-item'>\n\t\t\t<div class='gallery-icon landscape'>\n\t\t\t\t<a data-elementor-open-lightbox=\"yes\" data-elementor-lightbox-slideshow=\"dfc56f9\" data-elementor-lightbox-title=\"Fiumei-013\" data-e-action-hash=\"#elementor-action%3Aaction%3Dlightbox%26settings%3DeyJpZCI6MzkyOCwidXJsIjoiaHR0cHM6XC9cL3BvZ3JlYm5vLnJzXC93cC1jb250ZW50XC91cGxvYWRzXC8yMDI1XC8xMFwvRml1bWVpLTAxMy53ZWJwIiwic2xpZGVzaG93IjoiZGZjNTZmOSJ9\" href='https:\/\/pogrebno.rs\/wp-content\/uploads\/2025\/10\/Fiumei-013.webp'><img loading=\"lazy\" decoding=\"async\" width=\"150\" height=\"150\" src=\"https:\/\/pogrebno.rs\/wp-content\/uploads\/2025\/10\/Fiumei-013-150x150.webp\" class=\"attachment-thumbnail size-thumbnail\" alt=\"\" \/><\/a>\n\t\t\t<\/div><\/figure><figure class='gallery-item'>\n\t\t\t<div class='gallery-icon landscape'>\n\t\t\t\t<a data-elementor-open-lightbox=\"yes\" data-elementor-lightbox-slideshow=\"dfc56f9\" data-elementor-lightbox-title=\"Fiumei-014\" data-e-action-hash=\"#elementor-action%3Aaction%3Dlightbox%26settings%3DeyJpZCI6MzkyOSwidXJsIjoiaHR0cHM6XC9cL3BvZ3JlYm5vLnJzXC93cC1jb250ZW50XC91cGxvYWRzXC8yMDI1XC8xMFwvRml1bWVpLTAxNC53ZWJwIiwic2xpZGVzaG93IjoiZGZjNTZmOSJ9\" href='https:\/\/pogrebno.rs\/wp-content\/uploads\/2025\/10\/Fiumei-014.webp'><img loading=\"lazy\" decoding=\"async\" width=\"150\" height=\"150\" src=\"https:\/\/pogrebno.rs\/wp-content\/uploads\/2025\/10\/Fiumei-014-150x150.webp\" class=\"attachment-thumbnail size-thumbnail\" alt=\"\" \/><\/a>\n\t\t\t<\/div><\/figure><figure class='gallery-item'>\n\t\t\t<div class='gallery-icon landscape'>\n\t\t\t\t<a data-elementor-open-lightbox=\"yes\" data-elementor-lightbox-slideshow=\"dfc56f9\" data-elementor-lightbox-title=\"Fiumei-015\" data-e-action-hash=\"#elementor-action%3Aaction%3Dlightbox%26settings%3DeyJpZCI6MzkzMCwidXJsIjoiaHR0cHM6XC9cL3BvZ3JlYm5vLnJzXC93cC1jb250ZW50XC91cGxvYWRzXC8yMDI1XC8xMFwvRml1bWVpLTAxNS53ZWJwIiwic2xpZGVzaG93IjoiZGZjNTZmOSJ9\" href='https:\/\/pogrebno.rs\/wp-content\/uploads\/2025\/10\/Fiumei-015.webp'><img loading=\"lazy\" decoding=\"async\" width=\"150\" height=\"150\" src=\"https:\/\/pogrebno.rs\/wp-content\/uploads\/2025\/10\/Fiumei-015-150x150.webp\" class=\"attachment-thumbnail size-thumbnail\" alt=\"\" \/><\/a>\n\t\t\t<\/div><\/figure><figure class='gallery-item'>\n\t\t\t<div class='gallery-icon landscape'>\n\t\t\t\t<a data-elementor-open-lightbox=\"yes\" data-elementor-lightbox-slideshow=\"dfc56f9\" data-elementor-lightbox-title=\"Fiumei-016\" data-e-action-hash=\"#elementor-action%3Aaction%3Dlightbox%26settings%3DeyJpZCI6MzkzMSwidXJsIjoiaHR0cHM6XC9cL3BvZ3JlYm5vLnJzXC93cC1jb250ZW50XC91cGxvYWRzXC8yMDI1XC8xMFwvRml1bWVpLTAxNi53ZWJwIiwic2xpZGVzaG93IjoiZGZjNTZmOSJ9\" href='https:\/\/pogrebno.rs\/wp-content\/uploads\/2025\/10\/Fiumei-016.webp'><img loading=\"lazy\" decoding=\"async\" width=\"150\" height=\"150\" src=\"https:\/\/pogrebno.rs\/wp-content\/uploads\/2025\/10\/Fiumei-016-150x150.webp\" class=\"attachment-thumbnail size-thumbnail\" alt=\"\" \/><\/a>\n\t\t\t<\/div><\/figure><figure class='gallery-item'>\n\t\t\t<div class='gallery-icon landscape'>\n\t\t\t\t<a data-elementor-open-lightbox=\"yes\" data-elementor-lightbox-slideshow=\"dfc56f9\" data-elementor-lightbox-title=\"Fiumei-017\" data-e-action-hash=\"#elementor-action%3Aaction%3Dlightbox%26settings%3DeyJpZCI6MzkzMiwidXJsIjoiaHR0cHM6XC9cL3BvZ3JlYm5vLnJzXC93cC1jb250ZW50XC91cGxvYWRzXC8yMDI1XC8xMFwvRml1bWVpLTAxNy53ZWJwIiwic2xpZGVzaG93IjoiZGZjNTZmOSJ9\" href='https:\/\/pogrebno.rs\/wp-content\/uploads\/2025\/10\/Fiumei-017.webp'><img loading=\"lazy\" decoding=\"async\" width=\"150\" height=\"150\" src=\"https:\/\/pogrebno.rs\/wp-content\/uploads\/2025\/10\/Fiumei-017-150x150.webp\" class=\"attachment-thumbnail size-thumbnail\" alt=\"\" \/><\/a>\n\t\t\t<\/div><\/figure><figure class='gallery-item'>\n\t\t\t<div class='gallery-icon landscape'>\n\t\t\t\t<a data-elementor-open-lightbox=\"yes\" data-elementor-lightbox-slideshow=\"dfc56f9\" data-elementor-lightbox-title=\"Fiumei-018\" data-e-action-hash=\"#elementor-action%3Aaction%3Dlightbox%26settings%3DeyJpZCI6MzkzMywidXJsIjoiaHR0cHM6XC9cL3BvZ3JlYm5vLnJzXC93cC1jb250ZW50XC91cGxvYWRzXC8yMDI1XC8xMFwvRml1bWVpLTAxOC53ZWJwIiwic2xpZGVzaG93IjoiZGZjNTZmOSJ9\" href='https:\/\/pogrebno.rs\/wp-content\/uploads\/2025\/10\/Fiumei-018.webp'><img loading=\"lazy\" decoding=\"async\" width=\"150\" height=\"150\" src=\"https:\/\/pogrebno.rs\/wp-content\/uploads\/2025\/10\/Fiumei-018-150x150.webp\" class=\"attachment-thumbnail size-thumbnail\" alt=\"\" \/><\/a>\n\t\t\t<\/div><\/figure><figure class='gallery-item'>\n\t\t\t<div class='gallery-icon landscape'>\n\t\t\t\t<a data-elementor-open-lightbox=\"yes\" data-elementor-lightbox-slideshow=\"dfc56f9\" data-elementor-lightbox-title=\"Fiumei-019\" data-e-action-hash=\"#elementor-action%3Aaction%3Dlightbox%26settings%3DeyJpZCI6MzkzNCwidXJsIjoiaHR0cHM6XC9cL3BvZ3JlYm5vLnJzXC93cC1jb250ZW50XC91cGxvYWRzXC8yMDI1XC8xMFwvRml1bWVpLTAxOS53ZWJwIiwic2xpZGVzaG93IjoiZGZjNTZmOSJ9\" href='https:\/\/pogrebno.rs\/wp-content\/uploads\/2025\/10\/Fiumei-019.webp'><img loading=\"lazy\" decoding=\"async\" width=\"150\" height=\"150\" src=\"https:\/\/pogrebno.rs\/wp-content\/uploads\/2025\/10\/Fiumei-019-150x150.webp\" class=\"attachment-thumbnail size-thumbnail\" alt=\"\" \/><\/a>\n\t\t\t<\/div><\/figure><figure class='gallery-item'>\n\t\t\t<div class='gallery-icon landscape'>\n\t\t\t\t<a data-elementor-open-lightbox=\"yes\" data-elementor-lightbox-slideshow=\"dfc56f9\" data-elementor-lightbox-title=\"Fiumei-020\" data-e-action-hash=\"#elementor-action%3Aaction%3Dlightbox%26settings%3DeyJpZCI6MzkxNSwidXJsIjoiaHR0cHM6XC9cL3BvZ3JlYm5vLnJzXC93cC1jb250ZW50XC91cGxvYWRzXC8yMDI1XC8xMFwvRml1bWVpLTAyMC53ZWJwIiwic2xpZGVzaG93IjoiZGZjNTZmOSJ9\" href='https:\/\/pogrebno.rs\/wp-content\/uploads\/2025\/10\/Fiumei-020.webp'><img loading=\"lazy\" decoding=\"async\" width=\"150\" height=\"150\" src=\"https:\/\/pogrebno.rs\/wp-content\/uploads\/2025\/10\/Fiumei-020-150x150.webp\" class=\"attachment-thumbnail size-thumbnail\" alt=\"\" \/><\/a>\n\t\t\t<\/div><\/figure>\n\t\t<\/div>\n\t\t<\/div>\n\t\t\t\t\t\t<\/div>\n\t\t\t\t<\/div>\n\t\t\t\t<\/div>\n\t\t\t\t<\/div>\n\t\t\t\t<\/div>","protected":false},"excerpt":{"rendered":"<p>Fiumei groblje Budimpe\u0161ta Groblje na putu Fiumei u Budimpe\u0161ti &#8211; Ma\u0111arska, je vi\u0161e od groblja: to je jedna od najve\u0107ih kolekcija statua u Ma\u0111arskoj, a njegovo ure\u0111eno podru\u010dje od 56 hektara nalik arboretumu ima avenije u kojima se nalazi 10 vrsta drve\u0107a i 110 razli\u010ditih vrsta ptica. Groblje na putu Fiumei koje je otvoreno 1847. [&hellip;]<\/p>\n","protected":false},"author":1,"featured_media":0,"parent":0,"menu_order":0,"comment_status":"closed","ping_status":"closed","template":"elementor_header_footer","meta":{"_acf_changed":false,"_eb_attr":"","footnotes":""},"kategorija_dokumenata":[],"class_list":["post-2967","page","type-page","status-publish","hentry"],"acf":[],"_links":{"self":[{"href":"https:\/\/pogrebno.rs\/hu\/wp-json\/wp\/v2\/pages\/2967","targetHints":{"allow":["GET"]}}],"collection":[{"href":"https:\/\/pogrebno.rs\/hu\/wp-json\/wp\/v2\/pages"}],"about":[{"href":"https:\/\/pogrebno.rs\/hu\/wp-json\/wp\/v2\/types\/page"}],"author":[{"embeddable":true,"href":"https:\/\/pogrebno.rs\/hu\/wp-json\/wp\/v2\/users\/1"}],"replies":[{"embeddable":true,"href":"https:\/\/pogrebno.rs\/hu\/wp-json\/wp\/v2\/comments?post=2967"}],"version-history":[{"count":19,"href":"https:\/\/pogrebno.rs\/hu\/wp-json\/wp\/v2\/pages\/2967\/revisions"}],"predecessor-version":[{"id":3937,"href":"https:\/\/pogrebno.rs\/hu\/wp-json\/wp\/v2\/pages\/2967\/revisions\/3937"}],"wp:attachment":[{"href":"https:\/\/pogrebno.rs\/hu\/wp-json\/wp\/v2\/media?parent=2967"}],"wp:term":[{"taxonomy":"kategorija_dokumenata","embeddable":true,"href":"https:\/\/pogrebno.rs\/hu\/wp-json\/wp\/v2\/kategorija_dokumenata?post=2967"}],"curies":[{"name":"wp","href":"https:\/\/api.w.org\/{rel}","templated":true}]}}