{"id":2990,"date":"2025-09-23T20:18:18","date_gmt":"2025-09-23T18:18:18","guid":{"rendered":"https:\/\/pogrebno.rs\/?page_id=2990"},"modified":"2026-02-11T11:16:13","modified_gmt":"2026-02-11T10:16:13","slug":"groblje-novi-sad","status":"publish","type":"page","link":"https:\/\/pogrebno.rs\/hu\/groblje-novi-sad\/","title":{"rendered":"Groblje Novi Sad"},"content":{"rendered":"<div data-elementor-type=\"wp-page\" data-elementor-id=\"2990\" class=\"elementor elementor-2990\" data-elementor-post-type=\"page\">\n\t\t\t\t<div class=\"elementor-element elementor-element-2cf0e7a e-con-full e-flex e-con e-parent\" data-id=\"2cf0e7a\" data-element_type=\"container\" data-e-type=\"container\" data-settings=\"{&quot;background_background&quot;:&quot;classic&quot;}\">\n\t\t<div class=\"elementor-element elementor-element-de2444c e-con-full e-flex e-con e-child\" data-id=\"de2444c\" data-element_type=\"container\" data-e-type=\"container\">\n\t\t\t\t<div class=\"elementor-element elementor-element-cc87312 elementor-widget elementor-widget-heading\" data-id=\"cc87312\" data-element_type=\"widget\" data-e-type=\"widget\" data-widget_type=\"heading.default\">\n\t\t\t\t<div class=\"elementor-widget-container\">\n\t\t\t\t\t<h2 class=\"elementor-heading-title elementor-size-default translation-block\">Az \u00dajvid\u00e9ki V\u00e1rosi temet\u0151<\/h2>\t\t\t\t<\/div>\n\t\t\t\t<\/div>\n\t\t\t\t<div class=\"elementor-element elementor-element-6e5cbbd elementor-widget elementor-widget-text-editor\" data-id=\"6e5cbbd\" data-element_type=\"widget\" data-e-type=\"widget\" data-widget_type=\"text-editor.default\">\n\t\t\t\t<div class=\"elementor-widget-container\">\n\t\t\t\t\t\t\t\t\t<p>Az \u00fajvid\u00e9ki V\u00e1rosi temet\u0151 a Pirosi \u00fat 65. sz\u00e1m alatt tal\u00e1lhat\u00f3. 1974-ben nyitott\u00e1k meg, \u00e9s t\u00f6bbfelekezet\u0171 temet\u0151k\u00e9nt m\u0171k\u00f6dik. Koncepcion\u00e1lis \u00e9s tervez\u00e9si megold\u00e1s\u00e1val, haszn\u00e1lati jelleg\u00e9vel az orsz\u00e1g saj\u00e1tos kommun\u00e1lis l\u00e9tes\u00edtm\u00e9nye. Rendelkezik minden sz\u00fcks\u00e9ges a tev\u00e9kenys\u00e9g lefolytat\u00e1s\u00e1hoz sz\u00fcks\u00e9ges tartalommal, mint p\u00e9ld\u00e1ul: adminisztr\u00e1ci\u00f3s \u00e9p\u00fclettel, k\u00e1poln\u00e1val, b\u00facs\u00fateremmel, kremat\u00f3riummal, temetkez\u00e9si kell\u00e9kek \u00e9s s\u00edrk\u00f6vek \u00e1rus\u00edt\u00e1s\u00e1val foglalkoz\u00f3 szak\u00fczlettel, halotti toroknak \u00e9s megeml\u00e9kez\u00e9seknek helysz\u00ednt ad\u00f3 \u00e9p\u00fclettel, arch\u00edvummal, m\u0171helyekkel \u00e9s rakt\u00e1rhelyis\u00e9gekkel.<\/p><p>Megk\u00f6zel\u00edt\u0151leg 80 hekt\u00e1ron ter\u00fcl el. A t\u00e1volabbi s\u00edrok bej\u00e1r\u00e1s\u00e1nak megk\u00f6nny\u00edt\u00e9se \u00e9rdek\u00e9ben bevezett\u00e9k a szervezett, hivatali j\u00e1rm\u0171vel t\u00f6rt\u00e9n\u0151 k\u00f6zleked\u00e9st. A temet\u0151 ki\u00e9p\u00edt\u00e9s\u00e9nek projektje a temetkez\u00e9si ter\u00fcletek szakaszos ki\u00e9p\u00edt\u00e9s\u00e9t l\u00e1tja el\u0151. A temet\u0151 gazdagon parkos\u00edtott, ter\u00fclet\u00e9t jelent\u0151s ar\u00e1nyban z\u00f6ld fel\u00fclet fedi. Az \u00fajvid\u00e9ki temet\u0151k z\u00f6ldfel\u00fcletei k\u00fcl\u00f6nleges rendeltet\u00e9s\u0171 ter\u00fcletek, \u00e9s egyben meghat\u00e1roz\u00f3 higi\u00e9niai-eg\u00e9szs\u00e9g\u00fcgyi \u00e9s dekorat\u00edv-eszt\u00e9tikai szerepet t\u00f6ltenek be. Ezek az \u00f6sszter\u00fclet 40%-\u00e1t teszi ki. Valamennyi temetkez\u00e9si ter\u00fclet, \u00e9p\u00edtkez\u00e9si szempontb\u00f3l kiel\u00e9g\u00edt\u0151 v\u00edzell\u00e1t\u00e1si, csatorna- \u00e9s \u00fath\u00e1l\u00f3zati infrastrukt\u00far\u00e1val ell\u00e1tott.<\/p><p>A V\u00e1rosi temet\u0151ben a temetkez\u00e9sre el\u0151l\u00e1tott r\u00e9szben, az egyszer\u0171 temetkez\u00e9si telkek mellett, l\u00e9teznek s\u00edreml\u00e9kkel kialak\u00edtott telkek is. Ezeken az elrendezett, a k\u00f6znyelvben \"amerikainak\" nevezett telkeken az s\u00edreml\u00e9kek egys\u00e9gesek, term\u00e9szetes \u00e9s m\u0171k\u0151b\u0151l k\u00e9sz\u00fcltek, halmok n\u00e9lk\u00fcl.<\/p><p>A V\u00e1rosi temet\u0151 r\u00e9sz\u00e9t kep\u00e9zi a Nemzeti felszabad\u00edt\u00f3 h\u00e1bor\u00faban (1941-1945) elesett harcosok eml\u00e9ktemet\u0151je, a Nemzeti h\u0151s\u00f6k \u00e9s kiemelked\u0151 forradalm\u00e1rok s\u00e9t\u00e1nya, valamint a Nemzeti h\u0151s\u00f6k s\u00e9t\u00e1nya \u00e9s s\u00edreml\u00e9kei.<\/p><p>A temet\u0151t az \u00fajvid\u00e9ki Lisje Kommun\u00e1lis K\u00f6zv\u00e1llalat tartja karban.<\/p><p>Forr\u00e1s: <a href=\"https:\/\/www.lisje.com\/groblja\/\">https:\/\/www.lisje.com\/groblja\/<\/a><\/p>\t\t\t\t\t\t\t\t<\/div>\n\t\t\t\t<\/div>\n\t\t\t\t<div class=\"elementor-element elementor-element-baf8690 elementor-widget elementor-widget-heading\" data-id=\"baf8690\" data-element_type=\"widget\" data-e-type=\"widget\" data-widget_type=\"heading.default\">\n\t\t\t\t<div class=\"elementor-widget-container\">\n\t\t\t\t\t<h2 class=\"elementor-heading-title elementor-size-default\">Kattintson a k\u00e9p nagy\u00edt\u00e1s\u00e1hoz<\/h2>\t\t\t\t<\/div>\n\t\t\t\t<\/div>\n\t\t\t\t<div class=\"elementor-element elementor-element-dfc56f9 gallery-spacing-custom elementor-widget elementor-widget-image-gallery\" data-id=\"dfc56f9\" data-element_type=\"widget\" data-e-type=\"widget\" data-widget_type=\"image-gallery.default\">\n\t\t\t\t<div class=\"elementor-widget-container\">\n\t\t\t\t\t\t\t<div class=\"elementor-image-gallery\">\n\t\t\t<div id='gallery-1' class='gallery galleryid-2990 gallery-columns-5 gallery-size-thumbnail'><figure class='gallery-item'>\n\t\t\t<div class='gallery-icon landscape'>\n\t\t\t\t<a data-elementor-open-lightbox=\"yes\" data-elementor-lightbox-slideshow=\"dfc56f9\" data-elementor-lightbox-title=\"ns-001\" data-e-action-hash=\"#elementor-action%3Aaction%3Dlightbox%26settings%3DeyJpZCI6Mzk1NywidXJsIjoiaHR0cHM6XC9cL3BvZ3JlYm5vLnJzXC93cC1jb250ZW50XC91cGxvYWRzXC8yMDI1XC8xMFwvbnMtMDAxLndlYnAiLCJzbGlkZXNob3ciOiJkZmM1NmY5In0%3D\" href='https:\/\/pogrebno.rs\/wp-content\/uploads\/2025\/10\/ns-001.webp'><img decoding=\"async\" width=\"150\" height=\"150\" src=\"https:\/\/pogrebno.rs\/wp-content\/uploads\/2025\/10\/ns-001-150x150.webp\" class=\"attachment-thumbnail size-thumbnail\" alt=\"\" \/><\/a>\n\t\t\t<\/div><\/figure><figure class='gallery-item'>\n\t\t\t<div class='gallery-icon landscape'>\n\t\t\t\t<a data-elementor-open-lightbox=\"yes\" data-elementor-lightbox-slideshow=\"dfc56f9\" data-elementor-lightbox-title=\"ns-002\" data-e-action-hash=\"#elementor-action%3Aaction%3Dlightbox%26settings%3DeyJpZCI6Mzk1OCwidXJsIjoiaHR0cHM6XC9cL3BvZ3JlYm5vLnJzXC93cC1jb250ZW50XC91cGxvYWRzXC8yMDI1XC8xMFwvbnMtMDAyLndlYnAiLCJzbGlkZXNob3ciOiJkZmM1NmY5In0%3D\" href='https:\/\/pogrebno.rs\/wp-content\/uploads\/2025\/10\/ns-002.webp'><img decoding=\"async\" width=\"150\" height=\"150\" src=\"https:\/\/pogrebno.rs\/wp-content\/uploads\/2025\/10\/ns-002-150x150.webp\" class=\"attachment-thumbnail size-thumbnail\" alt=\"\" \/><\/a>\n\t\t\t<\/div><\/figure><figure class='gallery-item'>\n\t\t\t<div class='gallery-icon landscape'>\n\t\t\t\t<a data-elementor-open-lightbox=\"yes\" data-elementor-lightbox-slideshow=\"dfc56f9\" data-elementor-lightbox-title=\"ns-003\" data-e-action-hash=\"#elementor-action%3Aaction%3Dlightbox%26settings%3DeyJpZCI6Mzk1OSwidXJsIjoiaHR0cHM6XC9cL3BvZ3JlYm5vLnJzXC93cC1jb250ZW50XC91cGxvYWRzXC8yMDI1XC8xMFwvbnMtMDAzLndlYnAiLCJzbGlkZXNob3ciOiJkZmM1NmY5In0%3D\" href='https:\/\/pogrebno.rs\/wp-content\/uploads\/2025\/10\/ns-003.webp'><img decoding=\"async\" width=\"150\" height=\"150\" src=\"https:\/\/pogrebno.rs\/wp-content\/uploads\/2025\/10\/ns-003-150x150.webp\" class=\"attachment-thumbnail size-thumbnail\" alt=\"\" \/><\/a>\n\t\t\t<\/div><\/figure><figure class='gallery-item'>\n\t\t\t<div class='gallery-icon landscape'>\n\t\t\t\t<a data-elementor-open-lightbox=\"yes\" data-elementor-lightbox-slideshow=\"dfc56f9\" data-elementor-lightbox-title=\"ns-004\" data-e-action-hash=\"#elementor-action%3Aaction%3Dlightbox%26settings%3DeyJpZCI6Mzk2MCwidXJsIjoiaHR0cHM6XC9cL3BvZ3JlYm5vLnJzXC93cC1jb250ZW50XC91cGxvYWRzXC8yMDI1XC8xMFwvbnMtMDA0LndlYnAiLCJzbGlkZXNob3ciOiJkZmM1NmY5In0%3D\" href='https:\/\/pogrebno.rs\/wp-content\/uploads\/2025\/10\/ns-004.webp'><img loading=\"lazy\" decoding=\"async\" width=\"150\" height=\"150\" src=\"https:\/\/pogrebno.rs\/wp-content\/uploads\/2025\/10\/ns-004-150x150.webp\" class=\"attachment-thumbnail size-thumbnail\" alt=\"\" \/><\/a>\n\t\t\t<\/div><\/figure><figure class='gallery-item'>\n\t\t\t<div class='gallery-icon landscape'>\n\t\t\t\t<a data-elementor-open-lightbox=\"yes\" data-elementor-lightbox-slideshow=\"dfc56f9\" data-elementor-lightbox-title=\"ns-005\" data-e-action-hash=\"#elementor-action%3Aaction%3Dlightbox%26settings%3DeyJpZCI6Mzk2MSwidXJsIjoiaHR0cHM6XC9cL3BvZ3JlYm5vLnJzXC93cC1jb250ZW50XC91cGxvYWRzXC8yMDI1XC8xMFwvbnMtMDA1LndlYnAiLCJzbGlkZXNob3ciOiJkZmM1NmY5In0%3D\" href='https:\/\/pogrebno.rs\/wp-content\/uploads\/2025\/10\/ns-005.webp'><img loading=\"lazy\" decoding=\"async\" width=\"150\" height=\"150\" src=\"https:\/\/pogrebno.rs\/wp-content\/uploads\/2025\/10\/ns-005-150x150.webp\" class=\"attachment-thumbnail size-thumbnail\" alt=\"\" \/><\/a>\n\t\t\t<\/div><\/figure><figure class='gallery-item'>\n\t\t\t<div class='gallery-icon landscape'>\n\t\t\t\t<a data-elementor-open-lightbox=\"yes\" data-elementor-lightbox-slideshow=\"dfc56f9\" data-elementor-lightbox-title=\"ns-006\" data-e-action-hash=\"#elementor-action%3Aaction%3Dlightbox%26settings%3DeyJpZCI6Mzk2MiwidXJsIjoiaHR0cHM6XC9cL3BvZ3JlYm5vLnJzXC93cC1jb250ZW50XC91cGxvYWRzXC8yMDI1XC8xMFwvbnMtMDA2LndlYnAiLCJzbGlkZXNob3ciOiJkZmM1NmY5In0%3D\" href='https:\/\/pogrebno.rs\/wp-content\/uploads\/2025\/10\/ns-006.webp'><img loading=\"lazy\" decoding=\"async\" width=\"150\" height=\"150\" src=\"https:\/\/pogrebno.rs\/wp-content\/uploads\/2025\/10\/ns-006-150x150.webp\" class=\"attachment-thumbnail size-thumbnail\" alt=\"\" \/><\/a>\n\t\t\t<\/div><\/figure><figure class='gallery-item'>\n\t\t\t<div class='gallery-icon landscape'>\n\t\t\t\t<a data-elementor-open-lightbox=\"yes\" data-elementor-lightbox-slideshow=\"dfc56f9\" data-elementor-lightbox-title=\"ns-007\" data-e-action-hash=\"#elementor-action%3Aaction%3Dlightbox%26settings%3DeyJpZCI6Mzk2MywidXJsIjoiaHR0cHM6XC9cL3BvZ3JlYm5vLnJzXC93cC1jb250ZW50XC91cGxvYWRzXC8yMDI1XC8xMFwvbnMtMDA3LndlYnAiLCJzbGlkZXNob3ciOiJkZmM1NmY5In0%3D\" href='https:\/\/pogrebno.rs\/wp-content\/uploads\/2025\/10\/ns-007.webp'><img loading=\"lazy\" decoding=\"async\" width=\"150\" height=\"150\" src=\"https:\/\/pogrebno.rs\/wp-content\/uploads\/2025\/10\/ns-007-150x150.webp\" class=\"attachment-thumbnail size-thumbnail\" alt=\"\" \/><\/a>\n\t\t\t<\/div><\/figure><figure class='gallery-item'>\n\t\t\t<div class='gallery-icon landscape'>\n\t\t\t\t<a data-elementor-open-lightbox=\"yes\" data-elementor-lightbox-slideshow=\"dfc56f9\" data-elementor-lightbox-title=\"ns-008\" data-e-action-hash=\"#elementor-action%3Aaction%3Dlightbox%26settings%3DeyJpZCI6Mzk2NCwidXJsIjoiaHR0cHM6XC9cL3BvZ3JlYm5vLnJzXC93cC1jb250ZW50XC91cGxvYWRzXC8yMDI1XC8xMFwvbnMtMDA4LndlYnAiLCJzbGlkZXNob3ciOiJkZmM1NmY5In0%3D\" href='https:\/\/pogrebno.rs\/wp-content\/uploads\/2025\/10\/ns-008.webp'><img loading=\"lazy\" decoding=\"async\" width=\"150\" height=\"150\" src=\"https:\/\/pogrebno.rs\/wp-content\/uploads\/2025\/10\/ns-008-150x150.webp\" class=\"attachment-thumbnail size-thumbnail\" alt=\"\" \/><\/a>\n\t\t\t<\/div><\/figure><figure class='gallery-item'>\n\t\t\t<div class='gallery-icon landscape'>\n\t\t\t\t<a data-elementor-open-lightbox=\"yes\" data-elementor-lightbox-slideshow=\"dfc56f9\" data-elementor-lightbox-title=\"ns-009\" data-e-action-hash=\"#elementor-action%3Aaction%3Dlightbox%26settings%3DeyJpZCI6Mzk2NSwidXJsIjoiaHR0cHM6XC9cL3BvZ3JlYm5vLnJzXC93cC1jb250ZW50XC91cGxvYWRzXC8yMDI1XC8xMFwvbnMtMDA5LndlYnAiLCJzbGlkZXNob3ciOiJkZmM1NmY5In0%3D\" href='https:\/\/pogrebno.rs\/wp-content\/uploads\/2025\/10\/ns-009.webp'><img loading=\"lazy\" decoding=\"async\" width=\"150\" height=\"150\" src=\"https:\/\/pogrebno.rs\/wp-content\/uploads\/2025\/10\/ns-009-150x150.webp\" class=\"attachment-thumbnail size-thumbnail\" alt=\"\" \/><\/a>\n\t\t\t<\/div><\/figure><figure class='gallery-item'>\n\t\t\t<div class='gallery-icon landscape'>\n\t\t\t\t<a data-elementor-open-lightbox=\"yes\" data-elementor-lightbox-slideshow=\"dfc56f9\" data-elementor-lightbox-title=\"ns-010\" data-e-action-hash=\"#elementor-action%3Aaction%3Dlightbox%26settings%3DeyJpZCI6Mzk2NiwidXJsIjoiaHR0cHM6XC9cL3BvZ3JlYm5vLnJzXC93cC1jb250ZW50XC91cGxvYWRzXC8yMDI1XC8xMFwvbnMtMDEwLndlYnAiLCJzbGlkZXNob3ciOiJkZmM1NmY5In0%3D\" href='https:\/\/pogrebno.rs\/wp-content\/uploads\/2025\/10\/ns-010.webp'><img loading=\"lazy\" decoding=\"async\" width=\"150\" height=\"150\" src=\"https:\/\/pogrebno.rs\/wp-content\/uploads\/2025\/10\/ns-010-150x150.webp\" class=\"attachment-thumbnail size-thumbnail\" alt=\"\" \/><\/a>\n\t\t\t<\/div><\/figure><figure class='gallery-item'>\n\t\t\t<div class='gallery-icon landscape'>\n\t\t\t\t<a data-elementor-open-lightbox=\"yes\" data-elementor-lightbox-slideshow=\"dfc56f9\" data-elementor-lightbox-title=\"ns-011\" data-e-action-hash=\"#elementor-action%3Aaction%3Dlightbox%26settings%3DeyJpZCI6Mzk2NywidXJsIjoiaHR0cHM6XC9cL3BvZ3JlYm5vLnJzXC93cC1jb250ZW50XC91cGxvYWRzXC8yMDI1XC8xMFwvbnMtMDExLndlYnAiLCJzbGlkZXNob3ciOiJkZmM1NmY5In0%3D\" href='https:\/\/pogrebno.rs\/wp-content\/uploads\/2025\/10\/ns-011.webp'><img loading=\"lazy\" decoding=\"async\" width=\"150\" height=\"150\" src=\"https:\/\/pogrebno.rs\/wp-content\/uploads\/2025\/10\/ns-011-150x150.webp\" class=\"attachment-thumbnail size-thumbnail\" alt=\"\" \/><\/a>\n\t\t\t<\/div><\/figure><figure class='gallery-item'>\n\t\t\t<div class='gallery-icon landscape'>\n\t\t\t\t<a data-elementor-open-lightbox=\"yes\" data-elementor-lightbox-slideshow=\"dfc56f9\" data-elementor-lightbox-title=\"ns-012\" data-e-action-hash=\"#elementor-action%3Aaction%3Dlightbox%26settings%3DeyJpZCI6Mzk2OCwidXJsIjoiaHR0cHM6XC9cL3BvZ3JlYm5vLnJzXC93cC1jb250ZW50XC91cGxvYWRzXC8yMDI1XC8xMFwvbnMtMDEyLndlYnAiLCJzbGlkZXNob3ciOiJkZmM1NmY5In0%3D\" href='https:\/\/pogrebno.rs\/wp-content\/uploads\/2025\/10\/ns-012.webp'><img loading=\"lazy\" decoding=\"async\" width=\"150\" height=\"150\" src=\"https:\/\/pogrebno.rs\/wp-content\/uploads\/2025\/10\/ns-012-150x150.webp\" class=\"attachment-thumbnail size-thumbnail\" alt=\"\" \/><\/a>\n\t\t\t<\/div><\/figure><figure class='gallery-item'>\n\t\t\t<div class='gallery-icon landscape'>\n\t\t\t\t<a data-elementor-open-lightbox=\"yes\" data-elementor-lightbox-slideshow=\"dfc56f9\" data-elementor-lightbox-title=\"ns-013\" data-e-action-hash=\"#elementor-action%3Aaction%3Dlightbox%26settings%3DeyJpZCI6Mzk2OSwidXJsIjoiaHR0cHM6XC9cL3BvZ3JlYm5vLnJzXC93cC1jb250ZW50XC91cGxvYWRzXC8yMDI1XC8xMFwvbnMtMDEzLndlYnAiLCJzbGlkZXNob3ciOiJkZmM1NmY5In0%3D\" href='https:\/\/pogrebno.rs\/wp-content\/uploads\/2025\/10\/ns-013.webp'><img loading=\"lazy\" decoding=\"async\" width=\"150\" height=\"150\" src=\"https:\/\/pogrebno.rs\/wp-content\/uploads\/2025\/10\/ns-013-150x150.webp\" class=\"attachment-thumbnail size-thumbnail\" alt=\"\" \/><\/a>\n\t\t\t<\/div><\/figure><figure class='gallery-item'>\n\t\t\t<div class='gallery-icon landscape'>\n\t\t\t\t<a data-elementor-open-lightbox=\"yes\" data-elementor-lightbox-slideshow=\"dfc56f9\" data-elementor-lightbox-title=\"ns-014\" data-e-action-hash=\"#elementor-action%3Aaction%3Dlightbox%26settings%3DeyJpZCI6Mzk3MCwidXJsIjoiaHR0cHM6XC9cL3BvZ3JlYm5vLnJzXC93cC1jb250ZW50XC91cGxvYWRzXC8yMDI1XC8xMFwvbnMtMDE0LndlYnAiLCJzbGlkZXNob3ciOiJkZmM1NmY5In0%3D\" href='https:\/\/pogrebno.rs\/wp-content\/uploads\/2025\/10\/ns-014.webp'><img loading=\"lazy\" decoding=\"async\" width=\"150\" height=\"150\" src=\"https:\/\/pogrebno.rs\/wp-content\/uploads\/2025\/10\/ns-014-150x150.webp\" class=\"attachment-thumbnail size-thumbnail\" alt=\"\" \/><\/a>\n\t\t\t<\/div><\/figure><figure class='gallery-item'>\n\t\t\t<div class='gallery-icon landscape'>\n\t\t\t\t<a data-elementor-open-lightbox=\"yes\" data-elementor-lightbox-slideshow=\"dfc56f9\" data-elementor-lightbox-title=\"ns-015\" data-e-action-hash=\"#elementor-action%3Aaction%3Dlightbox%26settings%3DeyJpZCI6Mzk3MSwidXJsIjoiaHR0cHM6XC9cL3BvZ3JlYm5vLnJzXC93cC1jb250ZW50XC91cGxvYWRzXC8yMDI1XC8xMFwvbnMtMDE1LndlYnAiLCJzbGlkZXNob3ciOiJkZmM1NmY5In0%3D\" href='https:\/\/pogrebno.rs\/wp-content\/uploads\/2025\/10\/ns-015.webp'><img loading=\"lazy\" decoding=\"async\" width=\"150\" height=\"150\" src=\"https:\/\/pogrebno.rs\/wp-content\/uploads\/2025\/10\/ns-015-150x150.webp\" class=\"attachment-thumbnail size-thumbnail\" alt=\"\" \/><\/a>\n\t\t\t<\/div><\/figure><figure class='gallery-item'>\n\t\t\t<div class='gallery-icon landscape'>\n\t\t\t\t<a data-elementor-open-lightbox=\"yes\" data-elementor-lightbox-slideshow=\"dfc56f9\" data-elementor-lightbox-title=\"ns-016\" data-e-action-hash=\"#elementor-action%3Aaction%3Dlightbox%26settings%3DeyJpZCI6Mzk3MiwidXJsIjoiaHR0cHM6XC9cL3BvZ3JlYm5vLnJzXC93cC1jb250ZW50XC91cGxvYWRzXC8yMDI1XC8xMFwvbnMtMDE2LndlYnAiLCJzbGlkZXNob3ciOiJkZmM1NmY5In0%3D\" href='https:\/\/pogrebno.rs\/wp-content\/uploads\/2025\/10\/ns-016.webp'><img loading=\"lazy\" decoding=\"async\" width=\"150\" height=\"150\" src=\"https:\/\/pogrebno.rs\/wp-content\/uploads\/2025\/10\/ns-016-150x150.webp\" class=\"attachment-thumbnail size-thumbnail\" alt=\"\" \/><\/a>\n\t\t\t<\/div><\/figure><figure class='gallery-item'>\n\t\t\t<div class='gallery-icon landscape'>\n\t\t\t\t<a data-elementor-open-lightbox=\"yes\" data-elementor-lightbox-slideshow=\"dfc56f9\" data-elementor-lightbox-title=\"ns-017\" data-e-action-hash=\"#elementor-action%3Aaction%3Dlightbox%26settings%3DeyJpZCI6Mzk3MywidXJsIjoiaHR0cHM6XC9cL3BvZ3JlYm5vLnJzXC93cC1jb250ZW50XC91cGxvYWRzXC8yMDI1XC8xMFwvbnMtMDE3LndlYnAiLCJzbGlkZXNob3ciOiJkZmM1NmY5In0%3D\" href='https:\/\/pogrebno.rs\/wp-content\/uploads\/2025\/10\/ns-017.webp'><img loading=\"lazy\" decoding=\"async\" width=\"150\" height=\"150\" src=\"https:\/\/pogrebno.rs\/wp-content\/uploads\/2025\/10\/ns-017-150x150.webp\" class=\"attachment-thumbnail size-thumbnail\" alt=\"\" \/><\/a>\n\t\t\t<\/div><\/figure><figure class='gallery-item'>\n\t\t\t<div class='gallery-icon landscape'>\n\t\t\t\t<a data-elementor-open-lightbox=\"yes\" data-elementor-lightbox-slideshow=\"dfc56f9\" data-elementor-lightbox-title=\"ns-018\" data-e-action-hash=\"#elementor-action%3Aaction%3Dlightbox%26settings%3DeyJpZCI6Mzk3NCwidXJsIjoiaHR0cHM6XC9cL3BvZ3JlYm5vLnJzXC93cC1jb250ZW50XC91cGxvYWRzXC8yMDI1XC8xMFwvbnMtMDE4LndlYnAiLCJzbGlkZXNob3ciOiJkZmM1NmY5In0%3D\" href='https:\/\/pogrebno.rs\/wp-content\/uploads\/2025\/10\/ns-018.webp'><img loading=\"lazy\" decoding=\"async\" width=\"150\" height=\"150\" src=\"https:\/\/pogrebno.rs\/wp-content\/uploads\/2025\/10\/ns-018-150x150.webp\" class=\"attachment-thumbnail size-thumbnail\" alt=\"\" \/><\/a>\n\t\t\t<\/div><\/figure><figure class='gallery-item'>\n\t\t\t<div class='gallery-icon landscape'>\n\t\t\t\t<a data-elementor-open-lightbox=\"yes\" data-elementor-lightbox-slideshow=\"dfc56f9\" data-elementor-lightbox-title=\"ns-019\" data-e-action-hash=\"#elementor-action%3Aaction%3Dlightbox%26settings%3DeyJpZCI6Mzk3NSwidXJsIjoiaHR0cHM6XC9cL3BvZ3JlYm5vLnJzXC93cC1jb250ZW50XC91cGxvYWRzXC8yMDI1XC8xMFwvbnMtMDE5LndlYnAiLCJzbGlkZXNob3ciOiJkZmM1NmY5In0%3D\" href='https:\/\/pogrebno.rs\/wp-content\/uploads\/2025\/10\/ns-019.webp'><img loading=\"lazy\" decoding=\"async\" width=\"150\" height=\"150\" src=\"https:\/\/pogrebno.rs\/wp-content\/uploads\/2025\/10\/ns-019-150x150.webp\" class=\"attachment-thumbnail size-thumbnail\" alt=\"\" \/><\/a>\n\t\t\t<\/div><\/figure><figure class='gallery-item'>\n\t\t\t<div class='gallery-icon landscape'>\n\t\t\t\t<a data-elementor-open-lightbox=\"yes\" data-elementor-lightbox-slideshow=\"dfc56f9\" data-elementor-lightbox-title=\"ns-020\" data-e-action-hash=\"#elementor-action%3Aaction%3Dlightbox%26settings%3DeyJpZCI6Mzk1NiwidXJsIjoiaHR0cHM6XC9cL3BvZ3JlYm5vLnJzXC93cC1jb250ZW50XC91cGxvYWRzXC8yMDI1XC8xMFwvbnMtMDIwLndlYnAiLCJzbGlkZXNob3ciOiJkZmM1NmY5In0%3D\" href='https:\/\/pogrebno.rs\/wp-content\/uploads\/2025\/10\/ns-020.webp'><img loading=\"lazy\" decoding=\"async\" width=\"150\" height=\"150\" src=\"https:\/\/pogrebno.rs\/wp-content\/uploads\/2025\/10\/ns-020-150x150.webp\" class=\"attachment-thumbnail size-thumbnail\" alt=\"\" \/><\/a>\n\t\t\t<\/div><\/figure>\n\t\t<\/div>\n\t\t<\/div>\n\t\t\t\t\t\t<\/div>\n\t\t\t\t<\/div>\n\t\t\t\t<\/div>\n\t\t\t\t<\/div>\n\t\t\t\t<\/div>","protected":false},"excerpt":{"rendered":"<p>novo groblje Novi Sad Gradsko groblje nalazi se na Rumena\u010dkom putu br. 65 u Novom Sadu. Otvoreno je 1974. godine kao multikonfesionalno. Svojim idejno-oblikovnim re\u0161enjem i re\u017eimom kori\u0161\u0107enja predstavlja specifi\u010dan komunalni objekat u zemlji sa svim neophodnim sadr\u017eajima, kao \u0161to su: upravna zgrada, kapela, opro\u0161tajna dvorana, krematorijum, prodajno-izlo\u017ebeni salon pogrebne opreme i kamena, ku\u0107a za [&hellip;]<\/p>\n","protected":false},"author":1,"featured_media":0,"parent":0,"menu_order":0,"comment_status":"closed","ping_status":"closed","template":"elementor_header_footer","meta":{"_acf_changed":false,"_eb_attr":"","footnotes":""},"kategorija_dokumenata":[],"class_list":["post-2990","page","type-page","status-publish","hentry"],"acf":[],"_links":{"self":[{"href":"https:\/\/pogrebno.rs\/hu\/wp-json\/wp\/v2\/pages\/2990","targetHints":{"allow":["GET"]}}],"collection":[{"href":"https:\/\/pogrebno.rs\/hu\/wp-json\/wp\/v2\/pages"}],"about":[{"href":"https:\/\/pogrebno.rs\/hu\/wp-json\/wp\/v2\/types\/page"}],"author":[{"embeddable":true,"href":"https:\/\/pogrebno.rs\/hu\/wp-json\/wp\/v2\/users\/1"}],"replies":[{"embeddable":true,"href":"https:\/\/pogrebno.rs\/hu\/wp-json\/wp\/v2\/comments?post=2990"}],"version-history":[{"count":13,"href":"https:\/\/pogrebno.rs\/hu\/wp-json\/wp\/v2\/pages\/2990\/revisions"}],"predecessor-version":[{"id":8317,"href":"https:\/\/pogrebno.rs\/hu\/wp-json\/wp\/v2\/pages\/2990\/revisions\/8317"}],"wp:attachment":[{"href":"https:\/\/pogrebno.rs\/hu\/wp-json\/wp\/v2\/media?parent=2990"}],"wp:term":[{"taxonomy":"kategorija_dokumenata","embeddable":true,"href":"https:\/\/pogrebno.rs\/hu\/wp-json\/wp\/v2\/kategorija_dokumenata?post=2990"}],"curies":[{"name":"wp","href":"https:\/\/api.w.org\/{rel}","templated":true}]}}