{"id":690,"date":"2025-06-03T18:47:35","date_gmt":"2025-06-03T16:47:35","guid":{"rendered":"https:\/\/pogrebno.rs\/?page_id=690"},"modified":"2025-10-09T19:07:30","modified_gmt":"2025-10-09T17:07:30","slug":"herbarijum","status":"publish","type":"page","link":"https:\/\/pogrebno.rs\/hu\/herbarijum\/","title":{"rendered":"N\u00f6v\u00e9nygy\u0171jtem\u00e9ny"},"content":{"rendered":"<div data-elementor-type=\"wp-page\" data-elementor-id=\"690\" class=\"elementor elementor-690\" data-elementor-post-type=\"page\">\n\t\t\t\t<div class=\"elementor-element elementor-element-87d23f2 e-con-full e-flex e-con e-parent\" data-id=\"87d23f2\" data-element_type=\"container\" data-e-type=\"container\" data-settings=\"{&quot;background_background&quot;:&quot;classic&quot;}\">\n\t\t<div class=\"elementor-element elementor-element-b51397d e-con-full e-flex e-con e-child\" data-id=\"b51397d\" data-element_type=\"container\" data-e-type=\"container\">\n\t\t<div class=\"elementor-element elementor-element-a709043 e-con-full e-grid e-con e-child\" data-id=\"a709043\" data-element_type=\"container\" data-e-type=\"container\">\n\t\t\t\t<div class=\"elementor-element elementor-element-e57797e elementor-widget elementor-widget-image\" data-id=\"e57797e\" data-element_type=\"widget\" data-e-type=\"widget\" data-widget_type=\"image.default\">\n\t\t\t\t<div class=\"elementor-widget-container\">\n\t\t\t\t\t\t\t\t\t\t\t\t\t\t\t<img fetchpriority=\"high\" decoding=\"async\" width=\"630\" height=\"275\" src=\"https:\/\/pogrebno.rs\/wp-content\/uploads\/2025\/05\/Ljiljan-levi.webp\" class=\"attachment-large size-large wp-image-97\" alt=\"\" srcset=\"https:\/\/pogrebno.rs\/wp-content\/uploads\/2025\/05\/Ljiljan-levi.webp 630w, https:\/\/pogrebno.rs\/wp-content\/uploads\/2025\/05\/Ljiljan-levi-300x131.webp 300w\" sizes=\"(max-width: 630px) 100vw, 630px\" \/>\t\t\t\t\t\t\t\t\t\t\t\t\t\t\t<\/div>\n\t\t\t\t<\/div>\n\t\t\t\t<div class=\"elementor-element elementor-element-49b247a elementor-widget elementor-widget-heading\" data-id=\"49b247a\" data-element_type=\"widget\" data-e-type=\"widget\" data-widget_type=\"heading.default\">\n\t\t\t\t<div class=\"elementor-widget-container\">\n\t\t\t\t\t<h2 class=\"elementor-heading-title elementor-size-default\">n\u00f6v\u00e9nygy\u0171jtem\u00e9ny<\/h2>\t\t\t\t<\/div>\n\t\t\t\t<\/div>\n\t\t\t\t<div class=\"elementor-element elementor-element-628093f elementor-widget elementor-widget-image\" data-id=\"628093f\" data-element_type=\"widget\" data-e-type=\"widget\" data-widget_type=\"image.default\">\n\t\t\t\t<div class=\"elementor-widget-container\">\n\t\t\t\t\t\t\t\t\t\t\t\t\t\t\t<img decoding=\"async\" width=\"631\" height=\"275\" src=\"https:\/\/pogrebno.rs\/wp-content\/uploads\/2025\/05\/Ljiljan-desni.webp\" class=\"attachment-large size-large wp-image-98\" alt=\"\" srcset=\"https:\/\/pogrebno.rs\/wp-content\/uploads\/2025\/05\/Ljiljan-desni.webp 631w, https:\/\/pogrebno.rs\/wp-content\/uploads\/2025\/05\/Ljiljan-desni-300x131.webp 300w\" sizes=\"(max-width: 631px) 100vw, 631px\" \/>\t\t\t\t\t\t\t\t\t\t\t\t\t\t\t<\/div>\n\t\t\t\t<\/div>\n\t\t\t\t<\/div>\n\t\t\t\t<div class=\"elementor-element elementor-element-df84521 elementor-widget elementor-widget-text-editor\" data-id=\"df84521\" data-element_type=\"widget\" data-e-type=\"widget\" data-widget_type=\"text-editor.default\">\n\t\t\t\t<div class=\"elementor-widget-container\">\n\t\t\t\t\t\t\t\t\t<p>Kedves polg\u00e1rt\u00e1rsaink! Dr. Geza Ceku\u0161 nyugalmazott professzor herb\u00e1rium\u00e1nak \u00faj, egyben utols\u00f3 sorozata l\u00e1that\u00f3 2023. szeptember 29-t\u0151l: l\u00e1sd: F\u00c1S K\u00daSZ\u00d3K \u00c9S GY\u00dcM\u00d6LCS\u00d6K.<\/p>\t\t\t\t\t\t\t\t<\/div>\n\t\t\t\t<\/div>\n\t\t<div class=\"elementor-element elementor-element-cc24ddc e-con-full e-flex e-con e-child\" data-id=\"cc24ddc\" data-element_type=\"container\" data-e-type=\"container\">\n\t\t\t\t<div class=\"elementor-element elementor-element-97b874d elementor-widget elementor-widget-eael-creative-button\" data-id=\"97b874d\" data-element_type=\"widget\" data-e-type=\"widget\" data-widget_type=\"eael-creative-button.default\">\n\t\t\t\t<div class=\"elementor-widget-container\">\n\t\t\t\t\t        <div class=\"eael-creative-button-wrapper\">\n\n            <a class=\"eael-creative-button eael-creative-button--default eael-cb-icon-position-right\" href=\"https:\/\/pogrebno.rs\/hu\/herbarijum-1\/\" data-text=\"\">\n            \t    \n                <div class=\"creative-button-inner\">\n\n                    \n                    <span class=\"cretive-button-text\">Gyomok \u00e9s t\u0171level\u0171ek<\/span>\n\n                                            <span class=\"eael-creative-button-icon-right\"><svg aria-hidden=\"true\" class=\"e-font-icon-svg e-fas-chevron-right\" viewbox=\"0 0 320 512\" xmlns=\"http:\/\/www.w3.org\/2000\/svg\"><path d=\"M285.476 272.971L91.132 467.314c-9.373 9.373-24.569 9.373-33.941 0l-22.667-22.667c-9.357-9.357-9.375-24.522-.04-33.901L188.505 256 34.484 101.255c-9.335-9.379-9.317-24.544.04-33.901l22.667-22.667c9.373-9.373 24.569-9.373 33.941 0L285.475 239.03c9.373 9.372 9.373 24.568.001 33.941z\"><\/path><\/svg><\/span>                                    <\/div>\n\t                        <\/a>\n        <\/div>\n        \t\t\t\t<\/div>\n\t\t\t\t<\/div>\n\t\t\t\t<div class=\"elementor-element elementor-element-dbdf3f7 elementor-widget elementor-widget-eael-creative-button\" data-id=\"dbdf3f7\" data-element_type=\"widget\" data-e-type=\"widget\" data-widget_type=\"eael-creative-button.default\">\n\t\t\t\t<div class=\"elementor-widget-container\">\n\t\t\t\t\t        <div class=\"eael-creative-button-wrapper\">\n\n            <a class=\"eael-creative-button eael-creative-button--default eael-cb-icon-position-right\" href=\"https:\/\/pogrebno.rs\/hu\/herbarijum-2\/\" data-text=\"\">\n            \t    \n                <div class=\"creative-button-inner\">\n\n                    \n                    <span class=\"cretive-button-text\">F\u00e1s <br> k\u00fasz\u00f3n\u00f6v\u00e9nyek \u00e9s gy\u00fcm\u00f6lcs\u00f6k<\/span>\n\n                                            <span class=\"eael-creative-button-icon-right\"><svg aria-hidden=\"true\" class=\"e-font-icon-svg e-fas-chevron-right\" viewbox=\"0 0 320 512\" xmlns=\"http:\/\/www.w3.org\/2000\/svg\"><path d=\"M285.476 272.971L91.132 467.314c-9.373 9.373-24.569 9.373-33.941 0l-22.667-22.667c-9.357-9.357-9.375-24.522-.04-33.901L188.505 256 34.484 101.255c-9.335-9.379-9.317-24.544.04-33.901l22.667-22.667c9.373-9.373 24.569-9.373 33.941 0L285.475 239.03c9.373 9.372 9.373 24.568.001 33.941z\"><\/path><\/svg><\/span>                                    <\/div>\n\t                        <\/a>\n        <\/div>\n        \t\t\t\t<\/div>\n\t\t\t\t<\/div>\n\t\t\t\t<div class=\"elementor-element elementor-element-04f41d5 elementor-widget elementor-widget-eael-creative-button\" data-id=\"04f41d5\" data-element_type=\"widget\" data-e-type=\"widget\" data-widget_type=\"eael-creative-button.default\">\n\t\t\t\t<div class=\"elementor-widget-container\">\n\t\t\t\t\t        <div class=\"eael-creative-button-wrapper\">\n\n            <a class=\"eael-creative-button eael-creative-button--default eael-cb-icon-position-right\" href=\"https:\/\/pogrebno.rs\/hu\/herbarijum-3\/\" data-text=\"\">\n            \t    \n                <div class=\"creative-button-inner\">\n\n                    \n                    <span class=\"cretive-button-text\">Ritka n\u00f6v\u00e9nyek<\/span>\n\n                                            <span class=\"eael-creative-button-icon-right\"><svg aria-hidden=\"true\" class=\"e-font-icon-svg e-fas-chevron-right\" viewbox=\"0 0 320 512\" xmlns=\"http:\/\/www.w3.org\/2000\/svg\"><path d=\"M285.476 272.971L91.132 467.314c-9.373 9.373-24.569 9.373-33.941 0l-22.667-22.667c-9.357-9.357-9.375-24.522-.04-33.901L188.505 256 34.484 101.255c-9.335-9.379-9.317-24.544.04-33.901l22.667-22.667c9.373-9.373 24.569-9.373 33.941 0L285.475 239.03c9.373 9.372 9.373 24.568.001 33.941z\"><\/path><\/svg><\/span>                                    <\/div>\n\t                        <\/a>\n        <\/div>\n        \t\t\t\t<\/div>\n\t\t\t\t<\/div>\n\t\t\t\t<\/div>\n\t\t<div class=\"elementor-element elementor-element-233e07e e-con-full e-flex e-con e-child\" data-id=\"233e07e\" data-element_type=\"container\" data-e-type=\"container\" data-settings=\"{&quot;background_background&quot;:&quot;classic&quot;}\">\n\t\t\t\t<div class=\"elementor-element elementor-element-2d5c2cf elementor-widget elementor-widget-text-editor\" data-id=\"2d5c2cf\" data-element_type=\"widget\" data-e-type=\"widget\" data-widget_type=\"text-editor.default\">\n\t\t\t\t<div class=\"elementor-widget-container\">\n\t\t\t\t\t\t\t\t\t<p>Temet\u0151ink hangulata, megjelen\u00e9se nem veheti fel a versenyt a vil\u00e1g\u00f6r\u00f6ks\u00e9gi list\u00e1n szerepl\u0151, vagy az Eur\u00f3pai Temet\u0151k \u00datvonal\u00e1nak r\u00e9sz\u00e9t k\u00e9pez\u0151 ismert temet\u0151kkel. Azonban a MI\u00c9NK. Rajtunk m\u00falik, hogy megbecs\u00fclj\u00fck \u0151ket, megpr\u00f3b\u00e1ljuk meg\u0151rizni \u00e9s m\u00e9g szebb\u00e9, hogy botanikai \u00e9rtelemben gazdagabb\u00e1 \u00e9s v\u00e1ltozatosabb\u00e1 tegy\u00fck \u0151ket.<\/p><p><br \/>A temet\u0151be l\u00e1togat\u00e1sunkkor a f\u00e1k \u00e9s a bokrok az ismer\u0151seink. Ha ismer\u0151s\u00f6k, akkor tudnunk kell r\u00f3luk valamit, legal\u00e1bb a nev\u00fcket. A n\u00f6v\u00e9nyek a t\u00e1rsaink, mert a sz\u00fclet\u00e9st\u0151l (b\u00f6lcs\u0151) a hal\u00e1lig (kopors\u00f3) elk\u00eds\u00e9rnek minket. Alapvet\u0151 funkci\u00f3ik mellett szimbolikus jelent\u00e9ssel is b\u00edrnak.<\/p><p><br \/>Nem is gondoltunk arra, hogy a rozmaring a h\u0171s\u00e9get, a h\u00e1zast\u00e1rsi boldogs\u00e1got jelk\u00e9pezi, hogy a h\u00e1rsfa a szomor\u00fas\u00e1g \u00e9s a hal\u00e1l jelk\u00e9pe, hogy a borosty\u00e1n a hal\u00e1lig tart\u00f3 szerelem n\u00f6v\u00e9nye, mert egy olyan fa k\u00f6r\u00e9 fon\u00f3dik, amely v\u00e9g\u00fcl elsz\u00e1rad, a bukszus az ellen\u00e1ll\u00e1s jelk\u00e9pe, a tiszafa pedig a hossz\u00fa \u00e9let, egyben a szenved\u00e9s \u00e9s a hal\u00e1l jelk\u00e9pe.<\/p>\t\t\t\t\t\t\t\t<\/div>\n\t\t\t\t<\/div>\n\t\t\t\t<\/div>\n\t\t<div class=\"elementor-element elementor-element-101483b e-con-full e-flex e-con e-child\" data-id=\"101483b\" data-element_type=\"container\" data-e-type=\"container\">\n\t\t<div class=\"elementor-element elementor-element-c5bbbb4 e-con-full e-flex e-con e-child\" data-id=\"c5bbbb4\" data-element_type=\"container\" data-e-type=\"container\" data-settings=\"{&quot;background_background&quot;:&quot;classic&quot;}\">\n\t\t<div class=\"elementor-element elementor-element-4b172be e-con-full e-flex e-con e-child\" data-id=\"4b172be\" data-element_type=\"container\" data-e-type=\"container\">\n\t\t\t\t<div class=\"elementor-element elementor-element-43a72a0 elementor-widget elementor-widget-image\" data-id=\"43a72a0\" data-element_type=\"widget\" data-e-type=\"widget\" data-widget_type=\"image.default\">\n\t\t\t\t<div class=\"elementor-widget-container\">\n\t\t\t\t\t\t\t\t\t\t\t\t\t\t\t<img decoding=\"async\" width=\"157\" height=\"144\" src=\"https:\/\/pogrebno.rs\/wp-content\/uploads\/2025\/07\/Geza-Cekus.webp\" class=\"attachment-large size-large wp-image-1169\" alt=\"\" \/>\t\t\t\t\t\t\t\t\t\t\t\t\t\t\t<\/div>\n\t\t\t\t<\/div>\n\t\t\t\t<div class=\"elementor-element elementor-element-84ba1fc elementor-widget elementor-widget-heading\" data-id=\"84ba1fc\" data-element_type=\"widget\" data-e-type=\"widget\" data-widget_type=\"heading.default\">\n\t\t\t\t<div class=\"elementor-widget-container\">\n\t\t\t\t\t<h2 class=\"elementor-heading-title elementor-size-default\">G\u00e9za Cz\u00e9kus <br>\n\u00e9letrajza<\/h2>\t\t\t\t<\/div>\n\t\t\t\t<\/div>\n\t\t\t\t<\/div>\n\t\t\t\t<div class=\"elementor-element elementor-element-55da28e elementor-widget elementor-widget-text-editor\" data-id=\"55da28e\" data-element_type=\"widget\" data-e-type=\"widget\" data-widget_type=\"text-editor.default\">\n\t\t\t\t<div class=\"elementor-widget-container\">\n\t\t\t\t\t\t\t\t\t<p>Cz\u00e9kus G\u00e9za Kishegyesen sz\u00fcletett (1953). \u00c1ltal\u00e1nos- \u00e9s k\u00f6z\u00e9piskol\u00e1j\u00e1t Szabadk\u00e1n, a Term\u00e9szettudom\u00e1nyi Kar biol\u00f3gia szak\u00e1t pedig \u00dajvid\u00e9ken v\u00e9gezte. Doktori c\u00edm\u00e9t Szegeden (1985) \u00e9s \u00dajvid\u00e9ken (1991) szerezte.<\/p><p>Teljes szakmai p\u00e1lyafut\u00e1s\u00e1t az oktat\u00e1sban t\u00f6lt\u00f6tte. 2018-ban az egyetem \u00e1lland\u00f3 professzorak\u00e9nt vonult nyugd\u00edjba.<\/p><p>A legjelent\u0151sebb d\u00edj, amellyel kit\u00fcntett\u00e9k, a Pro Ecclesia et Pontifice (Az egyh\u00e1z\u00e9rt \u00e9s a p\u00e1p\u00e1\u00e9rt) kit\u00fcntet\u00e9s, a Vatik\u00e1n legmagasabb, civileknek adom\u00e1nyozhat\u00f3 elismer\u00e9se.<\/p><p>Pedag\u00f3giai munk\u00e1ja mellett botanik\u00e1val (k\u00e9t \u00faj n\u00f6v\u00e9nyfajt publik\u00e1lt Jugoszl\u00e1via \u00e9s Szerbia sz\u00e1m\u00e1ra) \u00e9s antropol\u00f3gi\u00e1val is foglalkozott.<\/p><p>A publik\u00e1lt szakmai-tudom\u00e1nyos munk\u00e1k mellett sz\u00e1mos k\u00f6nyvet is kiadott, k\u00f6zt\u00fck \u00f6t monogr\u00e1fi\u00e1t - amelyek k\u00f6z\u00fcl kett\u0151 a temet\u0151k t\u00e9m\u00e1j\u00e1ban \u00edr\u00f3dott.<\/p><p>\u00c9rdekl\u0151d\u00e9s\u00e9nek k\u00f6z\u00e9ppontj\u00e1ban a temet\u0151 \u00e1ll; a s\u00edrk\u00f6vek \u00e9s a temet\u0151 f\u00e1s n\u00f6v\u00e9nyei. K\u00e9t ki\u00e1ll\u00edt\u00e1s szerz\u0151je volt.<\/p>\t\t\t\t\t\t\t\t<\/div>\n\t\t\t\t<\/div>\n\t\t\t\t<\/div>\n\t\t\t\t<\/div>\n\t\t\t\t<\/div>\n\t\t\t\t<\/div>\n\t\t\t\t<\/div>","protected":false},"excerpt":{"rendered":"<p>herbarijum Dragi sugra\u0111ani, izlo\u017eena je nova, poslednja serija Herbarijuma profesora u penziji dr Geze Ceku\u0161a, po\u010dev od dana 29. septembra 2023. godine: pogledajte DRVENASTE PUZAVICE I VO\u0106A. Korovi i \u010detinari Drvenaste puzavice i vo\u0107e Retke biljke Ambijent, izgled na\u0161ih grobalja ne mo\u017ee da se takmi\u010di sa poznatim grobljima koja su na listi svetske kulturne ba\u0161tine [&hellip;]<\/p>\n","protected":false},"author":1,"featured_media":0,"parent":0,"menu_order":0,"comment_status":"closed","ping_status":"closed","template":"elementor_header_footer","meta":{"_acf_changed":false,"_eb_attr":"","footnotes":""},"kategorija_dokumenata":[],"class_list":["post-690","page","type-page","status-publish","hentry"],"acf":[],"_links":{"self":[{"href":"https:\/\/pogrebno.rs\/hu\/wp-json\/wp\/v2\/pages\/690","targetHints":{"allow":["GET"]}}],"collection":[{"href":"https:\/\/pogrebno.rs\/hu\/wp-json\/wp\/v2\/pages"}],"about":[{"href":"https:\/\/pogrebno.rs\/hu\/wp-json\/wp\/v2\/types\/page"}],"author":[{"embeddable":true,"href":"https:\/\/pogrebno.rs\/hu\/wp-json\/wp\/v2\/users\/1"}],"replies":[{"embeddable":true,"href":"https:\/\/pogrebno.rs\/hu\/wp-json\/wp\/v2\/comments?post=690"}],"version-history":[{"count":46,"href":"https:\/\/pogrebno.rs\/hu\/wp-json\/wp\/v2\/pages\/690\/revisions"}],"predecessor-version":[{"id":1945,"href":"https:\/\/pogrebno.rs\/hu\/wp-json\/wp\/v2\/pages\/690\/revisions\/1945"}],"wp:attachment":[{"href":"https:\/\/pogrebno.rs\/hu\/wp-json\/wp\/v2\/media?parent=690"}],"wp:term":[{"taxonomy":"kategorija_dokumenata","embeddable":true,"href":"https:\/\/pogrebno.rs\/hu\/wp-json\/wp\/v2\/kategorija_dokumenata?post=690"}],"curies":[{"name":"wp","href":"https:\/\/api.w.org\/{rel}","templated":true}]}}