{"id":696,"date":"2025-06-03T18:49:08","date_gmt":"2025-06-03T16:49:08","guid":{"rendered":"https:\/\/pogrebno.rs\/?page_id=696"},"modified":"2026-02-10T10:09:00","modified_gmt":"2026-02-10T09:09:00","slug":"pretrage","status":"publish","type":"page","link":"https:\/\/pogrebno.rs\/hu\/pretrage\/","title":{"rendered":"Felhaszn\u00e1l\u00f3 keres\u00e9se"},"content":{"rendered":"<div data-elementor-type=\"wp-page\" data-elementor-id=\"696\" class=\"elementor elementor-696\" data-elementor-post-type=\"page\">\n\t\t\t\t<div class=\"elementor-element elementor-element-07465e3 e-con-full e-flex e-con e-parent\" data-id=\"07465e3\" data-element_type=\"container\" data-e-type=\"container\" data-settings=\"{&quot;background_background&quot;:&quot;classic&quot;}\">\n\t\t<div class=\"elementor-element elementor-element-4917b1c e-flex e-con-boxed e-con e-child\" data-id=\"4917b1c\" data-element_type=\"container\" data-e-type=\"container\">\n\t\t\t\t\t<div class=\"e-con-inner\">\n\t\t<div class=\"elementor-element elementor-element-79396c2 e-grid e-con-full e-con e-child\" data-id=\"79396c2\" data-element_type=\"container\" data-e-type=\"container\">\n\t\t\t\t<div class=\"elementor-element elementor-element-c13a533 elementor-widget elementor-widget-image\" data-id=\"c13a533\" data-element_type=\"widget\" data-e-type=\"widget\" data-widget_type=\"image.default\">\n\t\t\t\t<div class=\"elementor-widget-container\">\n\t\t\t\t\t\t\t\t\t\t\t\t\t\t\t<img fetchpriority=\"high\" decoding=\"async\" width=\"630\" height=\"275\" src=\"https:\/\/pogrebno.rs\/wp-content\/uploads\/2025\/05\/Ljiljan-levi.webp\" class=\"attachment-large size-large wp-image-97\" alt=\"\" srcset=\"https:\/\/pogrebno.rs\/wp-content\/uploads\/2025\/05\/Ljiljan-levi.webp 630w, https:\/\/pogrebno.rs\/wp-content\/uploads\/2025\/05\/Ljiljan-levi-300x131.webp 300w\" sizes=\"(max-width: 630px) 100vw, 630px\" \/>\t\t\t\t\t\t\t\t\t\t\t\t\t\t\t<\/div>\n\t\t\t\t<\/div>\n\t\t\t\t<div class=\"elementor-element elementor-element-50349bd elementor-widget elementor-widget-heading\" data-id=\"50349bd\" data-element_type=\"widget\" data-e-type=\"widget\" data-widget_type=\"heading.default\">\n\t\t\t\t<div class=\"elementor-widget-container\">\n\t\t\t\t\t<h2 class=\"elementor-heading-title elementor-size-default\">S\u00edrbolt keres\u00e9se<\/h2>\t\t\t\t<\/div>\n\t\t\t\t<\/div>\n\t\t\t\t<div class=\"elementor-element elementor-element-ebe428f elementor-widget elementor-widget-image\" data-id=\"ebe428f\" data-element_type=\"widget\" data-e-type=\"widget\" data-widget_type=\"image.default\">\n\t\t\t\t<div class=\"elementor-widget-container\">\n\t\t\t\t\t\t\t\t\t\t\t\t\t\t\t<img decoding=\"async\" width=\"631\" height=\"275\" src=\"https:\/\/pogrebno.rs\/wp-content\/uploads\/2025\/05\/Ljiljan-desni.webp\" class=\"attachment-large size-large wp-image-98\" alt=\"\" srcset=\"https:\/\/pogrebno.rs\/wp-content\/uploads\/2025\/05\/Ljiljan-desni.webp 631w, https:\/\/pogrebno.rs\/wp-content\/uploads\/2025\/05\/Ljiljan-desni-300x131.webp 300w\" sizes=\"(max-width: 631px) 100vw, 631px\" \/>\t\t\t\t\t\t\t\t\t\t\t\t\t\t\t<\/div>\n\t\t\t\t<\/div>\n\t\t\t\t<\/div>\n\t\t\t\t\t<\/div>\n\t\t\t\t<\/div>\n\t\t<div class=\"elementor-element elementor-element-2e0a9e9 e-con-full e-flex e-con e-child\" data-id=\"2e0a9e9\" data-element_type=\"container\" data-e-type=\"container\">\n\t\t\t\t<div class=\"elementor-element elementor-element-350803d elementor-widget elementor-widget-shortcode\" data-id=\"350803d\" data-element_type=\"widget\" data-e-type=\"widget\" data-widget_type=\"shortcode.default\">\n\t\t\t\t<div class=\"elementor-widget-container\">\n\t\t\t\t\t\t\t<div class=\"elementor-shortcode\">    <div class=\"gs-section\">\n        <h3>KERES\u00c9S A S\u00cdRBOLT FELHASZN\u00c1L\u00d3JA SZERINT<\/h3>\n        <form id=\"gs-form-korisnik\" class=\"gs-form\" data-search=\"1\" action=\"\">\n            <input type=\"text\" id=\"gs-prezime-korisnik\" name=\"prezime\" placeholder=\"\u00dcgyf\u00e9l vezet\u00e9kneve\">\n            <input type=\"text\" id=\"gs-ime-korisnik\" name=\"ime\" placeholder=\"\u00dcgyf\u00e9l ut\u00f3neve\">\n            <div class=\"gs-btn-row\">\n                <button type=\"submit\" class=\"gs-btn\">Meger\u0151s\u00edt\u00e9s<\/button>\n                <button type=\"reset\" class=\"gs-btn gs-reset\">M\u00e9gsem<\/button>\n            <\/div>\n        <input type=\"hidden\" name=\"trp-form-language\" value=\"hu\"\/><\/form>\n    <\/div>\n\n    <div class=\"gs-section\">\n        <h3>KERES\u00c9S ELHUNYT SZERINT<\/h3>\n        <form id=\"gs-form-pokojnik\" class=\"gs-form\" data-search=\"2\" action=\"\">\n            <input type=\"text\" id=\"gs-prezime-pokojnik\" name=\"prezime\" placeholder=\"Az elhunyt vezet\u00e9kneve\">\n            <input type=\"text\" id=\"gs-ime-pokojnik\" name=\"ime\" placeholder=\"Az elhunyt ut\u00f3neve\">\n            <div class=\"gs-btn-row\">\n                <button type=\"submit\" class=\"gs-btn\">Meger\u0151s\u00edt\u00e9s<\/button>\n                <button type=\"reset\" class=\"gs-btn gs-reset\">M\u00e9gsem<\/button>\n            <\/div>\n        <input type=\"hidden\" name=\"trp-form-language\" value=\"hu\"\/><\/form>\n    <\/div>\n    <div id=\"grobnica-results\"><\/div>\n    <\/div>\n\t\t\t\t\t\t<\/div>\n\t\t\t\t<\/div>\n\t\t\t\t<\/div>\n\t\t\t\t<\/div>\n\t\t\t\t<\/div>","protected":false},"excerpt":{"rendered":"<p>S\u00edrbolt keres\u00e9se<\/p>","protected":false},"author":1,"featured_media":0,"parent":0,"menu_order":0,"comment_status":"closed","ping_status":"closed","template":"","meta":{"_acf_changed":false,"_eb_attr":"","footnotes":""},"kategorija_dokumenata":[],"class_list":["post-696","page","type-page","status-publish","hentry"],"acf":[],"_links":{"self":[{"href":"https:\/\/pogrebno.rs\/hu\/wp-json\/wp\/v2\/pages\/696","targetHints":{"allow":["GET"]}}],"collection":[{"href":"https:\/\/pogrebno.rs\/hu\/wp-json\/wp\/v2\/pages"}],"about":[{"href":"https:\/\/pogrebno.rs\/hu\/wp-json\/wp\/v2\/types\/page"}],"author":[{"embeddable":true,"href":"https:\/\/pogrebno.rs\/hu\/wp-json\/wp\/v2\/users\/1"}],"replies":[{"embeddable":true,"href":"https:\/\/pogrebno.rs\/hu\/wp-json\/wp\/v2\/comments?post=696"}],"version-history":[{"count":34,"href":"https:\/\/pogrebno.rs\/hu\/wp-json\/wp\/v2\/pages\/696\/revisions"}],"predecessor-version":[{"id":8284,"href":"https:\/\/pogrebno.rs\/hu\/wp-json\/wp\/v2\/pages\/696\/revisions\/8284"}],"wp:attachment":[{"href":"https:\/\/pogrebno.rs\/hu\/wp-json\/wp\/v2\/media?parent=696"}],"wp:term":[{"taxonomy":"kategorija_dokumenata","embeddable":true,"href":"https:\/\/pogrebno.rs\/hu\/wp-json\/wp\/v2\/kategorija_dokumenata?post=696"}],"curies":[{"name":"wp","href":"https:\/\/api.w.org\/{rel}","templated":true}]}}