{"id":2042,"date":"2025-08-07T08:50:11","date_gmt":"2025-08-07T06:50:11","guid":{"rendered":"https:\/\/pogrebno.rs\/?page_id=2042"},"modified":"2026-02-12T12:37:07","modified_gmt":"2026-02-12T11:37:07","slug":"nadzorni-odbor","status":"publish","type":"page","link":"https:\/\/pogrebno.rs\/sr-cir\/nadzorni-odbor\/","title":{"rendered":"\u041d\u0430\u0434\u0437\u043e\u0440\u043d\u0438 \u043e\u0434\u0431\u043e\u0440"},"content":{"rendered":"<div data-elementor-type=\"wp-page\" data-elementor-id=\"2042\" class=\"elementor elementor-2042\" data-elementor-post-type=\"page\">\n\t\t\t\t<div class=\"elementor-element elementor-element-4ea002c e-con-full e-flex e-con e-parent\" data-id=\"4ea002c\" data-element_type=\"container\" data-e-type=\"container\" data-settings=\"{&quot;background_background&quot;:&quot;classic&quot;}\">\n\t\t<div class=\"elementor-element elementor-element-1a14f03 e-flex e-con-boxed e-con e-child\" data-id=\"1a14f03\" data-element_type=\"container\" data-e-type=\"container\">\n\t\t\t\t\t<div class=\"e-con-inner\">\n\t\t<div class=\"elementor-element elementor-element-988edc2 e-grid e-con-full e-con e-child\" data-id=\"988edc2\" data-element_type=\"container\" data-e-type=\"container\">\n\t\t\t\t<div class=\"elementor-element elementor-element-61aca3c elementor-widget elementor-widget-image\" data-id=\"61aca3c\" data-element_type=\"widget\" data-e-type=\"widget\" data-widget_type=\"image.default\">\n\t\t\t\t<div class=\"elementor-widget-container\">\n\t\t\t\t\t\t\t\t\t\t\t\t\t\t\t<img fetchpriority=\"high\" decoding=\"async\" width=\"630\" height=\"275\" src=\"https:\/\/pogrebno.rs\/wp-content\/uploads\/2025\/05\/Ljiljan-levi.webp\" class=\"attachment-large size-large wp-image-97\" alt=\"\" srcset=\"https:\/\/pogrebno.rs\/wp-content\/uploads\/2025\/05\/Ljiljan-levi.webp 630w, https:\/\/pogrebno.rs\/wp-content\/uploads\/2025\/05\/Ljiljan-levi-300x131.webp 300w\" sizes=\"(max-width: 630px) 100vw, 630px\" \/>\t\t\t\t\t\t\t\t\t\t\t\t\t\t\t<\/div>\n\t\t\t\t<\/div>\n\t\t\t\t<div class=\"elementor-element elementor-element-f451317 elementor-widget elementor-widget-heading\" data-id=\"f451317\" data-element_type=\"widget\" data-e-type=\"widget\" data-widget_type=\"heading.default\">\n\t\t\t\t<div class=\"elementor-widget-container\">\n\t\t\t\t\t<h2 class=\"elementor-heading-title elementor-size-default\">\u041d\u0410\u0414\u0417\u041e\u0420\u041d\u0418 \u041e\u0414\u0411\u041e\u0420<\/h2>\t\t\t\t<\/div>\n\t\t\t\t<\/div>\n\t\t\t\t<div class=\"elementor-element elementor-element-1cba7ee elementor-widget elementor-widget-image\" data-id=\"1cba7ee\" data-element_type=\"widget\" data-e-type=\"widget\" data-widget_type=\"image.default\">\n\t\t\t\t<div class=\"elementor-widget-container\">\n\t\t\t\t\t\t\t\t\t\t\t\t\t\t\t<img decoding=\"async\" width=\"631\" height=\"275\" src=\"https:\/\/pogrebno.rs\/wp-content\/uploads\/2025\/05\/Ljiljan-desni.webp\" class=\"attachment-large size-large wp-image-98\" alt=\"\" srcset=\"https:\/\/pogrebno.rs\/wp-content\/uploads\/2025\/05\/Ljiljan-desni.webp 631w, https:\/\/pogrebno.rs\/wp-content\/uploads\/2025\/05\/Ljiljan-desni-300x131.webp 300w\" sizes=\"(max-width: 631px) 100vw, 631px\" \/>\t\t\t\t\t\t\t\t\t\t\t\t\t\t\t<\/div>\n\t\t\t\t<\/div>\n\t\t\t\t<\/div>\n\t\t<div class=\"elementor-element elementor-element-b512988 e-con-full e-flex e-con e-child\" data-id=\"b512988\" data-element_type=\"container\" data-e-type=\"container\">\n\t\t\t\t<div class=\"elementor-element elementor-element-072b232 elementor-widget elementor-widget-heading\" data-id=\"072b232\" data-element_type=\"widget\" data-e-type=\"widget\" data-widget_type=\"heading.default\">\n\t\t\t\t<div class=\"elementor-widget-container\">\n\t\t\t\t\t<h2 class=\"elementor-heading-title elementor-size-default\">\u041f\u0440\u0435\u0434\u0441\u0435\u0434\u043d\u0438\u043a<\/h2>\t\t\t\t<\/div>\n\t\t\t\t<\/div>\n\t\t<div class=\"elementor-element elementor-element-65de9db e-con-full e-flex e-con e-child\" data-id=\"65de9db\" data-element_type=\"container\" data-e-type=\"container\" data-settings=\"{&quot;background_background&quot;:&quot;classic&quot;}\">\n\t\t\t\t<div class=\"elementor-element elementor-element-3dd8c04 elementor-widget elementor-widget-image\" data-id=\"3dd8c04\" data-element_type=\"widget\" data-e-type=\"widget\" data-widget_type=\"image.default\">\n\t\t\t\t<div class=\"elementor-widget-container\">\n\t\t\t\t\t\t\t\t\t\t\t\t\t\t\t<img decoding=\"async\" width=\"150\" height=\"150\" src=\"https:\/\/pogrebno.rs\/wp-content\/uploads\/2025\/08\/Ikonica-loga-150x150.webp\" class=\"attachment-thumbnail size-thumbnail wp-image-2067\" alt=\"\" srcset=\"https:\/\/pogrebno.rs\/wp-content\/uploads\/2025\/08\/Ikonica-loga-150x150.webp 150w, https:\/\/pogrebno.rs\/wp-content\/uploads\/2025\/08\/Ikonica-loga-300x300.webp 300w, https:\/\/pogrebno.rs\/wp-content\/uploads\/2025\/08\/Ikonica-loga.webp 512w\" sizes=\"(max-width: 150px) 100vw, 150px\" \/>\t\t\t\t\t\t\t\t\t\t\t\t\t\t\t<\/div>\n\t\t\t\t<\/div>\n\t\t\t\t<div class=\"elementor-element elementor-element-e7fd4e6 elementor-widget elementor-widget-heading\" data-id=\"e7fd4e6\" data-element_type=\"widget\" data-e-type=\"widget\" data-widget_type=\"heading.default\">\n\t\t\t\t<div class=\"elementor-widget-container\">\n\t\t\t\t\t<h2 class=\"elementor-heading-title elementor-size-default\">\u0413\u043e\u043b\u0443\u0431\u043e\u0432\u0438\u045b \u0411\u043e\u0436\u0438\u0434\u0430\u0440\u043a\u0430<\/h2>\t\t\t\t<\/div>\n\t\t\t\t<\/div>\n\t\t\t\t<div class=\"elementor-element elementor-element-27b005c elementor-widget elementor-widget-heading\" data-id=\"27b005c\" data-element_type=\"widget\" data-e-type=\"widget\" data-widget_type=\"heading.default\">\n\t\t\t\t<div class=\"elementor-widget-container\">\n\t\t\t\t\t<h2 class=\"elementor-heading-title elementor-size-default\">\u041f\u0440\u0435\u0434\u0441\u0435\u0434\u043d\u0438\u0446\u0430<\/h2>\t\t\t\t<\/div>\n\t\t\t\t<\/div>\n\t\t\t\t<div class=\"elementor-element elementor-element-7a26217 elementor-widget elementor-widget-heading\" data-id=\"7a26217\" data-element_type=\"widget\" data-e-type=\"widget\" data-widget_type=\"heading.default\">\n\t\t\t\t<div class=\"elementor-widget-container\">\n\t\t\t\t\t<h2 class=\"elementor-heading-title elementor-size-default\">\u041c\u0430\u0441\u0442\u0435\u0440 \u0415\u043a\u043e\u043d\u043e\u043c\u0438\u0441\u0442\u0430<\/h2>\t\t\t\t<\/div>\n\t\t\t\t<\/div>\n\t\t<div class=\"elementor-element elementor-element-db0af4a e-con-full e-flex e-con e-child\" data-id=\"db0af4a\" data-element_type=\"container\" data-e-type=\"container\">\n\t\t\t\t<div class=\"elementor-element elementor-element-1cf1953 elementor-view-default elementor-widget elementor-widget-icon\" data-id=\"1cf1953\" data-element_type=\"widget\" data-e-type=\"widget\" data-widget_type=\"icon.default\">\n\t\t\t\t<div class=\"elementor-widget-container\">\n\t\t\t\t\t\t\t<div class=\"elementor-icon-wrapper\">\n\t\t\t<div class=\"elementor-icon\">\n\t\t\t<svg aria-hidden=\"true\" class=\"e-font-icon-svg e-fas-envelope\" viewbox=\"0 0 512 512\" xmlns=\"http:\/\/www.w3.org\/2000\/svg\"><path d=\"M502.3 190.8c3.9-3.1 9.7-.2 9.7 4.7V400c0 26.5-21.5 48-48 48H48c-26.5 0-48-21.5-48-48V195.6c0-5 5.7-7.8 9.7-4.7 22.4 17.4 52.1 39.5 154.1 113.6 21.1 15.4 56.7 47.8 92.2 47.6 35.7.3 72-32.8 92.3-47.6 102-74.1 131.6-96.3 154-113.7zM256 320c23.2.4 56.6-29.2 73.4-41.4 132.7-96.3 142.8-104.7 173.4-128.7 5.8-4.5 9.2-11.5 9.2-18.9v-19c0-26.5-21.5-48-48-48H48C21.5 64 0 85.5 0 112v19c0 7.4 3.4 14.3 9.2 18.9 30.6 23.9 40.7 32.4 173.4 128.7 16.8 12.2 50.2 41.8 73.4 41.4z\"><\/path><\/svg>\t\t\t<\/div>\n\t\t<\/div>\n\t\t\t\t\t\t<\/div>\n\t\t\t\t<\/div>\n\t\t\t\t<div class=\"elementor-element elementor-element-902977f elementor-widget elementor-widget-heading\" data-id=\"902977f\" data-element_type=\"widget\" data-e-type=\"widget\" data-widget_type=\"heading.default\">\n\t\t\t\t<div class=\"elementor-widget-container\">\n\t\t\t\t\t<h2 class=\"elementor-heading-title elementor-size-default\"><a href=\"mailto:%20bozidarka.golubovic@gmail.com\">bozidarka.golubovic@gmail.com<\/a><\/h2>\t\t\t\t<\/div>\n\t\t\t\t<\/div>\n\t\t\t\t<\/div>\n\t\t\t\t<div class=\"elementor-element elementor-element-0d002e9 elementor-widget elementor-widget-text-editor\" data-id=\"0d002e9\" data-element_type=\"widget\" data-e-type=\"widget\" data-widget_type=\"text-editor.default\">\n\t\t\t\t<div class=\"elementor-widget-container\">\n\t\t\t\t\t\t\t\t\t<p>\u0414\u0438\u0440\u0435\u043a\u0442\u043e\u0440 \u0422\u0443\u0440\u0438\u0441\u0442\u0438\u0447\u043a\u0435 \u043e\u0440\u0433\u0430\u043d\u0438\u0437\u0430\u0446\u0438\u0458\u0435 \u0421\u0443\u0431\u043e\u0442\u0438\u0446\u0430 \u043e\u0434 24.07.2024. \u0433\u043e\u0434\u0438\u043d\u0435; \u0428\u0435\u0444 \u0441\u043b\u0443\u0436\u0431\u0435 \u0437\u0430 \u043b\u043e\u043a\u0430\u043b\u043d\u0438 \u0435\u043a\u043e\u043d\u043e\u043c\u0441\u043a\u0438 \u0440\u0430\u0437\u0432\u043e\u0458 \u0413\u0440\u0430\u0434\u0430 \u0421\u0443\u0431\u043e\u0442\u0438\u0446\u0435 \u043e\u0434 01.08.2019. \u0433\u043e\u0434\u0438\u043d\u0435 \u0434\u043e 23.07.2024. \u0433\u043e\u0434\u0438\u043d\u0435.<\/p>\t\t\t\t\t\t\t\t<\/div>\n\t\t\t\t<\/div>\n\t\t\t\t<div class=\"elementor-element elementor-element-aae1a14 elementor-align-center elementor-widget elementor-widget-button\" data-id=\"aae1a14\" data-element_type=\"widget\" data-e-type=\"widget\" data-widget_type=\"button.default\">\n\t\t\t\t<div class=\"elementor-widget-container\">\n\t\t\t\t\t\t\t\t\t<div class=\"elementor-button-wrapper\">\n\t\t\t\t\t<a class=\"elementor-button elementor-button-link elementor-size-sm\" href=\"https:\/\/pogrebno.rs\/wp-content\/uploads\/2025\/08\/Bozidarka-Golubovic-radna-biografija.pdf\">\n\t\t\t\t\t\t<span class=\"elementor-button-content-wrapper\">\n\t\t\t\t\t\t<span class=\"elementor-button-icon\">\n\t\t\t\t<svg aria-hidden=\"true\" class=\"e-font-icon-svg e-far-file-pdf\" viewbox=\"0 0 384 512\" xmlns=\"http:\/\/www.w3.org\/2000\/svg\"><path d=\"M369.9 97.9L286 14C277 5 264.8-.1 252.1-.1H48C21.5 0 0 21.5 0 48v416c0 26.5 21.5 48 48 48h288c26.5 0 48-21.5 48-48V131.9c0-12.7-5.1-25-14.1-34zM332.1 128H256V51.9l76.1 76.1zM48 464V48h160v104c0 13.3 10.7 24 24 24h104v288H48zm250.2-143.7c-12.2-12-47-8.7-64.4-6.5-17.2-10.5-28.7-25-36.8-46.3 3.9-16.1 10.1-40.6 5.4-56-4.2-26.2-37.8-23.6-42.6-5.9-4.4 16.1-.4 38.5 7 67.1-10 23.9-24.9 56-35.4 74.4-20 10.3-47 26.2-51 46.2-3.3 15.8 26 55.2 76.1-31.2 22.4-7.4 46.8-16.5 68.4-20.1 18.9 10.2 41 17 55.8 17 25.5 0 28-28.2 17.5-38.7zm-198.1 77.8c5.1-13.7 24.5-29.5 30.4-35-19 30.3-30.4 35.7-30.4 35zm81.6-190.6c7.4 0 6.7 32.1 1.8 40.8-4.4-13.9-4.3-40.8-1.8-40.8zm-24.4 136.6c9.7-16.9 18-37 24.7-54.7 8.3 15.1 18.9 27.2 30.1 35.5-20.8 4.3-38.9 13.1-54.8 19.2zm131.6-5s-5 6-37.3-7.8c35.1-2.6 40.9 5.4 37.3 7.8z\"><\/path><\/svg>\t\t\t<\/span>\n\t\t\t\t\t\t\t\t\t<span class=\"elementor-button-text\">\u0420\u0430\u0434\u043d\u0430 \u0431\u0438\u043e\u0433\u0440\u0430\u0444\u0438\u0458\u0430<\/span>\n\t\t\t\t\t<\/span>\n\t\t\t\t\t<\/a>\n\t\t\t\t<\/div>\n\t\t\t\t\t\t\t\t<\/div>\n\t\t\t\t<\/div>\n\t\t\t\t<\/div>\n\t\t\t\t<\/div>\n\t\t<div class=\"elementor-element elementor-element-5ee5d4c e-con-full e-flex e-con e-child\" data-id=\"5ee5d4c\" data-element_type=\"container\" data-e-type=\"container\">\n\t\t\t\t<div class=\"elementor-element elementor-element-23768db elementor-widget elementor-widget-heading\" data-id=\"23768db\" data-element_type=\"widget\" data-e-type=\"widget\" data-widget_type=\"heading.default\">\n\t\t\t\t<div class=\"elementor-widget-container\">\n\t\t\t\t\t<h2 class=\"elementor-heading-title elementor-size-default\">\u0427\u043b\u0430\u043d\u043e\u0432\u0438<\/h2>\t\t\t\t<\/div>\n\t\t\t\t<\/div>\n\t\t<div class=\"elementor-element elementor-element-a7f3fe5 e-grid e-con-full e-con e-child\" data-id=\"a7f3fe5\" data-element_type=\"container\" data-e-type=\"container\">\n\t\t<div class=\"elementor-element elementor-element-58a3f24 e-con-full e-flex e-con e-child\" data-id=\"58a3f24\" data-element_type=\"container\" data-e-type=\"container\" data-settings=\"{&quot;background_background&quot;:&quot;classic&quot;}\">\n\t\t\t\t<div class=\"elementor-element elementor-element-eb3c2b2 elementor-widget elementor-widget-image\" data-id=\"eb3c2b2\" data-element_type=\"widget\" data-e-type=\"widget\" data-widget_type=\"image.default\">\n\t\t\t\t<div class=\"elementor-widget-container\">\n\t\t\t\t\t\t\t\t\t\t\t\t\t\t\t<img decoding=\"async\" width=\"150\" height=\"150\" src=\"https:\/\/pogrebno.rs\/wp-content\/uploads\/2025\/08\/Ikonica-loga-150x150.webp\" class=\"attachment-thumbnail size-thumbnail wp-image-2067\" alt=\"\" srcset=\"https:\/\/pogrebno.rs\/wp-content\/uploads\/2025\/08\/Ikonica-loga-150x150.webp 150w, https:\/\/pogrebno.rs\/wp-content\/uploads\/2025\/08\/Ikonica-loga-300x300.webp 300w, https:\/\/pogrebno.rs\/wp-content\/uploads\/2025\/08\/Ikonica-loga.webp 512w\" sizes=\"(max-width: 150px) 100vw, 150px\" \/>\t\t\t\t\t\t\t\t\t\t\t\t\t\t\t<\/div>\n\t\t\t\t<\/div>\n\t\t\t\t<div class=\"elementor-element elementor-element-92e7944 elementor-widget elementor-widget-heading\" data-id=\"92e7944\" data-element_type=\"widget\" data-e-type=\"widget\" data-widget_type=\"heading.default\">\n\t\t\t\t<div class=\"elementor-widget-container\">\n\t\t\t\t\t<h2 class=\"elementor-heading-title elementor-size-default\">\u0420\u0443\u0441\u0442\u0435\u043c\u043e\u0432\u0438\u045b \u0421\u0430\u043c\u0438\u0440<\/h2>\t\t\t\t<\/div>\n\t\t\t\t<\/div>\n\t\t\t\t<div class=\"elementor-element elementor-element-e33b673 elementor-widget elementor-widget-heading\" data-id=\"e33b673\" data-element_type=\"widget\" data-e-type=\"widget\" data-widget_type=\"heading.default\">\n\t\t\t\t<div class=\"elementor-widget-container\">\n\t\t\t\t\t<h2 class=\"elementor-heading-title elementor-size-default\">\u0447\u043b\u0430\u043d<\/h2>\t\t\t\t<\/div>\n\t\t\t\t<\/div>\n\t\t<div class=\"elementor-element elementor-element-c711ff6 e-con-full e-flex e-con e-child\" data-id=\"c711ff6\" data-element_type=\"container\" data-e-type=\"container\">\n\t\t\t\t<div class=\"elementor-element elementor-element-5f0efaf elementor-view-default elementor-widget elementor-widget-icon\" data-id=\"5f0efaf\" data-element_type=\"widget\" data-e-type=\"widget\" data-widget_type=\"icon.default\">\n\t\t\t\t<div class=\"elementor-widget-container\">\n\t\t\t\t\t\t\t<div class=\"elementor-icon-wrapper\">\n\t\t\t<div class=\"elementor-icon\">\n\t\t\t<svg aria-hidden=\"true\" class=\"e-font-icon-svg e-fas-envelope\" viewbox=\"0 0 512 512\" xmlns=\"http:\/\/www.w3.org\/2000\/svg\"><path d=\"M502.3 190.8c3.9-3.1 9.7-.2 9.7 4.7V400c0 26.5-21.5 48-48 48H48c-26.5 0-48-21.5-48-48V195.6c0-5 5.7-7.8 9.7-4.7 22.4 17.4 52.1 39.5 154.1 113.6 21.1 15.4 56.7 47.8 92.2 47.6 35.7.3 72-32.8 92.3-47.6 102-74.1 131.6-96.3 154-113.7zM256 320c23.2.4 56.6-29.2 73.4-41.4 132.7-96.3 142.8-104.7 173.4-128.7 5.8-4.5 9.2-11.5 9.2-18.9v-19c0-26.5-21.5-48-48-48H48C21.5 64 0 85.5 0 112v19c0 7.4 3.4 14.3 9.2 18.9 30.6 23.9 40.7 32.4 173.4 128.7 16.8 12.2 50.2 41.8 73.4 41.4z\"><\/path><\/svg>\t\t\t<\/div>\n\t\t<\/div>\n\t\t\t\t\t\t<\/div>\n\t\t\t\t<\/div>\n\t\t\t\t<div class=\"elementor-element elementor-element-a356b27 elementor-widget elementor-widget-heading\" data-id=\"a356b27\" data-element_type=\"widget\" data-e-type=\"widget\" data-widget_type=\"heading.default\">\n\t\t\t\t<div class=\"elementor-widget-container\">\n\t\t\t\t\t<h2 class=\"elementor-heading-title elementor-size-default\"><a href=\"mailto:%20samir.rustemovic@subotickatrznica.rs\u2028\">samir.rustemovic@subotickatrznica.rs\u2028<\/a><\/h2>\t\t\t\t<\/div>\n\t\t\t\t<\/div>\n\t\t\t\t<\/div>\n\t\t\t\t<div class=\"elementor-element elementor-element-a45ecab elementor-widget elementor-widget-text-editor\" data-id=\"a45ecab\" data-element_type=\"widget\" data-e-type=\"widget\" data-widget_type=\"text-editor.default\">\n\t\t\t\t<div class=\"elementor-widget-container\">\n\t\t\t\t\t\t\t\t\t<p>\u0420\u0430\u0434\u043d\u043e \u0438\u0441\u043a\u0443\u0441\u0442\u0432\u043e: 2012 - \u0418\u0437\u0432\u0440\u0448\u043d\u0438 \u0434\u0438\u0440\u0435\u043a\u0442\u043e\u0440 \u0410\u0414 \u0422\u0440\u0436\u043d\u0438\u0446\u0430 \u0421\u0443\u0431\u043e\u0442\u0438\u0446\u0430; 2010-2012 \u0428\u0435\u0444 \u043f\u0440\u0430\u0432\u043d\u0435 \u0441\u043b\u0443\u0436\u0431\u0435 \u0410\u0414 \u0422\u0440\u0436\u043d\u0438\u0446\u0430 \u0421\u0443\u0431\u043e\u0442\u0438\u0446\u0430; 2002-2010 \u0414\u0438\u0440\u0435\u043a\u0442\u043e\u0440 Mersi doo \u0421\u0443\u0431\u043e\u0442\u0438\u0446\u0430; 1997 - 2002 \u041c\u0435\u043d\u0430\u0434\u0436\u0435\u0440 Aspek doo \u0421\u0443\u0431\u043e\u0442\u0438\u0446\u0430.<\/p>\t\t\t\t\t\t\t\t<\/div>\n\t\t\t\t<\/div>\n\t\t\t\t<\/div>\n\t\t<div class=\"elementor-element elementor-element-32c8162 e-con-full e-flex e-con e-child\" data-id=\"32c8162\" data-element_type=\"container\" data-e-type=\"container\" data-settings=\"{&quot;background_background&quot;:&quot;classic&quot;}\">\n\t\t\t\t<div class=\"elementor-element elementor-element-d8dd220 elementor-widget elementor-widget-image\" data-id=\"d8dd220\" data-element_type=\"widget\" data-e-type=\"widget\" data-widget_type=\"image.default\">\n\t\t\t\t<div class=\"elementor-widget-container\">\n\t\t\t\t\t\t\t\t\t\t\t\t\t\t\t<img decoding=\"async\" width=\"150\" height=\"150\" src=\"https:\/\/pogrebno.rs\/wp-content\/uploads\/2025\/08\/Ikonica-loga-150x150.webp\" class=\"attachment-thumbnail size-thumbnail wp-image-2067\" alt=\"\" srcset=\"https:\/\/pogrebno.rs\/wp-content\/uploads\/2025\/08\/Ikonica-loga-150x150.webp 150w, https:\/\/pogrebno.rs\/wp-content\/uploads\/2025\/08\/Ikonica-loga-300x300.webp 300w, https:\/\/pogrebno.rs\/wp-content\/uploads\/2025\/08\/Ikonica-loga.webp 512w\" sizes=\"(max-width: 150px) 100vw, 150px\" \/>\t\t\t\t\t\t\t\t\t\t\t\t\t\t\t<\/div>\n\t\t\t\t<\/div>\n\t\t\t\t<div class=\"elementor-element elementor-element-207c7d9 elementor-widget elementor-widget-heading\" data-id=\"207c7d9\" data-element_type=\"widget\" data-e-type=\"widget\" data-widget_type=\"heading.default\">\n\t\t\t\t<div class=\"elementor-widget-container\">\n\t\t\t\t\t<h2 class=\"elementor-heading-title elementor-size-default\">\u041b\u0443\u0447\u0438\u045b \u0421\u043d\u0435\u0436\u0430\u043d\u0430<\/h2>\t\t\t\t<\/div>\n\t\t\t\t<\/div>\n\t\t\t\t<div class=\"elementor-element elementor-element-908044d elementor-widget elementor-widget-heading\" data-id=\"908044d\" data-element_type=\"widget\" data-e-type=\"widget\" data-widget_type=\"heading.default\">\n\t\t\t\t<div class=\"elementor-widget-container\">\n\t\t\t\t\t<h2 class=\"elementor-heading-title elementor-size-default\">\u0447\u043b\u0430\u043d<\/h2>\t\t\t\t<\/div>\n\t\t\t\t<\/div>\n\t\t<div class=\"elementor-element elementor-element-6b3b75b e-con-full e-flex e-con e-child\" data-id=\"6b3b75b\" data-element_type=\"container\" data-e-type=\"container\">\n\t\t\t\t<div class=\"elementor-element elementor-element-38f3b98 elementor-view-default elementor-widget elementor-widget-icon\" data-id=\"38f3b98\" data-element_type=\"widget\" data-e-type=\"widget\" data-widget_type=\"icon.default\">\n\t\t\t\t<div class=\"elementor-widget-container\">\n\t\t\t\t\t\t\t<div class=\"elementor-icon-wrapper\">\n\t\t\t<div class=\"elementor-icon\">\n\t\t\t<svg aria-hidden=\"true\" class=\"e-font-icon-svg e-fas-envelope\" viewbox=\"0 0 512 512\" xmlns=\"http:\/\/www.w3.org\/2000\/svg\"><path d=\"M502.3 190.8c3.9-3.1 9.7-.2 9.7 4.7V400c0 26.5-21.5 48-48 48H48c-26.5 0-48-21.5-48-48V195.6c0-5 5.7-7.8 9.7-4.7 22.4 17.4 52.1 39.5 154.1 113.6 21.1 15.4 56.7 47.8 92.2 47.6 35.7.3 72-32.8 92.3-47.6 102-74.1 131.6-96.3 154-113.7zM256 320c23.2.4 56.6-29.2 73.4-41.4 132.7-96.3 142.8-104.7 173.4-128.7 5.8-4.5 9.2-11.5 9.2-18.9v-19c0-26.5-21.5-48-48-48H48C21.5 64 0 85.5 0 112v19c0 7.4 3.4 14.3 9.2 18.9 30.6 23.9 40.7 32.4 173.4 128.7 16.8 12.2 50.2 41.8 73.4 41.4z\"><\/path><\/svg>\t\t\t<\/div>\n\t\t<\/div>\n\t\t\t\t\t\t<\/div>\n\t\t\t\t<\/div>\n\t\t\t\t<div class=\"elementor-element elementor-element-8bacc5b elementor-widget elementor-widget-heading\" data-id=\"8bacc5b\" data-element_type=\"widget\" data-e-type=\"widget\" data-widget_type=\"heading.default\">\n\t\t\t\t<div class=\"elementor-widget-container\">\n\t\t\t\t\t<h2 class=\"elementor-heading-title elementor-size-default\"><a href=\"mailto:%20snezana@pogrebno.rs\u2028\">snezana@pogrebno.rs\u2028<\/a><\/h2>\t\t\t\t<\/div>\n\t\t\t\t<\/div>\n\t\t\t\t<\/div>\n\t\t\t\t<div class=\"elementor-element elementor-element-f71d468 elementor-widget elementor-widget-text-editor\" data-id=\"f71d468\" data-element_type=\"widget\" data-e-type=\"widget\" data-widget_type=\"text-editor.default\">\n\t\t\t\t<div class=\"elementor-widget-container\">\n\t\t\t\t\t\t\t\t\t<p>\u0420\u0430\u0434\u043d\u043e \u0438\u0441\u043a\u0443\u0441\u0442\u0432\u043e: 1993-1994 \u0421\u0443\u0431\u043e\u0437\u0430\u043d \u0434\u043e\u043e; 1994-2004 \u0411\u0435\u0442\u043e\u043d \u043f\u0440\u043e\u043c\u0435\u0442 \u0434\u043e\u043e; 2004-2005 \u201cFresh&amp;co\u201d \u0430\u0434; 2005-2006 \u0421\u0417\u0420 \u0411\u0435\u0442\u043e\u043d; 2007-2009 \u041f\u0430\u043d\u043e\u043d\u0433\u0440\u0430\u0434 \u0434\u043e\u043e; 2010-2013 \u0410\u043b\u0442\u0430 \u043c\u043e\u0434\u0430, \u043e\u0434 23.09.2013.\u0433. \u0408\u041a\u041f \"\u041f\u043e\u0433\u0440\u0435\u0431\u043d\u043e\" \u0421\u0443\u0431\u043e\u0442\u0438\u0446\u0430<\/p>\t\t\t\t\t\t\t\t<\/div>\n\t\t\t\t<\/div>\n\t\t\t\t<\/div>\n\t\t\t\t<\/div>\n\t\t\t\t<\/div>\n\t\t\t\t\t<\/div>\n\t\t\t\t<\/div>\n\t\t\t\t<\/div>\n\t\t\t\t<\/div>","protected":false},"excerpt":{"rendered":"<p>NADZORNI ODBOR Predsednik Golubovi\u0107 Bo\u017eidarka Predsednica Master Ekonomista bozidarka.golubovic@gmail.com Direktor Turisti\u010dke organizacije Subotica od 24.07.2024. godine; \u0160ef slu\u017ebe za lokalni ekonomski razvoj Grada Subotice od 01.08.2019. godine do 23.07.2024. godine Radna biografija \u010clanovi Rustemovi\u0107 Samir \u010clan samir.rustemovic@subotickatrznica.rs\u2028 Radno iskustvo: 2012 &#8211; Izvr\u0161ni direktor AD Tr\u017enica Subotica 2010 \u2013 2012 \u0160ef pravne slu\u017ebe AD Tr\u017enica Subotica [&hellip;]<\/p>\n","protected":false},"author":1,"featured_media":0,"parent":0,"menu_order":0,"comment_status":"closed","ping_status":"closed","template":"elementor_header_footer","meta":{"_acf_changed":false,"_eb_attr":"","footnotes":""},"kategorija_dokumenata":[],"class_list":["post-2042","page","type-page","status-publish","hentry"],"acf":[],"_links":{"self":[{"href":"https:\/\/pogrebno.rs\/sr-cir\/wp-json\/wp\/v2\/pages\/2042","targetHints":{"allow":["GET"]}}],"collection":[{"href":"https:\/\/pogrebno.rs\/sr-cir\/wp-json\/wp\/v2\/pages"}],"about":[{"href":"https:\/\/pogrebno.rs\/sr-cir\/wp-json\/wp\/v2\/types\/page"}],"author":[{"embeddable":true,"href":"https:\/\/pogrebno.rs\/sr-cir\/wp-json\/wp\/v2\/users\/1"}],"replies":[{"embeddable":true,"href":"https:\/\/pogrebno.rs\/sr-cir\/wp-json\/wp\/v2\/comments?post=2042"}],"version-history":[{"count":76,"href":"https:\/\/pogrebno.rs\/sr-cir\/wp-json\/wp\/v2\/pages\/2042\/revisions"}],"predecessor-version":[{"id":8388,"href":"https:\/\/pogrebno.rs\/sr-cir\/wp-json\/wp\/v2\/pages\/2042\/revisions\/8388"}],"wp:attachment":[{"href":"https:\/\/pogrebno.rs\/sr-cir\/wp-json\/wp\/v2\/media?parent=2042"}],"wp:term":[{"taxonomy":"kategorija_dokumenata","embeddable":true,"href":"https:\/\/pogrebno.rs\/sr-cir\/wp-json\/wp\/v2\/kategorija_dokumenata?post=2042"}],"curies":[{"name":"wp","href":"https:\/\/api.w.org\/{rel}","templated":true}]}}