{"id":2990,"date":"2025-09-23T20:18:18","date_gmt":"2025-09-23T18:18:18","guid":{"rendered":"https:\/\/pogrebno.rs\/?page_id=2990"},"modified":"2026-02-11T11:16:13","modified_gmt":"2026-02-11T10:16:13","slug":"groblje-novi-sad","status":"publish","type":"page","link":"https:\/\/pogrebno.rs\/sr-cir\/groblje-novi-sad\/","title":{"rendered":"Groblje Novi Sad"},"content":{"rendered":"<div data-elementor-type=\"wp-page\" data-elementor-id=\"2990\" class=\"elementor elementor-2990\" data-elementor-post-type=\"page\">\n\t\t\t\t<div class=\"elementor-element elementor-element-2cf0e7a e-con-full e-flex e-con e-parent\" data-id=\"2cf0e7a\" data-element_type=\"container\" data-e-type=\"container\" data-settings=\"{&quot;background_background&quot;:&quot;classic&quot;}\">\n\t\t<div class=\"elementor-element elementor-element-de2444c e-con-full e-flex e-con e-child\" data-id=\"de2444c\" data-element_type=\"container\" data-e-type=\"container\">\n\t\t\t\t<div class=\"elementor-element elementor-element-cc87312 elementor-widget elementor-widget-heading\" data-id=\"cc87312\" data-element_type=\"widget\" data-e-type=\"widget\" data-widget_type=\"heading.default\">\n\t\t\t\t<div class=\"elementor-widget-container\">\n\t\t\t\t\t<h2 class=\"elementor-heading-title elementor-size-default translation-block\">\u043d\u043e\u0432\u043e \u0433\u0440\u043e\u0431\u0459\u0435 - \u041d\u043e\u0432\u0438 \u0421\u0430\u0434<\/h2>\t\t\t\t<\/div>\n\t\t\t\t<\/div>\n\t\t\t\t<div class=\"elementor-element elementor-element-6e5cbbd elementor-widget elementor-widget-text-editor\" data-id=\"6e5cbbd\" data-element_type=\"widget\" data-e-type=\"widget\" data-widget_type=\"text-editor.default\">\n\t\t\t\t<div class=\"elementor-widget-container\">\n\t\t\t\t\t\t\t\t\t<p>\u0413\u0440\u0430\u0434\u0441\u043a\u043e \u0433\u0440\u043e\u0431\u0459\u0435 \u043d\u0430\u043b\u0430\u0437\u0438 \u0441\u0435 \u043d\u0430 \u0440\u0443\u043c\u0435\u043d\u0430\u0447\u043a\u043e\u043c \u043f\u0443\u0442\u0443 \u0431\u0440\u043e\u0458 65 \u0443 \u041d\u043e\u0432\u043e\u043c \u0421\u0430\u0434\u0443. \u041e\u0442\u0432\u043e\u0440\u0435\u043d\u043e 1974. \u0433\u043e\u0434\u0438\u043d\u0435 \u043a\u0430\u043e \u043c\u0443\u043b\u0442\u0438\u043a\u043e\u043d\u0444\u0435\u0441\u0438\u043e\u043d\u0430\u043b\u043d\u043e. \u0421\u0432\u043e\u0458\u0438\u043c \u0438\u0434\u0435\u0458\u043d\u043e-\u043e\u0431\u043b\u0438\u043a\u043e\u0432\u0430\u043d\u0438\u043c \u0440\u0435\u0448\u0435\u045a\u0435\u043c \u0438 \u0440\u0435\u0436\u0438\u043c\u043e\u043c \u043a\u043e\u0440\u0438\u0448\u045b\u0435\u045a\u0430, \u043f\u0440\u0435\u0434\u0441\u0442\u0430\u0432\u0459\u0430 \u0441\u043f\u0435\u0446\u0438\u0444\u0438\u0447\u0430\u043d \u043a\u043e\u043c\u0443\u043d\u0430\u043b\u043d\u0438 \u043e\u0431\u0458\u0435\u043a\u0430\u0442 \u0443 \u0437\u0435\u043c\u0459\u0438 \u0441\u0430 \u0441\u0432\u0438\u043c \u043d\u0435\u043e\u043f\u0445\u043e\u0434\u043d\u0438\u043c \u0441\u0430\u0434\u0440\u0436\u0430\u0458\u0435\u043c, \u043a\u0430\u043e \u0448\u0442\u043e \u0441\u0443: \u0443\u043f\u0440\u0430\u0432\u043d\u0430 \u0437\u0433\u0440\u0430\u0434\u0430, \u043a\u0430\u043f\u0435\u043b\u0430, \u043e\u043f\u0440\u043e\u0448\u0442\u0430\u0458\u043d\u0430 \u0434\u0432\u043e\u0440\u0430\u043d\u0430, \u043a\u0440\u0435\u043c\u0430\u0442\u043e\u0440\u0438\u0458\u0443\u043c, \u043f\u0440\u043e\u0434\u0430\u0458\u043d\u043e-\u0438\u0437\u043b\u043e\u0436\u0431\u0435\u043d\u0438 \u0441\u0430\u043b\u043e\u043d \u043f\u043e\u0433\u0440\u0435\u0431\u043d\u0435 \u043e\u043f\u0440\u0435\u043c\u0435 \u0438 \u043a\u0430\u043c\u0435\u043d\u0430, \u043a\u0443\u045b\u0430 \u0437\u0430 \u0434\u0430\u045b\u0435 \u0438 \u043f\u043e\u043c\u0435\u043d\u0435, \u0430\u0440\u0445\u0438\u0432, \u0440\u0430\u0434\u0438\u043e\u043d\u0438\u0446\u0435 \u0438 \u043c\u0430\u0433\u0430\u0446\u0438\u043d\u0441\u043a\u0438 \u043f\u0440\u043e\u0441\u0442\u043e\u0440.<\/p><p>\u041f\u0440\u043e\u0441\u0442\u0438\u0440\u0435 \u0441\u0435 \u043d\u0430 \u043e\u043a\u043e 80 \u0445\u0435\u043a\u0442\u0430\u0440\u0430. \u041a\u0430\u043a\u043e \u0431\u0438 \u0441\u0435 \u0433\u0440\u0430\u0452\u0430\u043d\u0438\u043c\u0430 \u043e\u043b\u0430\u043a\u0448\u0430\u043b\u0430 \u043f\u043e\u0441\u0435\u0442\u0430 \u0443\u0434\u0430\u0459\u0435\u043d\u0438\u043c \u0433\u0440\u043e\u0431\u043d\u0438\u043c \u043f\u043e\u0459\u0438\u043c\u0430, \u0443\u0432\u0435\u0434\u0435\u043d \u0458\u0435 \u043e\u0440\u0433\u0430\u043d\u0438\u0437\u043e\u0432\u0430\u043d \u043f\u0440\u0435\u0432\u043e\u0437 \u0441\u043b\u0443\u0436\u0431\u0435\u043d\u0438\u043c \u0432\u043e\u0437\u0438\u043b\u043e\u043c. \u041f\u0440\u043e\u0458\u0435\u043a\u0442\u043e\u043c \u0458\u0435 \u043f\u0440\u0435\u0434\u0432\u0438\u0452\u0435\u043d\u0430 \u0435\u0442\u0430\u043f\u043d\u0430 \u0438\u0437\u0433\u0440\u0430\u0434\u045a\u0430 \u0433\u0440\u043e\u0431\u043d\u0438\u0445 \u043f\u043e\u0459\u0430. \u0413\u0440\u043e\u0431\u0459\u0435 \u0458\u0435 \u043f\u0435\u0458\u0437\u0430\u0436\u043d\u043e \u043f\u0440\u043e\u0458\u0435\u043a\u0442\u043e\u0432\u0430\u043d\u043e \u0441\u0430 \u0432\u0438\u0441\u043e\u043a\u043e\u043c \u0437\u0430\u0441\u0442\u0443\u043f\u0459\u0435\u043d\u043e\u0448\u045b\u0443 \u0437\u0435\u043b\u0435\u043d\u0438\u043b\u0430. \u0417\u0435\u043b\u0435\u043d\u0435 \u043f\u043e\u0432\u0440\u0448\u0438\u043d\u0435 \u0433\u0440\u043e\u0431\u0459\u0430 \u0443 \u041d\u043e\u0432\u043e\u043c \u0421\u0430\u0434\u0443, \u043a\u0430\u043e \u043f\u043e\u0432\u0440\u0448\u0438\u043d\u0435 \u0441\u043f\u0435\u0446\u0438\u0458\u0430\u043b\u043d\u0435 \u043d\u0430\u043c\u0435\u043d\u0435, \u043e\u0432\u0434\u0435 \u0438\u043c\u0430\u0458\u0443 \u0434\u043e\u043c\u0438\u043d\u0430\u043d\u0442\u043d\u0443 \u0445\u0438\u0433\u0438\u0458\u0435\u043d\u0441\u043a\u043e-\u0437\u0434\u0440\u0430\u0432\u0441\u0442\u0432\u0435\u043d\u0443, \u0438 \u0434\u0435\u043a\u043e\u0440\u0430\u0442\u0438\u0432\u043d\u043e-\u0435\u0441\u0442\u0435\u0442\u0441\u043a\u0443 \u0443\u043b\u043e\u0433\u0443, \u0448\u0442\u043e \u0447\u0438\u043d\u0435 40% \u0443\u043a\u0443\u043f\u043d\u0435 \u043f\u043e\u0432\u0440\u0448\u0438\u043d\u0435. \u0421\u0432\u0430 \u0433\u0440\u043e\u0431\u043d\u0430 \u043f\u043e\u0459\u0430 \u043e\u0431\u0435\u0437\u0431\u0435\u0452\u0435\u043d\u0430 \u0441\u0443 \u0438\u043d\u0444\u0440\u0430\u0441\u0442\u0440\u0443\u043a\u0442\u0443\u0440\u043e\u043c \u0432\u043e\u0434\u043e\u0432\u043e\u0434\u043d\u0435, \u043a\u0430\u043d\u0430\u043b\u0438\u0437\u0430\u0446\u0438\u043e\u043d\u0435 \u0438 \u043f\u0443\u0442\u043d\u0435 \u043c\u0440\u0435\u0436\u0435, \u0441\u0430 \u0437\u0430\u0434\u043e\u0432\u043e\u0459\u0430\u0432\u0430\u0458\u0443\u045b\u0438\u043c \u0441\u0442\u0435\u043f\u0435\u043d\u043e\u043c \u0430\u0440\u0445\u0438\u0442\u0435\u043a\u0442\u043e\u043d\u0441\u043a\u043e\u0433 \u0443\u0440\u0435\u0452\u0435\u045a\u0430.<\/p><p>\u041d\u0430 \u0433\u0440\u0430\u0434\u0441\u043a\u043e\u043c \u0433\u0440\u043e\u0431\u0459\u0443 \u0443\u0440\u0435\u0452\u0435\u043d\u0438 \u0441\u0443 \u043f\u0440\u043e\u0441\u0442\u043e\u0440\u0438 \u0437\u0430 \u0433\u0440\u043e\u0431\u043d\u0438\u0446\u0435 \u0438 \u0443\u0440\u0435\u0452\u0435\u043d\u0435 \u043f\u0430\u0440\u0446\u0435\u043b\u0435 \u0441\u0430 \u0441\u043f\u043e\u043c\u0435\u043d\u0438\u0446\u0438\u043c\u0430. \u041d\u0430 \u043e\u0432\u0438\u043c \u0443\u0440\u0435\u0452\u0435\u043d\u0438\u043c \u043f\u0430\u0440\u0446\u0435\u043b\u0430\u043c\u0430, \u043f\u043e\u043f\u0443\u043b\u0430\u0440\u043d\u043e \u043d\u0430\u0437\u0432\u0430\u043d\u0438\u043c \"\u0430\u043c\u0435\u0440\u0438\u0447\u043a\u0435\", \u0441\u043f\u043e\u043c\u0435\u043d\u0438\u0446\u0438 \u0441\u0443 \u0458\u0435\u0434\u043d\u043e\u043e\u0431\u0440\u0430\u0437\u043d\u0438, \u043e\u0434 \u043f\u0440\u0438\u043f\u0440\u043e\u0434\u043d\u043e\u0433 \u0438 \u0432\u0435\u0448\u0442\u0430\u0447\u043a\u043e\u0433 \u043a\u0430\u043c\u0435\u043d\u0430 \u0431\u0435\u0437 \u0445\u0443\u043c\u043a\u0438.<\/p><p>\u0423 \u0441\u0430\u0441\u0442\u0430\u0432\u0443 \u0433\u0440\u0430\u0434\u0441\u043a\u043e\u0433 \u0433\u0440\u043e\u0431\u0459\u0430 \u043d\u0430\u043b\u0430\u0437\u0438 \u0441\u0435 \u0421\u043f\u043e\u043c\u0435\u043d-\u0433\u0440\u043e\u0431\u0459\u0435 \u043f\u0430\u043b\u0438\u0445 \u0431\u043e\u0440\u0430\u0446\u0430 \u041d\u0430\u0440\u043e\u0434\u043d\u043e\u043e\u0441\u043b\u043e\u0431\u043e\u0434\u0438\u043b\u0430\u0447\u043a\u043e\u0433 \u0440\u0430\u0442\u0430 1941-1945. \u0433\u043e\u0434\u0438\u043d\u0435, \u0410\u043b\u0435\u0458\u0430 \u043d\u0430\u0440\u043e\u0434\u043d\u0438\u0445 \u0445\u0435\u0440\u043e\u0458\u0430 \u0438 \u0438\u0441\u0442\u0430\u043a\u043d\u0443\u0442\u0438\u0445 \u043d\u0430\u0440\u043e\u0434\u043d\u0438\u0445 \u0445\u0435\u0440\u043e\u0458\u0430.<\/p><p>\u0413\u0440\u043e\u0431\u0459\u0435\u043c \u0443\u043f\u0440\u0430\u0432\u0459\u0430 \u0408\u0430\u0432\u043d\u043e \u043a\u043e\u043c\u0443\u043d\u0430\u043b\u043d\u043e \u043f\u0440\u0435\u0434\u0443\u0437\u0435\u045b\u0435 \"\u041b\u0438\u0441\u0458\u0435\" \u041d\u043e\u0432\u0438 \u0421\u0430\u0434.<\/p><p>\u0418\u0437\u0432\u043e\u0440: <a href=\"https:\/\/www.lisje.com\/groblja\/\">https:\/\/www.lisje.com\/groblja\/<\/a><\/p>\t\t\t\t\t\t\t\t<\/div>\n\t\t\t\t<\/div>\n\t\t\t\t<div class=\"elementor-element elementor-element-baf8690 elementor-widget elementor-widget-heading\" data-id=\"baf8690\" data-element_type=\"widget\" data-e-type=\"widget\" data-widget_type=\"heading.default\">\n\t\t\t\t<div class=\"elementor-widget-container\">\n\t\t\t\t\t<h2 class=\"elementor-heading-title elementor-size-default\">\u041a\u041b\u0418\u041a\u041d\u0418\u0422\u0415 \u0417\u0410 \u0423\u0412\u0415\u040b\u0410\u040a\u0415 \u0421\u041b\u0418\u041a\u0415<\/h2>\t\t\t\t<\/div>\n\t\t\t\t<\/div>\n\t\t\t\t<div class=\"elementor-element elementor-element-dfc56f9 gallery-spacing-custom elementor-widget elementor-widget-image-gallery\" data-id=\"dfc56f9\" data-element_type=\"widget\" data-e-type=\"widget\" data-widget_type=\"image-gallery.default\">\n\t\t\t\t<div class=\"elementor-widget-container\">\n\t\t\t\t\t\t\t<div class=\"elementor-image-gallery\">\n\t\t\t<div id='gallery-1' class='gallery galleryid-2990 gallery-columns-5 gallery-size-thumbnail'><figure class='gallery-item'>\n\t\t\t<div class='gallery-icon landscape'>\n\t\t\t\t<a data-elementor-open-lightbox=\"yes\" data-elementor-lightbox-slideshow=\"dfc56f9\" data-elementor-lightbox-title=\"ns-001\" data-e-action-hash=\"#elementor-action%3Aaction%3Dlightbox%26settings%3DeyJpZCI6Mzk1NywidXJsIjoiaHR0cHM6XC9cL3BvZ3JlYm5vLnJzXC93cC1jb250ZW50XC91cGxvYWRzXC8yMDI1XC8xMFwvbnMtMDAxLndlYnAiLCJzbGlkZXNob3ciOiJkZmM1NmY5In0%3D\" href='https:\/\/pogrebno.rs\/wp-content\/uploads\/2025\/10\/ns-001.webp'><img decoding=\"async\" width=\"150\" height=\"150\" src=\"https:\/\/pogrebno.rs\/wp-content\/uploads\/2025\/10\/ns-001-150x150.webp\" class=\"attachment-thumbnail size-thumbnail\" alt=\"\" \/><\/a>\n\t\t\t<\/div><\/figure><figure class='gallery-item'>\n\t\t\t<div class='gallery-icon landscape'>\n\t\t\t\t<a data-elementor-open-lightbox=\"yes\" data-elementor-lightbox-slideshow=\"dfc56f9\" data-elementor-lightbox-title=\"ns-002\" data-e-action-hash=\"#elementor-action%3Aaction%3Dlightbox%26settings%3DeyJpZCI6Mzk1OCwidXJsIjoiaHR0cHM6XC9cL3BvZ3JlYm5vLnJzXC93cC1jb250ZW50XC91cGxvYWRzXC8yMDI1XC8xMFwvbnMtMDAyLndlYnAiLCJzbGlkZXNob3ciOiJkZmM1NmY5In0%3D\" href='https:\/\/pogrebno.rs\/wp-content\/uploads\/2025\/10\/ns-002.webp'><img decoding=\"async\" width=\"150\" height=\"150\" src=\"https:\/\/pogrebno.rs\/wp-content\/uploads\/2025\/10\/ns-002-150x150.webp\" class=\"attachment-thumbnail size-thumbnail\" alt=\"\" \/><\/a>\n\t\t\t<\/div><\/figure><figure class='gallery-item'>\n\t\t\t<div class='gallery-icon landscape'>\n\t\t\t\t<a data-elementor-open-lightbox=\"yes\" data-elementor-lightbox-slideshow=\"dfc56f9\" data-elementor-lightbox-title=\"ns-003\" data-e-action-hash=\"#elementor-action%3Aaction%3Dlightbox%26settings%3DeyJpZCI6Mzk1OSwidXJsIjoiaHR0cHM6XC9cL3BvZ3JlYm5vLnJzXC93cC1jb250ZW50XC91cGxvYWRzXC8yMDI1XC8xMFwvbnMtMDAzLndlYnAiLCJzbGlkZXNob3ciOiJkZmM1NmY5In0%3D\" href='https:\/\/pogrebno.rs\/wp-content\/uploads\/2025\/10\/ns-003.webp'><img decoding=\"async\" width=\"150\" height=\"150\" src=\"https:\/\/pogrebno.rs\/wp-content\/uploads\/2025\/10\/ns-003-150x150.webp\" class=\"attachment-thumbnail size-thumbnail\" alt=\"\" \/><\/a>\n\t\t\t<\/div><\/figure><figure class='gallery-item'>\n\t\t\t<div class='gallery-icon landscape'>\n\t\t\t\t<a data-elementor-open-lightbox=\"yes\" data-elementor-lightbox-slideshow=\"dfc56f9\" data-elementor-lightbox-title=\"ns-004\" data-e-action-hash=\"#elementor-action%3Aaction%3Dlightbox%26settings%3DeyJpZCI6Mzk2MCwidXJsIjoiaHR0cHM6XC9cL3BvZ3JlYm5vLnJzXC93cC1jb250ZW50XC91cGxvYWRzXC8yMDI1XC8xMFwvbnMtMDA0LndlYnAiLCJzbGlkZXNob3ciOiJkZmM1NmY5In0%3D\" href='https:\/\/pogrebno.rs\/wp-content\/uploads\/2025\/10\/ns-004.webp'><img loading=\"lazy\" decoding=\"async\" width=\"150\" height=\"150\" src=\"https:\/\/pogrebno.rs\/wp-content\/uploads\/2025\/10\/ns-004-150x150.webp\" class=\"attachment-thumbnail size-thumbnail\" alt=\"\" \/><\/a>\n\t\t\t<\/div><\/figure><figure class='gallery-item'>\n\t\t\t<div class='gallery-icon landscape'>\n\t\t\t\t<a data-elementor-open-lightbox=\"yes\" data-elementor-lightbox-slideshow=\"dfc56f9\" data-elementor-lightbox-title=\"ns-005\" data-e-action-hash=\"#elementor-action%3Aaction%3Dlightbox%26settings%3DeyJpZCI6Mzk2MSwidXJsIjoiaHR0cHM6XC9cL3BvZ3JlYm5vLnJzXC93cC1jb250ZW50XC91cGxvYWRzXC8yMDI1XC8xMFwvbnMtMDA1LndlYnAiLCJzbGlkZXNob3ciOiJkZmM1NmY5In0%3D\" href='https:\/\/pogrebno.rs\/wp-content\/uploads\/2025\/10\/ns-005.webp'><img loading=\"lazy\" decoding=\"async\" width=\"150\" height=\"150\" src=\"https:\/\/pogrebno.rs\/wp-content\/uploads\/2025\/10\/ns-005-150x150.webp\" class=\"attachment-thumbnail size-thumbnail\" alt=\"\" \/><\/a>\n\t\t\t<\/div><\/figure><figure class='gallery-item'>\n\t\t\t<div class='gallery-icon landscape'>\n\t\t\t\t<a data-elementor-open-lightbox=\"yes\" data-elementor-lightbox-slideshow=\"dfc56f9\" data-elementor-lightbox-title=\"ns-006\" data-e-action-hash=\"#elementor-action%3Aaction%3Dlightbox%26settings%3DeyJpZCI6Mzk2MiwidXJsIjoiaHR0cHM6XC9cL3BvZ3JlYm5vLnJzXC93cC1jb250ZW50XC91cGxvYWRzXC8yMDI1XC8xMFwvbnMtMDA2LndlYnAiLCJzbGlkZXNob3ciOiJkZmM1NmY5In0%3D\" href='https:\/\/pogrebno.rs\/wp-content\/uploads\/2025\/10\/ns-006.webp'><img loading=\"lazy\" decoding=\"async\" width=\"150\" height=\"150\" src=\"https:\/\/pogrebno.rs\/wp-content\/uploads\/2025\/10\/ns-006-150x150.webp\" class=\"attachment-thumbnail size-thumbnail\" alt=\"\" \/><\/a>\n\t\t\t<\/div><\/figure><figure class='gallery-item'>\n\t\t\t<div class='gallery-icon landscape'>\n\t\t\t\t<a data-elementor-open-lightbox=\"yes\" data-elementor-lightbox-slideshow=\"dfc56f9\" data-elementor-lightbox-title=\"ns-007\" data-e-action-hash=\"#elementor-action%3Aaction%3Dlightbox%26settings%3DeyJpZCI6Mzk2MywidXJsIjoiaHR0cHM6XC9cL3BvZ3JlYm5vLnJzXC93cC1jb250ZW50XC91cGxvYWRzXC8yMDI1XC8xMFwvbnMtMDA3LndlYnAiLCJzbGlkZXNob3ciOiJkZmM1NmY5In0%3D\" href='https:\/\/pogrebno.rs\/wp-content\/uploads\/2025\/10\/ns-007.webp'><img loading=\"lazy\" decoding=\"async\" width=\"150\" height=\"150\" src=\"https:\/\/pogrebno.rs\/wp-content\/uploads\/2025\/10\/ns-007-150x150.webp\" class=\"attachment-thumbnail size-thumbnail\" alt=\"\" \/><\/a>\n\t\t\t<\/div><\/figure><figure class='gallery-item'>\n\t\t\t<div class='gallery-icon landscape'>\n\t\t\t\t<a data-elementor-open-lightbox=\"yes\" data-elementor-lightbox-slideshow=\"dfc56f9\" data-elementor-lightbox-title=\"ns-008\" data-e-action-hash=\"#elementor-action%3Aaction%3Dlightbox%26settings%3DeyJpZCI6Mzk2NCwidXJsIjoiaHR0cHM6XC9cL3BvZ3JlYm5vLnJzXC93cC1jb250ZW50XC91cGxvYWRzXC8yMDI1XC8xMFwvbnMtMDA4LndlYnAiLCJzbGlkZXNob3ciOiJkZmM1NmY5In0%3D\" href='https:\/\/pogrebno.rs\/wp-content\/uploads\/2025\/10\/ns-008.webp'><img loading=\"lazy\" decoding=\"async\" width=\"150\" height=\"150\" src=\"https:\/\/pogrebno.rs\/wp-content\/uploads\/2025\/10\/ns-008-150x150.webp\" class=\"attachment-thumbnail size-thumbnail\" alt=\"\" \/><\/a>\n\t\t\t<\/div><\/figure><figure class='gallery-item'>\n\t\t\t<div class='gallery-icon landscape'>\n\t\t\t\t<a data-elementor-open-lightbox=\"yes\" data-elementor-lightbox-slideshow=\"dfc56f9\" data-elementor-lightbox-title=\"ns-009\" data-e-action-hash=\"#elementor-action%3Aaction%3Dlightbox%26settings%3DeyJpZCI6Mzk2NSwidXJsIjoiaHR0cHM6XC9cL3BvZ3JlYm5vLnJzXC93cC1jb250ZW50XC91cGxvYWRzXC8yMDI1XC8xMFwvbnMtMDA5LndlYnAiLCJzbGlkZXNob3ciOiJkZmM1NmY5In0%3D\" href='https:\/\/pogrebno.rs\/wp-content\/uploads\/2025\/10\/ns-009.webp'><img loading=\"lazy\" decoding=\"async\" width=\"150\" height=\"150\" src=\"https:\/\/pogrebno.rs\/wp-content\/uploads\/2025\/10\/ns-009-150x150.webp\" class=\"attachment-thumbnail size-thumbnail\" alt=\"\" \/><\/a>\n\t\t\t<\/div><\/figure><figure class='gallery-item'>\n\t\t\t<div class='gallery-icon landscape'>\n\t\t\t\t<a data-elementor-open-lightbox=\"yes\" data-elementor-lightbox-slideshow=\"dfc56f9\" data-elementor-lightbox-title=\"ns-010\" data-e-action-hash=\"#elementor-action%3Aaction%3Dlightbox%26settings%3DeyJpZCI6Mzk2NiwidXJsIjoiaHR0cHM6XC9cL3BvZ3JlYm5vLnJzXC93cC1jb250ZW50XC91cGxvYWRzXC8yMDI1XC8xMFwvbnMtMDEwLndlYnAiLCJzbGlkZXNob3ciOiJkZmM1NmY5In0%3D\" href='https:\/\/pogrebno.rs\/wp-content\/uploads\/2025\/10\/ns-010.webp'><img loading=\"lazy\" decoding=\"async\" width=\"150\" height=\"150\" src=\"https:\/\/pogrebno.rs\/wp-content\/uploads\/2025\/10\/ns-010-150x150.webp\" class=\"attachment-thumbnail size-thumbnail\" alt=\"\" \/><\/a>\n\t\t\t<\/div><\/figure><figure class='gallery-item'>\n\t\t\t<div class='gallery-icon landscape'>\n\t\t\t\t<a data-elementor-open-lightbox=\"yes\" data-elementor-lightbox-slideshow=\"dfc56f9\" data-elementor-lightbox-title=\"ns-011\" data-e-action-hash=\"#elementor-action%3Aaction%3Dlightbox%26settings%3DeyJpZCI6Mzk2NywidXJsIjoiaHR0cHM6XC9cL3BvZ3JlYm5vLnJzXC93cC1jb250ZW50XC91cGxvYWRzXC8yMDI1XC8xMFwvbnMtMDExLndlYnAiLCJzbGlkZXNob3ciOiJkZmM1NmY5In0%3D\" href='https:\/\/pogrebno.rs\/wp-content\/uploads\/2025\/10\/ns-011.webp'><img loading=\"lazy\" decoding=\"async\" width=\"150\" height=\"150\" src=\"https:\/\/pogrebno.rs\/wp-content\/uploads\/2025\/10\/ns-011-150x150.webp\" class=\"attachment-thumbnail size-thumbnail\" alt=\"\" \/><\/a>\n\t\t\t<\/div><\/figure><figure class='gallery-item'>\n\t\t\t<div class='gallery-icon landscape'>\n\t\t\t\t<a data-elementor-open-lightbox=\"yes\" data-elementor-lightbox-slideshow=\"dfc56f9\" data-elementor-lightbox-title=\"ns-012\" data-e-action-hash=\"#elementor-action%3Aaction%3Dlightbox%26settings%3DeyJpZCI6Mzk2OCwidXJsIjoiaHR0cHM6XC9cL3BvZ3JlYm5vLnJzXC93cC1jb250ZW50XC91cGxvYWRzXC8yMDI1XC8xMFwvbnMtMDEyLndlYnAiLCJzbGlkZXNob3ciOiJkZmM1NmY5In0%3D\" href='https:\/\/pogrebno.rs\/wp-content\/uploads\/2025\/10\/ns-012.webp'><img loading=\"lazy\" decoding=\"async\" width=\"150\" height=\"150\" src=\"https:\/\/pogrebno.rs\/wp-content\/uploads\/2025\/10\/ns-012-150x150.webp\" class=\"attachment-thumbnail size-thumbnail\" alt=\"\" \/><\/a>\n\t\t\t<\/div><\/figure><figure class='gallery-item'>\n\t\t\t<div class='gallery-icon landscape'>\n\t\t\t\t<a data-elementor-open-lightbox=\"yes\" data-elementor-lightbox-slideshow=\"dfc56f9\" data-elementor-lightbox-title=\"ns-013\" data-e-action-hash=\"#elementor-action%3Aaction%3Dlightbox%26settings%3DeyJpZCI6Mzk2OSwidXJsIjoiaHR0cHM6XC9cL3BvZ3JlYm5vLnJzXC93cC1jb250ZW50XC91cGxvYWRzXC8yMDI1XC8xMFwvbnMtMDEzLndlYnAiLCJzbGlkZXNob3ciOiJkZmM1NmY5In0%3D\" href='https:\/\/pogrebno.rs\/wp-content\/uploads\/2025\/10\/ns-013.webp'><img loading=\"lazy\" decoding=\"async\" width=\"150\" height=\"150\" src=\"https:\/\/pogrebno.rs\/wp-content\/uploads\/2025\/10\/ns-013-150x150.webp\" class=\"attachment-thumbnail size-thumbnail\" alt=\"\" \/><\/a>\n\t\t\t<\/div><\/figure><figure class='gallery-item'>\n\t\t\t<div class='gallery-icon landscape'>\n\t\t\t\t<a data-elementor-open-lightbox=\"yes\" data-elementor-lightbox-slideshow=\"dfc56f9\" data-elementor-lightbox-title=\"ns-014\" data-e-action-hash=\"#elementor-action%3Aaction%3Dlightbox%26settings%3DeyJpZCI6Mzk3MCwidXJsIjoiaHR0cHM6XC9cL3BvZ3JlYm5vLnJzXC93cC1jb250ZW50XC91cGxvYWRzXC8yMDI1XC8xMFwvbnMtMDE0LndlYnAiLCJzbGlkZXNob3ciOiJkZmM1NmY5In0%3D\" href='https:\/\/pogrebno.rs\/wp-content\/uploads\/2025\/10\/ns-014.webp'><img loading=\"lazy\" decoding=\"async\" width=\"150\" height=\"150\" src=\"https:\/\/pogrebno.rs\/wp-content\/uploads\/2025\/10\/ns-014-150x150.webp\" class=\"attachment-thumbnail size-thumbnail\" alt=\"\" \/><\/a>\n\t\t\t<\/div><\/figure><figure class='gallery-item'>\n\t\t\t<div class='gallery-icon landscape'>\n\t\t\t\t<a data-elementor-open-lightbox=\"yes\" data-elementor-lightbox-slideshow=\"dfc56f9\" data-elementor-lightbox-title=\"ns-015\" data-e-action-hash=\"#elementor-action%3Aaction%3Dlightbox%26settings%3DeyJpZCI6Mzk3MSwidXJsIjoiaHR0cHM6XC9cL3BvZ3JlYm5vLnJzXC93cC1jb250ZW50XC91cGxvYWRzXC8yMDI1XC8xMFwvbnMtMDE1LndlYnAiLCJzbGlkZXNob3ciOiJkZmM1NmY5In0%3D\" href='https:\/\/pogrebno.rs\/wp-content\/uploads\/2025\/10\/ns-015.webp'><img loading=\"lazy\" decoding=\"async\" width=\"150\" height=\"150\" src=\"https:\/\/pogrebno.rs\/wp-content\/uploads\/2025\/10\/ns-015-150x150.webp\" class=\"attachment-thumbnail size-thumbnail\" alt=\"\" \/><\/a>\n\t\t\t<\/div><\/figure><figure class='gallery-item'>\n\t\t\t<div class='gallery-icon landscape'>\n\t\t\t\t<a data-elementor-open-lightbox=\"yes\" data-elementor-lightbox-slideshow=\"dfc56f9\" data-elementor-lightbox-title=\"ns-016\" data-e-action-hash=\"#elementor-action%3Aaction%3Dlightbox%26settings%3DeyJpZCI6Mzk3MiwidXJsIjoiaHR0cHM6XC9cL3BvZ3JlYm5vLnJzXC93cC1jb250ZW50XC91cGxvYWRzXC8yMDI1XC8xMFwvbnMtMDE2LndlYnAiLCJzbGlkZXNob3ciOiJkZmM1NmY5In0%3D\" href='https:\/\/pogrebno.rs\/wp-content\/uploads\/2025\/10\/ns-016.webp'><img loading=\"lazy\" decoding=\"async\" width=\"150\" height=\"150\" src=\"https:\/\/pogrebno.rs\/wp-content\/uploads\/2025\/10\/ns-016-150x150.webp\" class=\"attachment-thumbnail size-thumbnail\" alt=\"\" \/><\/a>\n\t\t\t<\/div><\/figure><figure class='gallery-item'>\n\t\t\t<div class='gallery-icon landscape'>\n\t\t\t\t<a data-elementor-open-lightbox=\"yes\" data-elementor-lightbox-slideshow=\"dfc56f9\" data-elementor-lightbox-title=\"ns-017\" data-e-action-hash=\"#elementor-action%3Aaction%3Dlightbox%26settings%3DeyJpZCI6Mzk3MywidXJsIjoiaHR0cHM6XC9cL3BvZ3JlYm5vLnJzXC93cC1jb250ZW50XC91cGxvYWRzXC8yMDI1XC8xMFwvbnMtMDE3LndlYnAiLCJzbGlkZXNob3ciOiJkZmM1NmY5In0%3D\" href='https:\/\/pogrebno.rs\/wp-content\/uploads\/2025\/10\/ns-017.webp'><img loading=\"lazy\" decoding=\"async\" width=\"150\" height=\"150\" src=\"https:\/\/pogrebno.rs\/wp-content\/uploads\/2025\/10\/ns-017-150x150.webp\" class=\"attachment-thumbnail size-thumbnail\" alt=\"\" \/><\/a>\n\t\t\t<\/div><\/figure><figure class='gallery-item'>\n\t\t\t<div class='gallery-icon landscape'>\n\t\t\t\t<a data-elementor-open-lightbox=\"yes\" data-elementor-lightbox-slideshow=\"dfc56f9\" data-elementor-lightbox-title=\"ns-018\" data-e-action-hash=\"#elementor-action%3Aaction%3Dlightbox%26settings%3DeyJpZCI6Mzk3NCwidXJsIjoiaHR0cHM6XC9cL3BvZ3JlYm5vLnJzXC93cC1jb250ZW50XC91cGxvYWRzXC8yMDI1XC8xMFwvbnMtMDE4LndlYnAiLCJzbGlkZXNob3ciOiJkZmM1NmY5In0%3D\" href='https:\/\/pogrebno.rs\/wp-content\/uploads\/2025\/10\/ns-018.webp'><img loading=\"lazy\" decoding=\"async\" width=\"150\" height=\"150\" src=\"https:\/\/pogrebno.rs\/wp-content\/uploads\/2025\/10\/ns-018-150x150.webp\" class=\"attachment-thumbnail size-thumbnail\" alt=\"\" \/><\/a>\n\t\t\t<\/div><\/figure><figure class='gallery-item'>\n\t\t\t<div class='gallery-icon landscape'>\n\t\t\t\t<a data-elementor-open-lightbox=\"yes\" data-elementor-lightbox-slideshow=\"dfc56f9\" data-elementor-lightbox-title=\"ns-019\" data-e-action-hash=\"#elementor-action%3Aaction%3Dlightbox%26settings%3DeyJpZCI6Mzk3NSwidXJsIjoiaHR0cHM6XC9cL3BvZ3JlYm5vLnJzXC93cC1jb250ZW50XC91cGxvYWRzXC8yMDI1XC8xMFwvbnMtMDE5LndlYnAiLCJzbGlkZXNob3ciOiJkZmM1NmY5In0%3D\" href='https:\/\/pogrebno.rs\/wp-content\/uploads\/2025\/10\/ns-019.webp'><img loading=\"lazy\" decoding=\"async\" width=\"150\" height=\"150\" src=\"https:\/\/pogrebno.rs\/wp-content\/uploads\/2025\/10\/ns-019-150x150.webp\" class=\"attachment-thumbnail size-thumbnail\" alt=\"\" \/><\/a>\n\t\t\t<\/div><\/figure><figure class='gallery-item'>\n\t\t\t<div class='gallery-icon landscape'>\n\t\t\t\t<a data-elementor-open-lightbox=\"yes\" data-elementor-lightbox-slideshow=\"dfc56f9\" data-elementor-lightbox-title=\"ns-020\" data-e-action-hash=\"#elementor-action%3Aaction%3Dlightbox%26settings%3DeyJpZCI6Mzk1NiwidXJsIjoiaHR0cHM6XC9cL3BvZ3JlYm5vLnJzXC93cC1jb250ZW50XC91cGxvYWRzXC8yMDI1XC8xMFwvbnMtMDIwLndlYnAiLCJzbGlkZXNob3ciOiJkZmM1NmY5In0%3D\" href='https:\/\/pogrebno.rs\/wp-content\/uploads\/2025\/10\/ns-020.webp'><img loading=\"lazy\" decoding=\"async\" width=\"150\" height=\"150\" src=\"https:\/\/pogrebno.rs\/wp-content\/uploads\/2025\/10\/ns-020-150x150.webp\" class=\"attachment-thumbnail size-thumbnail\" alt=\"\" \/><\/a>\n\t\t\t<\/div><\/figure>\n\t\t<\/div>\n\t\t<\/div>\n\t\t\t\t\t\t<\/div>\n\t\t\t\t<\/div>\n\t\t\t\t<\/div>\n\t\t\t\t<\/div>\n\t\t\t\t<\/div>","protected":false},"excerpt":{"rendered":"<p>novo groblje Novi Sad Gradsko groblje nalazi se na Rumena\u010dkom putu br. 65 u Novom Sadu. Otvoreno je 1974. godine kao multikonfesionalno. Svojim idejno-oblikovnim re\u0161enjem i re\u017eimom kori\u0161\u0107enja predstavlja specifi\u010dan komunalni objekat u zemlji sa svim neophodnim sadr\u017eajima, kao \u0161to su: upravna zgrada, kapela, opro\u0161tajna dvorana, krematorijum, prodajno-izlo\u017ebeni salon pogrebne opreme i kamena, ku\u0107a za [&hellip;]<\/p>\n","protected":false},"author":1,"featured_media":0,"parent":0,"menu_order":0,"comment_status":"closed","ping_status":"closed","template":"elementor_header_footer","meta":{"_acf_changed":false,"_eb_attr":"","footnotes":""},"kategorija_dokumenata":[],"class_list":["post-2990","page","type-page","status-publish","hentry"],"acf":[],"_links":{"self":[{"href":"https:\/\/pogrebno.rs\/sr-cir\/wp-json\/wp\/v2\/pages\/2990","targetHints":{"allow":["GET"]}}],"collection":[{"href":"https:\/\/pogrebno.rs\/sr-cir\/wp-json\/wp\/v2\/pages"}],"about":[{"href":"https:\/\/pogrebno.rs\/sr-cir\/wp-json\/wp\/v2\/types\/page"}],"author":[{"embeddable":true,"href":"https:\/\/pogrebno.rs\/sr-cir\/wp-json\/wp\/v2\/users\/1"}],"replies":[{"embeddable":true,"href":"https:\/\/pogrebno.rs\/sr-cir\/wp-json\/wp\/v2\/comments?post=2990"}],"version-history":[{"count":13,"href":"https:\/\/pogrebno.rs\/sr-cir\/wp-json\/wp\/v2\/pages\/2990\/revisions"}],"predecessor-version":[{"id":8317,"href":"https:\/\/pogrebno.rs\/sr-cir\/wp-json\/wp\/v2\/pages\/2990\/revisions\/8317"}],"wp:attachment":[{"href":"https:\/\/pogrebno.rs\/sr-cir\/wp-json\/wp\/v2\/media?parent=2990"}],"wp:term":[{"taxonomy":"kategorija_dokumenata","embeddable":true,"href":"https:\/\/pogrebno.rs\/sr-cir\/wp-json\/wp\/v2\/kategorija_dokumenata?post=2990"}],"curies":[{"name":"wp","href":"https:\/\/api.w.org\/{rel}","templated":true}]}}