{"id":690,"date":"2025-06-03T18:47:35","date_gmt":"2025-06-03T16:47:35","guid":{"rendered":"https:\/\/pogrebno.rs\/?page_id=690"},"modified":"2025-10-09T19:07:30","modified_gmt":"2025-10-09T17:07:30","slug":"herbarijum","status":"publish","type":"page","link":"https:\/\/pogrebno.rs\/sr-cir\/herbarijum\/","title":{"rendered":"\u0425\u0435\u0440\u0431\u0430\u0440\u0438\u0458\u0443\u043c"},"content":{"rendered":"<div data-elementor-type=\"wp-page\" data-elementor-id=\"690\" class=\"elementor elementor-690\" data-elementor-post-type=\"page\">\n\t\t\t\t<div class=\"elementor-element elementor-element-87d23f2 e-con-full e-flex e-con e-parent\" data-id=\"87d23f2\" data-element_type=\"container\" data-e-type=\"container\" data-settings=\"{&quot;background_background&quot;:&quot;classic&quot;}\">\n\t\t<div class=\"elementor-element elementor-element-b51397d e-con-full e-flex e-con e-child\" data-id=\"b51397d\" data-element_type=\"container\" data-e-type=\"container\">\n\t\t<div class=\"elementor-element elementor-element-a709043 e-con-full e-grid e-con e-child\" data-id=\"a709043\" data-element_type=\"container\" data-e-type=\"container\">\n\t\t\t\t<div class=\"elementor-element elementor-element-e57797e elementor-widget elementor-widget-image\" data-id=\"e57797e\" data-element_type=\"widget\" data-e-type=\"widget\" data-widget_type=\"image.default\">\n\t\t\t\t<div class=\"elementor-widget-container\">\n\t\t\t\t\t\t\t\t\t\t\t\t\t\t\t<img fetchpriority=\"high\" decoding=\"async\" width=\"630\" height=\"275\" src=\"https:\/\/pogrebno.rs\/wp-content\/uploads\/2025\/05\/Ljiljan-levi.webp\" class=\"attachment-large size-large wp-image-97\" alt=\"\" srcset=\"https:\/\/pogrebno.rs\/wp-content\/uploads\/2025\/05\/Ljiljan-levi.webp 630w, https:\/\/pogrebno.rs\/wp-content\/uploads\/2025\/05\/Ljiljan-levi-300x131.webp 300w\" sizes=\"(max-width: 630px) 100vw, 630px\" \/>\t\t\t\t\t\t\t\t\t\t\t\t\t\t\t<\/div>\n\t\t\t\t<\/div>\n\t\t\t\t<div class=\"elementor-element elementor-element-49b247a elementor-widget elementor-widget-heading\" data-id=\"49b247a\" data-element_type=\"widget\" data-e-type=\"widget\" data-widget_type=\"heading.default\">\n\t\t\t\t<div class=\"elementor-widget-container\">\n\t\t\t\t\t<h2 class=\"elementor-heading-title elementor-size-default\">\u0445\u0435\u0440\u0431\u0430\u0440\u0438\u0458\u0443\u043c<\/h2>\t\t\t\t<\/div>\n\t\t\t\t<\/div>\n\t\t\t\t<div class=\"elementor-element elementor-element-628093f elementor-widget elementor-widget-image\" data-id=\"628093f\" data-element_type=\"widget\" data-e-type=\"widget\" data-widget_type=\"image.default\">\n\t\t\t\t<div class=\"elementor-widget-container\">\n\t\t\t\t\t\t\t\t\t\t\t\t\t\t\t<img decoding=\"async\" width=\"631\" height=\"275\" src=\"https:\/\/pogrebno.rs\/wp-content\/uploads\/2025\/05\/Ljiljan-desni.webp\" class=\"attachment-large size-large wp-image-98\" alt=\"\" srcset=\"https:\/\/pogrebno.rs\/wp-content\/uploads\/2025\/05\/Ljiljan-desni.webp 631w, https:\/\/pogrebno.rs\/wp-content\/uploads\/2025\/05\/Ljiljan-desni-300x131.webp 300w\" sizes=\"(max-width: 631px) 100vw, 631px\" \/>\t\t\t\t\t\t\t\t\t\t\t\t\t\t\t<\/div>\n\t\t\t\t<\/div>\n\t\t\t\t<\/div>\n\t\t\t\t<div class=\"elementor-element elementor-element-df84521 elementor-widget elementor-widget-text-editor\" data-id=\"df84521\" data-element_type=\"widget\" data-e-type=\"widget\" data-widget_type=\"text-editor.default\">\n\t\t\t\t<div class=\"elementor-widget-container\">\n\t\t\t\t\t\t\t\t\t<p>\u0414\u0440\u0430\u0433\u0438 \u0441\u0443\u0433\u0440\u0430\u0452\u0430\u043d\u0438, \u0438\u0437\u043b\u043e\u0436\u0435\u043d\u0430 \u0458\u0435 \u043d\u043e\u0432\u0430, \u043f\u043e\u0441\u043b\u0435\u0434\u045a\u0430 \u0441\u0435\u0440\u0438\u0458\u0430 \u0425\u0435\u0440\u0431\u0430\u0440\u0438\u0458\u0443\u043c\u0430 \u043f\u0440\u043e\u0444\u0435\u0441\u043e\u0440\u0430 \u0443 \u043f\u0435\u043d\u0437\u0438\u0458\u0438 \u0434\u0440 \u0413\u0435\u0437\u0435 \u0426\u0435\u043a\u0443\u0448\u0430, \u043f\u043e\u0447\u0435\u0432 \u043e\u0434 29. \u0421\u0435\u043f\u0442\u0435\u043c\u0431\u0440\u0430 2023.\u0433 - \u043f\u043e\u0433\u043b\u0435\u0434\u0430\u0458\u0442\u0435 \"\u0414\u0440\u0432\u0435\u043d\u0430\u0441\u0442\u0435 \u043f\u0443\u0437\u0430\u0432\u0438\u0446\u0435 \u0438 \u0432\u043e\u045b\u0430\"<\/p>\t\t\t\t\t\t\t\t<\/div>\n\t\t\t\t<\/div>\n\t\t<div class=\"elementor-element elementor-element-cc24ddc e-con-full e-flex e-con e-child\" data-id=\"cc24ddc\" data-element_type=\"container\" data-e-type=\"container\">\n\t\t\t\t<div class=\"elementor-element elementor-element-97b874d elementor-widget elementor-widget-eael-creative-button\" data-id=\"97b874d\" data-element_type=\"widget\" data-e-type=\"widget\" data-widget_type=\"eael-creative-button.default\">\n\t\t\t\t<div class=\"elementor-widget-container\">\n\t\t\t\t\t        <div class=\"eael-creative-button-wrapper\">\n\n            <a class=\"eael-creative-button eael-creative-button--default eael-cb-icon-position-right\" href=\"https:\/\/pogrebno.rs\/sr-cir\/herbarijum-1\/\" data-text=\"\">\n            \t    \n                <div class=\"creative-button-inner\">\n\n                    \n                    <span class=\"cretive-button-text\">\u041a\u043e\u0440\u043e\u0432\u0438 \u0438 \u0447\u0435\u0442\u0438\u043d\u0430\u0440\u0438<\/span>\n\n                                            <span class=\"eael-creative-button-icon-right\"><svg aria-hidden=\"true\" class=\"e-font-icon-svg e-fas-chevron-right\" viewbox=\"0 0 320 512\" xmlns=\"http:\/\/www.w3.org\/2000\/svg\"><path d=\"M285.476 272.971L91.132 467.314c-9.373 9.373-24.569 9.373-33.941 0l-22.667-22.667c-9.357-9.357-9.375-24.522-.04-33.901L188.505 256 34.484 101.255c-9.335-9.379-9.317-24.544.04-33.901l22.667-22.667c9.373-9.373 24.569-9.373 33.941 0L285.475 239.03c9.373 9.372 9.373 24.568.001 33.941z\"><\/path><\/svg><\/span>                                    <\/div>\n\t                        <\/a>\n        <\/div>\n        \t\t\t\t<\/div>\n\t\t\t\t<\/div>\n\t\t\t\t<div class=\"elementor-element elementor-element-dbdf3f7 elementor-widget elementor-widget-eael-creative-button\" data-id=\"dbdf3f7\" data-element_type=\"widget\" data-e-type=\"widget\" data-widget_type=\"eael-creative-button.default\">\n\t\t\t\t<div class=\"elementor-widget-container\">\n\t\t\t\t\t        <div class=\"eael-creative-button-wrapper\">\n\n            <a class=\"eael-creative-button eael-creative-button--default eael-cb-icon-position-right\" href=\"https:\/\/pogrebno.rs\/sr-cir\/herbarijum-2\/\" data-text=\"\">\n            \t    \n                <div class=\"creative-button-inner\">\n\n                    \n                    <span class=\"cretive-button-text\">\u0414\u0440\u0432\u0435\u043d\u0430\u0441\u0442\u0435 <br> \u043f\u0443\u0437\u0430\u0432\u0438\u0446\u0435 \u0438 \u0432\u043e\u045b\u0430<\/span>\n\n                                            <span class=\"eael-creative-button-icon-right\"><svg aria-hidden=\"true\" class=\"e-font-icon-svg e-fas-chevron-right\" viewbox=\"0 0 320 512\" xmlns=\"http:\/\/www.w3.org\/2000\/svg\"><path d=\"M285.476 272.971L91.132 467.314c-9.373 9.373-24.569 9.373-33.941 0l-22.667-22.667c-9.357-9.357-9.375-24.522-.04-33.901L188.505 256 34.484 101.255c-9.335-9.379-9.317-24.544.04-33.901l22.667-22.667c9.373-9.373 24.569-9.373 33.941 0L285.475 239.03c9.373 9.372 9.373 24.568.001 33.941z\"><\/path><\/svg><\/span>                                    <\/div>\n\t                        <\/a>\n        <\/div>\n        \t\t\t\t<\/div>\n\t\t\t\t<\/div>\n\t\t\t\t<div class=\"elementor-element elementor-element-04f41d5 elementor-widget elementor-widget-eael-creative-button\" data-id=\"04f41d5\" data-element_type=\"widget\" data-e-type=\"widget\" data-widget_type=\"eael-creative-button.default\">\n\t\t\t\t<div class=\"elementor-widget-container\">\n\t\t\t\t\t        <div class=\"eael-creative-button-wrapper\">\n\n            <a class=\"eael-creative-button eael-creative-button--default eael-cb-icon-position-right\" href=\"https:\/\/pogrebno.rs\/sr-cir\/herbarijum-3\/\" data-text=\"\">\n            \t    \n                <div class=\"creative-button-inner\">\n\n                    \n                    <span class=\"cretive-button-text\">\u0420\u0435\u0442\u043a\u0435 \u0431\u0438\u0459\u043a\u0435<\/span>\n\n                                            <span class=\"eael-creative-button-icon-right\"><svg aria-hidden=\"true\" class=\"e-font-icon-svg e-fas-chevron-right\" viewbox=\"0 0 320 512\" xmlns=\"http:\/\/www.w3.org\/2000\/svg\"><path d=\"M285.476 272.971L91.132 467.314c-9.373 9.373-24.569 9.373-33.941 0l-22.667-22.667c-9.357-9.357-9.375-24.522-.04-33.901L188.505 256 34.484 101.255c-9.335-9.379-9.317-24.544.04-33.901l22.667-22.667c9.373-9.373 24.569-9.373 33.941 0L285.475 239.03c9.373 9.372 9.373 24.568.001 33.941z\"><\/path><\/svg><\/span>                                    <\/div>\n\t                        <\/a>\n        <\/div>\n        \t\t\t\t<\/div>\n\t\t\t\t<\/div>\n\t\t\t\t<\/div>\n\t\t<div class=\"elementor-element elementor-element-233e07e e-con-full e-flex e-con e-child\" data-id=\"233e07e\" data-element_type=\"container\" data-e-type=\"container\" data-settings=\"{&quot;background_background&quot;:&quot;classic&quot;}\">\n\t\t\t\t<div class=\"elementor-element elementor-element-2d5c2cf elementor-widget elementor-widget-text-editor\" data-id=\"2d5c2cf\" data-element_type=\"widget\" data-e-type=\"widget\" data-widget_type=\"text-editor.default\">\n\t\t\t\t<div class=\"elementor-widget-container\">\n\t\t\t\t\t\t\t\t\t<p>\u0410\u043c\u0431\u0438\u0458\u0435\u043d\u0442, \u0438\u0437\u0433\u043b\u0435\u0434 \u043d\u0430\u0448\u0438\u0445 \u0433\u0440\u043e\u0431\u0459\u0430 \u043d\u0435 \u043c\u043e\u0436\u0435 \u0434\u0430 \u0441\u0435 \u0442\u0430\u043a\u043c\u0438\u0447\u0438 \u0441\u0430 \u043f\u043e\u0437\u043d\u0430\u0442\u0438\u043c \u0433\u0440\u043e\u0431\u0459\u0438\u043c\u0430 \u043a\u043e\u0458\u0430 \u0441\u0443 \u043d\u0430 \u043b\u0438\u0441\u0442\u0438 \u0441\u0432\u0435\u0442\u0441\u043a\u0435 \u043a\u0443\u043b\u0442\u0443\u0440\u043d\u0435 \u0431\u0430\u0448\u0442\u0438\u043d\u0435 \u0438\u043b\u0438 \u0441\u0443 \u0434\u0435\u043e \u0420\u0443\u0442\u0435 \u0435\u0432\u0440\u043e\u043f\u0441\u043a\u0438\u0445 \u0433\u0440\u043e\u0431\u0459\u0430, \u043c\u0435\u0452\u0443\u0442\u0438\u043c, \u043d\u0430\u0448\u0430 \u0441\u0443. \u041d\u0430\u0448\u0435 \u0458\u0435 \u0434\u0430 \u0438\u0445 \u0446\u0435\u043d\u0438\u043c\u043e, \u0434\u0430 \u0441\u0435 \u043f\u043e\u0442\u0440\u0443\u0434\u0438\u043c\u043e \u0434\u0430 \u0438\u0445 \u043e\u0447\u0443\u0432\u0430\u043c\u043e \u0438 \u0434\u0430 \u0438\u0445 \u0447\u0438\u043d\u0438\u043c\u043e \u0458\u043e\u0448 \u043b\u0435\u043f\u0448\u0438\u043c, \u0443 \u0431\u043e\u0442\u0430\u043d\u0438\u0447\u043a\u043e\u043c \u0441\u043c\u0438\u0441\u043b\u0443 \u0431\u043e\u0433\u0430\u0442\u0438\u0458\u0438\u043c, \u0440\u0430\u0437\u043d\u043e\u0432\u0440\u0441\u043d\u0438\u0458\u0438\u043c.<\/p><p><br \/>\u0414\u0440\u0432\u0435\u045b\u0435 \u0438 \u0448\u0438\u0431\u0459\u0435 \u043f\u043e\u0440\u0435\u0434 \u043a\u043e\u0458\u0438\u0445 \u043f\u0440\u043e\u043b\u0430\u0437\u0438\u043c\u043e \u043f\u0440\u0438 \u043f\u043e\u0441\u0435\u0442\u0438 \u0433\u0440\u043e\u0431\u0459\u0443 \u043d\u0430\u0448\u0438 \u0441\u0443 \u043f\u043e\u0437\u043d\u0430\u043d\u0438\u0446\u0438. \u0410\u043a\u043e \u0441\u0443 \u043f\u043e\u0437\u043d\u0430\u043d\u0438\u0446\u0438, \u0442\u0440\u0435\u0431\u0430\u043b\u043e \u0431\u0438 \u0434\u0430 \u043d\u0435\u0448\u0442\u043e \u0437\u043d\u0430\u043c\u043e \u043e \u045a\u0438\u043c\u0430, \u043c\u0430\u043a\u0430\u0440 \u045a\u0438\u0445\u043e\u0432\u0430 \u0438\u043c\u0435\u043d\u0430. \u0411\u0438\u0459\u043a\u0435 \u0441\u0443 \u043d\u0430\u0448\u0438 \u0441\u0430\u043f\u0443\u0442\u043d\u0438\u0446\u0438 \u0458\u0435\u0440 \u043d\u0430\u0441 \u043f\u0440\u0430\u0442\u0435 \u043e\u0434 \u0440\u043e\u0452\u0435\u045a\u0430 (\u043a\u043e\u043b\u0435\u0432\u043a\u0430) \u0441\u0432\u0435 \u0434\u043e \u0441\u043c\u0440\u0442\u0438 (\u043f\u043e\u0433\u0440\u0435\u0431\u0438 \u0441\u0430\u043d\u0434\u0443\u043a). \u041f\u043e\u0440\u0435\u0434 \u043e\u0441\u043d\u043e\u0432\u043d\u0438\u0445 \u0444\u0443\u043d\u043a\u0446\u0438\u0458\u0430, \u0438\u043c\u0430\u0458\u0443 \u0438 \u0441\u0438\u043c\u0431\u043e\u043b\u0438\u0447\u043a\u043e \u0437\u043d\u0430\u0447\u0435\u045a\u0435.<\/p><p><br \/>\u041d\u0438\u0441\u043c\u043e \u043d\u0438 \u043f\u043e\u043c\u0438\u0441\u043b\u0438\u043b\u0438 \u043d\u0430 \u0442\u043e \u0434\u0430 \u0440\u0443\u0437\u043c\u0430\u0440\u0438\u043d \u0441\u0438\u043c\u0431\u043e\u043b\u0438\u0437\u0443\u0458\u0435 \u0432\u0435\u0440\u043d\u043e\u0441\u0442, \u0431\u0440\u0430\u0447\u043d\u0443 \u0441\u0440\u0435\u045b\u0443, \u0434\u0430 \u0458\u0435 \u043b\u0438\u043f\u0430 \u0441\u0438\u043c\u0431\u043e\u043b \u0442\u0443\u0433\u0435 \u0438 \u0441\u043c\u0440\u0442\u0438, \u0434\u0430 \u0458\u0435 \u0431\u0440\u0448\u0459\u0430\u043d \u0431\u0438\u0459\u043a\u0430 \u0459\u0443\u0431\u0430\u0432\u0438 \u0434\u043e \u0441\u043c\u0440\u0442\u0438 \u0458\u0435\u0440 \u0441\u0435 \u043e\u0431\u0430\u0432\u0438\u0458\u0430 \u043e\u043a\u043e \u0434\u0440\u0432\u0435\u0442\u0430 \u043a\u043e\u0458\u0435 \u0441\u0435 \u043d\u0430 \u043a\u0440\u0430\u0458\u0443 \u043e\u0441\u0443\u0448\u0438, \u0448\u0438\u043c\u0448\u0438\u0440 \u0458\u0435 \u0441\u0438\u043c\u0431\u043e\u043b \u043e\u0442\u043f\u043e\u0440\u043d\u043e\u0441\u0442\u0438, \u0430 \u0442\u0438\u0441\u0430 \u0441\u0438\u043c\u0431\u043e\u043b \u0434\u0438\u0433\u043e\u0432\u0435\u0447\u043d\u043e\u0441\u0442\u0438, \u0443\u0458\u0435\u0434\u043d\u043e \u0438 \u043f\u0430\u0442\u045a\u0435 \u0438 \u0441\u043c\u0440\u0442\u0438.<\/p>\t\t\t\t\t\t\t\t<\/div>\n\t\t\t\t<\/div>\n\t\t\t\t<\/div>\n\t\t<div class=\"elementor-element elementor-element-101483b e-con-full e-flex e-con e-child\" data-id=\"101483b\" data-element_type=\"container\" data-e-type=\"container\">\n\t\t<div class=\"elementor-element elementor-element-c5bbbb4 e-con-full e-flex e-con e-child\" data-id=\"c5bbbb4\" data-element_type=\"container\" data-e-type=\"container\" data-settings=\"{&quot;background_background&quot;:&quot;classic&quot;}\">\n\t\t<div class=\"elementor-element elementor-element-4b172be e-con-full e-flex e-con e-child\" data-id=\"4b172be\" data-element_type=\"container\" data-e-type=\"container\">\n\t\t\t\t<div class=\"elementor-element elementor-element-43a72a0 elementor-widget elementor-widget-image\" data-id=\"43a72a0\" data-element_type=\"widget\" data-e-type=\"widget\" data-widget_type=\"image.default\">\n\t\t\t\t<div class=\"elementor-widget-container\">\n\t\t\t\t\t\t\t\t\t\t\t\t\t\t\t<img decoding=\"async\" width=\"157\" height=\"144\" src=\"https:\/\/pogrebno.rs\/wp-content\/uploads\/2025\/07\/Geza-Cekus.webp\" class=\"attachment-large size-large wp-image-1169\" alt=\"\" \/>\t\t\t\t\t\t\t\t\t\t\t\t\t\t\t<\/div>\n\t\t\t\t<\/div>\n\t\t\t\t<div class=\"elementor-element elementor-element-84ba1fc elementor-widget elementor-widget-heading\" data-id=\"84ba1fc\" data-element_type=\"widget\" data-e-type=\"widget\" data-widget_type=\"heading.default\">\n\t\t\t\t<div class=\"elementor-widget-container\">\n\t\t\t\t\t<h2 class=\"elementor-heading-title elementor-size-default\">\u0413\u0435\u0437\u0430 \u0426\u0435\u043a\u0443\u0448 <br>\n\u0431\u0438\u043e\u0433\u0440\u0430\u0444\u0438\u0458\u0430<\/h2>\t\t\t\t<\/div>\n\t\t\t\t<\/div>\n\t\t\t\t<\/div>\n\t\t\t\t<div class=\"elementor-element elementor-element-55da28e elementor-widget elementor-widget-text-editor\" data-id=\"55da28e\" data-element_type=\"widget\" data-e-type=\"widget\" data-widget_type=\"text-editor.default\">\n\t\t\t\t<div class=\"elementor-widget-container\">\n\t\t\t\t\t\t\t\t\t<p>\u0413\u0435\u0437\u0430 \u0426\u0435\u043a\u0443\u0448 \u0458\u0435 \u0440\u043e\u0434\u043e\u043c \u0438\u0437 \u041c\u0430\u043b\u043e\u0433 \u0418\u0452\u043e\u0448\u0430 (1953.\u0433.). \u041e\u0441\u043d\u043e\u0432\u043d\u0443 \u0438 \u0441\u0440\u0435\u0434\u045a\u0443 \u0448\u043a\u043e\u043b\u0443 \u0458\u0435 \u0437\u0430\u0432\u0440\u0448\u0438\u043e \u0443 \u0421\u0443\u0431\u043e\u0442\u0438\u0446\u0438, \u0430 \u041f\u0440\u0438\u0440\u043e\u0434\u043d\u043e-\u043c\u0430\u0442\u0435\u043c\u0430\u0442\u0438\u0447\u043a\u0438 \u0444\u0430\u043a\u0443\u043b\u0442\u0435\u0442, \u0441\u043c\u0435\u0440 \u0431\u0438\u043e\u043b\u043e\u0433\u0438\u0458\u0430, \u0443 \u041d\u043e\u0432\u043e\u043c \u0421\u0430\u0434\u0443. \u0414\u043e\u043a\u0442\u043e\u0440\u0438\u0440\u0430\u043e \u0458\u0435 \u0443 \u0421\u0435\u0433\u0435\u0434\u0438\u043d\u0443 (1985.\u0433.) \u0438 \u0443 \u041d\u043e\u0432\u043e\u043c \u0421\u0430\u0434\u0443 (1991.\u0433.).<\/p><p>\u0426\u0435\u043e \u0440\u0430\u0434\u043d\u0438 \u0441\u0442\u0430\u0436 \u0458\u0435 \u043f\u0440\u043e\u0432\u0435\u043e \u0443 \u043f\u0440\u043e\u0441\u0432\u0435\u0442\u0438. \u041f\u0435\u043d\u0437\u0438\u043e\u043d\u0438\u0441\u0430\u043d \u0458\u0435 \u043a\u0430\u043e \u0440\u0435\u0434\u043e\u0432\u043d\u0438 \u043f\u0440\u043e\u0444\u0435\u0441\u043e\u0440 \u0423\u043d\u0438\u0432\u0435\u0440\u0437\u0438\u0442\u0435\u0442\u0430 2018. \u0433\u043e\u0434\u0438\u043d\u0435.<\/p><p>\u041d\u0430\u0458\u0437\u043d\u0430\u0447\u0430\u0458\u043d\u0438\u0458\u0430 \u043d\u0430\u0433\u0440\u0430\u0434\u0430 \u043a\u043e\u0458\u043e\u043c \u0458\u0435 \u043d\u0430\u0433\u0440\u0430\u0452\u0435\u043d, \u0458\u0435 Pro Ecclesia et Pontifice (\u0437\u0430 \u0426\u0440\u043a\u0432\u0443 \u0438 \u0437\u0430 \u041f\u0430\u043f\u0443), \u043d\u0430\u0458\u0432\u0438\u0448\u0435 \u043f\u0440\u0438\u0437\u043d\u0430\u045a\u0435 \u0412\u0430\u0442\u0438\u043a\u0430\u043d\u0430 \u043a\u043e\u0458\u0435 \u0441\u0435 \u0434\u043e\u0434\u0435\u0459\u0443\u0458\u0435 \u0446\u0438\u0432\u0438\u043b\u0438\u043c\u0430.<\/p><p>\u041f\u043e\u0440\u0435\u0434 \u043f\u0435\u0434\u0430\u0433\u043e\u0448\u043a\u043e\u0433 \u0440\u0430\u0434\u0430, \u0431\u0430\u0432\u0438\u043e \u0441\u0435 \u0431\u043e\u0442\u0430\u043d\u0438\u043a\u043e\u043c (\u043f\u0443\u0431\u043b\u0438\u043a\u043e\u0432\u0430\u043e \u0458\u0435 \u0434\u0432\u0435 \u043d\u043e\u0432\u0435 \u0432\u0440\u0441\u0442\u0435 \u0431\u0438\u0459\u0430\u043a\u0430 \u0437\u0430 \u0408\u0443\u0433\u043e\u0441\u043b\u0430\u0432\u0438\u0458\u0443, \u043e\u0434\u043d\u043e\u0441\u043d\u043e \u0437\u0430 \u0421\u0440\u0431\u0438\u0458\u0443) \u0438 \u0430\u043d\u0442\u0440\u043e\u043f\u043e\u043b\u043e\u0433\u0438\u0458\u043e\u043c.<\/p><p>\u041f\u043e\u0440\u0435\u0434 \u043e\u0431\u0458\u0430\u0432\u045a\u0435\u043d\u0438\u0445 \u0441\u0442\u0440\u0443\u0447\u043d\u043e-\u043d\u0430\u0443\u0447\u043d\u0438\u0445 \u0440\u0430\u0434\u043e\u0432\u0430, \u043f\u0443\u0431\u043b\u0438\u043a\u043e\u0432\u0430\u043e \u0458\u0435 \u0438 \u0432\u0435\u045b\u0438 \u0431\u0440\u043e\u0458 \u043a\u045a\u0438\u0433\u0430, \u043c\u0435\u0452\u0443 \u043a\u043e\u0458\u0438\u043c\u0430 \u0458\u0435 \u043f\u0435\u0442 \u043c\u043e\u043d\u043e\u0433\u0440\u0430\u0444\u0438\u0458\u0430, \u043e\u0434 \u043a\u043e\u0458\u0438\u0445 \u0434\u0432\u0435 \u0441\u0443 \u043f\u0438\u0441\u0430\u043d\u0435 \u043d\u0430 \u0442\u0435\u043c\u0443 \u0433\u0440\u043e\u0431\u0459\u0430.<\/p><p>\u0423 \u0436\u0438\u0436\u0438 \u0438\u043d\u0442\u0435\u0440\u0435\u0441\u043e\u0432\u0430\u045a\u0430 \u043c\u0443 \u0458\u0435 \u0433\u0440\u043e\u0431\u0459\u0435 - \u043d\u0430\u0434\u0433\u043e\u0431\u043d\u0438 \u0441\u043f\u043e\u043c\u0435\u043d\u0438\u0446\u0438 \u0438 \u0434\u0440\u0432\u0435\u043d\u0430\u0441\u0442\u0435 \u0431\u0438\u0459\u043a\u0435 \u0433\u0440\u043e\u0431\u0459\u0430. \u0411\u0438\u043e \u0458\u0435 \u0430\u0443\u0442\u043e\u0440 \u0434\u0432\u0435 \u0438\u0437\u043b\u043e\u0436\u0431\u0435.<\/p>\t\t\t\t\t\t\t\t<\/div>\n\t\t\t\t<\/div>\n\t\t\t\t<\/div>\n\t\t\t\t<\/div>\n\t\t\t\t<\/div>\n\t\t\t\t<\/div>\n\t\t\t\t<\/div>","protected":false},"excerpt":{"rendered":"<p>herbarijum Dragi sugra\u0111ani, izlo\u017eena je nova, poslednja serija Herbarijuma profesora u penziji dr Geze Ceku\u0161a, po\u010dev od dana 29. septembra 2023. godine: pogledajte DRVENASTE PUZAVICE I VO\u0106A. Korovi i \u010detinari Drvenaste puzavice i vo\u0107e Retke biljke Ambijent, izgled na\u0161ih grobalja ne mo\u017ee da se takmi\u010di sa poznatim grobljima koja su na listi svetske kulturne ba\u0161tine [&hellip;]<\/p>\n","protected":false},"author":1,"featured_media":0,"parent":0,"menu_order":0,"comment_status":"closed","ping_status":"closed","template":"elementor_header_footer","meta":{"_acf_changed":false,"_eb_attr":"","footnotes":""},"kategorija_dokumenata":[],"class_list":["post-690","page","type-page","status-publish","hentry"],"acf":[],"_links":{"self":[{"href":"https:\/\/pogrebno.rs\/sr-cir\/wp-json\/wp\/v2\/pages\/690","targetHints":{"allow":["GET"]}}],"collection":[{"href":"https:\/\/pogrebno.rs\/sr-cir\/wp-json\/wp\/v2\/pages"}],"about":[{"href":"https:\/\/pogrebno.rs\/sr-cir\/wp-json\/wp\/v2\/types\/page"}],"author":[{"embeddable":true,"href":"https:\/\/pogrebno.rs\/sr-cir\/wp-json\/wp\/v2\/users\/1"}],"replies":[{"embeddable":true,"href":"https:\/\/pogrebno.rs\/sr-cir\/wp-json\/wp\/v2\/comments?post=690"}],"version-history":[{"count":46,"href":"https:\/\/pogrebno.rs\/sr-cir\/wp-json\/wp\/v2\/pages\/690\/revisions"}],"predecessor-version":[{"id":1945,"href":"https:\/\/pogrebno.rs\/sr-cir\/wp-json\/wp\/v2\/pages\/690\/revisions\/1945"}],"wp:attachment":[{"href":"https:\/\/pogrebno.rs\/sr-cir\/wp-json\/wp\/v2\/media?parent=690"}],"wp:term":[{"taxonomy":"kategorija_dokumenata","embeddable":true,"href":"https:\/\/pogrebno.rs\/sr-cir\/wp-json\/wp\/v2\/kategorija_dokumenata?post=690"}],"curies":[{"name":"wp","href":"https:\/\/api.w.org\/{rel}","templated":true}]}}